{"id":20289,"date":"2025-02-19T03:21:48","date_gmt":"2025-02-19T02:21:48","guid":{"rendered":"https:\/\/www.bsfinternationalgroup.com\/blog\/"},"modified":"2025-08-20T14:55:35","modified_gmt":"2025-08-20T12:55:35","slug":"blog","status":"publish","type":"page","link":"https:\/\/www.bsfinternationalgroup.com\/de\/blog\/","title":{"rendered":"Blog"},"content":{"rendered":"\t\t<div data-elementor-type=\"wp-page\" data-elementor-id=\"20289\" class=\"elementor elementor-20289 elementor-17983\" data-elementor-post-type=\"page\">\n\t\t\t\t\t\t<section class=\"elementor-section elementor-top-section elementor-element elementor-element-81a526a elementor-section-full_width scheme_dark elementor-section-height-min-height elementor-section-height-default elementor-section-items-middle sc_fly_static\" data-id=\"81a526a\" data-element_type=\"section\" data-settings=\"{&quot;background_background&quot;:&quot;classic&quot;}\">\n\t\t\t\t\t\t\t<div class=\"elementor-background-overlay\"><\/div>\n\t\t\t\t\t\t\t<div class=\"elementor-container elementor-column-gap-extended\">\n\t\t\t\t\t<div class=\"elementor-column elementor-col-100 elementor-top-column elementor-element elementor-element-ba5c675 sc_content_align_inherit sc_layouts_column_icons_position_left sc_fly_static\" data-id=\"ba5c675\" data-element_type=\"column\">\n\t\t\t<div class=\"elementor-widget-wrap elementor-element-populated\">\n\t\t\t\t\t\t<div class=\"elementor-element elementor-element-7efe488 sc_fly_static elementor-widget elementor-widget-spacer\" data-id=\"7efe488\" data-element_type=\"widget\" data-widget_type=\"spacer.default\">\n\t\t\t\t<div class=\"elementor-widget-container\">\n\t\t\t\t\t\t\t<div class=\"elementor-spacer\">\n\t\t\t<div class=\"elementor-spacer-inner\"><\/div>\n\t\t<\/div>\n\t\t\t\t\t\t<\/div>\n\t\t\t\t<\/div>\n\t\t\t\t<section class=\"elementor-section elementor-inner-section elementor-element elementor-element-e87e985 elementor-section-boxed elementor-section-height-default elementor-section-height-default sc_fly_static\" data-id=\"e87e985\" data-element_type=\"section\">\n\t\t\t\t\t\t<div class=\"elementor-container elementor-column-gap-extended\">\n\t\t\t\t\t<div class=\"elementor-column elementor-col-16 elementor-inner-column elementor-element elementor-element-4b43a3b sc_content_align_inherit sc_layouts_column_icons_position_left sc_fly_static\" data-id=\"4b43a3b\" data-element_type=\"column\">\n\t\t\t<div class=\"elementor-widget-wrap\">\n\t\t\t\t\t\t\t<\/div>\n\t\t<\/div>\n\t\t\t\t<div class=\"elementor-column elementor-col-66 elementor-inner-column elementor-element elementor-element-8c33a85 sc_content_align_inherit sc_layouts_column_icons_position_left sc_fly_static\" data-id=\"8c33a85\" data-element_type=\"column\">\n\t\t\t<div class=\"elementor-widget-wrap elementor-element-populated\">\n\t\t\t\t\t\t<div class=\"elementor-element elementor-element-b8b638f sc_fly_static elementor-widget elementor-widget-trx_sc_title\" data-id=\"b8b638f\" data-element_type=\"widget\" data-widget_type=\"trx_sc_title.default\">\n\t\t\t\t<div class=\"elementor-widget-container\">\n\t\t\t\t\t<div\t\tclass=\"sc_title color_style_dark sc_title_default\" ><span class=\"sc_item_subtitle sc_title_subtitle sc_align_center sc_item_subtitle_above sc_item_title_style_default\">Blog & Artikel #BSF<\/span><h1 class=\"sc_item_title sc_title_title sc_align_center sc_item_title_style_default sc_item_title_tag\"\n\t\t\t><span class=\"sc_item_title_text\">Unsere neuesten Beitr\u00e4ge\n<\/span><\/h1><\/div>\t\t\t\t<\/div>\n\t\t\t\t<\/div>\n\t\t\t\t\t<\/div>\n\t\t<\/div>\n\t\t\t\t<div class=\"elementor-column elementor-col-16 elementor-inner-column elementor-element elementor-element-2a4c2c3 sc_content_align_inherit sc_layouts_column_icons_position_left sc_fly_static\" data-id=\"2a4c2c3\" data-element_type=\"column\">\n\t\t\t<div class=\"elementor-widget-wrap\">\n\t\t\t\t\t\t\t<\/div>\n\t\t<\/div>\n\t\t\t\t\t<\/div>\n\t\t<\/section>\n\t\t\t\t<div class=\"elementor-element elementor-element-0757432 sc_fly_static elementor-widget elementor-widget-spacer\" data-id=\"0757432\" data-element_type=\"widget\" data-widget_type=\"spacer.default\">\n\t\t\t\t<div class=\"elementor-widget-container\">\n\t\t\t\t\t\t\t<div class=\"elementor-spacer\">\n\t\t\t<div class=\"elementor-spacer-inner\"><\/div>\n\t\t<\/div>\n\t\t\t\t\t\t<\/div>\n\t\t\t\t<\/div>\n\t\t\t\t\t<\/div>\n\t\t<\/div>\n\t\t\t\t\t<\/div>\n\t\t<\/section>\n\t\t\t\t<section class=\"elementor-section elementor-top-section elementor-element elementor-element-82ab429 elementor-section-boxed elementor-section-height-default elementor-section-height-default sc_fly_static\" data-id=\"82ab429\" data-element_type=\"section\">\n\t\t\t\t\t\t<div class=\"elementor-container elementor-column-gap-extended\">\n\t\t\t\t\t<div class=\"elementor-column elementor-col-100 elementor-top-column elementor-element elementor-element-40ef910 sc_content_align_inherit sc_layouts_column_icons_position_left sc_fly_static\" data-id=\"40ef910\" data-element_type=\"column\">\n\t\t\t<div class=\"elementor-widget-wrap elementor-element-populated\">\n\t\t\t\t\t\t<div class=\"elementor-element elementor-element-8e90fe9 sc_fly_static elementor-widget elementor-widget-trx_sc_anchor\" data-id=\"8e90fe9\" data-element_type=\"widget\" data-widget_type=\"trx_sc_anchor.default\">\n\t\t\t\t<div class=\"elementor-widget-container\">\n\t\t\t\t\t<a id=\"sc_anchor_anchor\"\ttitle=\"\"  class=\"sc_anchor sc_anchor_default\" data-vc-icon=\"\" data-url=\"\" ><\/a>\t\t\t\t<\/div>\n\t\t\t\t<\/div>\n\t\t\t\t<div class=\"elementor-element elementor-element-6439375 sc_height_huge sc_fly_static elementor-widget elementor-widget-spacer\" data-id=\"6439375\" data-element_type=\"widget\" data-widget_type=\"spacer.default\">\n\t\t\t\t<div class=\"elementor-widget-container\">\n\t\t\t\t\t\t\t<div class=\"elementor-spacer\">\n\t\t\t<div class=\"elementor-spacer-inner\"><\/div>\n\t\t<\/div>\n\t\t\t\t\t\t<\/div>\n\t\t\t\t<\/div>\n\t\t\t\t\t<\/div>\n\t\t<\/div>\n\t\t\t\t\t<\/div>\n\t\t<\/section>\n\t\t\t\t<section class=\"elementor-section elementor-top-section elementor-element elementor-element-7d50fe9 elementor-section-boxed elementor-section-height-default elementor-section-height-default sc_fly_static\" data-id=\"7d50fe9\" data-element_type=\"section\">\n\t\t\t\t\t\t<div class=\"elementor-container elementor-column-gap-extended\">\n\t\t\t\t\t<div class=\"elementor-column elementor-col-100 elementor-top-column elementor-element elementor-element-2865483 sc_content_align_inherit sc_layouts_column_icons_position_left sc_fly_static\" data-id=\"2865483\" data-element_type=\"column\">\n\t\t\t<div class=\"elementor-widget-wrap elementor-element-populated\">\n\t\t\t\t\t\t<div class=\"elementor-element elementor-element-1f1d63d sc_style_default sc_fly_static elementor-widget elementor-widget-trx_sc_blogger\" data-id=\"1f1d63d\" data-element_type=\"widget\" data-widget_type=\"trx_sc_blogger.default\">\n\t\t\t\t<div class=\"elementor-widget-container\">\n\t\t\t\t\t<div \t\tclass=\"sc_blogger sc_blogger_default sc_blogger_default_classic sc_item_filters_tabs_none alignnone\" ><div class=\"sc_blogger_columns_wrap sc_item_columns sc_item_posts_container trx_addons_columns_wrap columns_padding_bottom\" ><div class=\"trx_addons_column-1_3\"><div data-post-id=\"20592\" data-item-number=\"1\" class=\"sc_blogger_item sc_item_container post_container sc_blogger_item_default sc_blogger_item_default_classic sc_blogger_item_odd sc_blogger_item_align_none post_format_standard sc_blogger_item_with_image sc_blogger_item_no_excerpt sc_blogger_item_on_plate sc_blogger_item_image_position_top post-20592 post type-post status-publish format-standard has-post-thumbnail hentry category-internationale-distribution\" ><div class=\"sc_blogger_item_body\"><div class=\"post_featured with_thumb hover_link sc_item_featured sc_blogger_item_featured\"><img fetchpriority=\"high\" decoding=\"async\" width=\"890\" height=\"664\" src=\"https:\/\/www.bsfinternationalgroup.com\/wp-content\/uploads\/2025\/02\/2.-Reussir-son-expansion-sur-les-marches-internationaux-890x664.png\" class=\"attachment-qwery-thumb-square size-qwery-thumb-square wp-post-image\" alt=\"\" \/>\t\t\t\t\t\t<div class=\"mask\"><\/div>\r\n\t\t\t\t\t\t\t\t\t<a href=\"https:\/\/www.bsfinternationalgroup.com\/de\/markenentwicklung-internationale-maerkte\/\"  aria-hidden=\"true\" class=\"link\"><\/a>\r\n\t\t\t<\/div><div class=\"sc_blogger_item_content entry-content\"><div class=\"post_meta sc_blogger_item_meta post_meta_categories\"><span class=\"post_meta_item post_categories cat_sep\"><a href=\"https:\/\/www.bsfinternationalgroup.com\/de\/category\/internationale-distribution\/\" rel=\"category tag\">Internationale Distribution<\/a><\/span><\/div><h5 class=\"sc_blogger_item_title entry-title\" data-item-number=\"1\"><a href=\"https:\/\/www.bsfinternationalgroup.com\/de\/markenentwicklung-internationale-maerkte\/\" rel=\"bookmark\">Ihre Marke auf internationalen M\u00e4rkten entwickeln<\/a><\/h5><div class=\"post_meta sc_blogger_item_meta post_meta\"><span class=\"post_meta_item post_date\"><a href=\"https:\/\/www.bsfinternationalgroup.com\/de\/markenentwicklung-internationale-maerkte\/\">15\/04\/2025<\/a><\/span><\/div><div class=\"sc_blogger_item_button sc_item_button\"><a href=\"https:\/\/www.bsfinternationalgroup.com\/de\/markenentwicklung-internationale-maerkte\/\" class=\"item_more_link\"><span class=\"link_text\">Lire l&#039;article<\/span><span class=\"link_icon\"><\/span><\/a><\/div><\/div><!-- .entry-content --><\/div><!-- .sc_blogger_item_body --><\/div><!-- .sc_blogger_item --><\/div><div class=\"trx_addons_column-1_3\"><div data-post-id=\"20590\" data-item-number=\"2\" class=\"sc_blogger_item sc_item_container post_container sc_blogger_item_default sc_blogger_item_default_classic sc_blogger_item_even sc_blogger_item_align_none post_format_standard sc_blogger_item_with_image sc_blogger_item_no_excerpt sc_blogger_item_on_plate sc_blogger_item_image_position_top post-20590 post type-post status-publish format-standard has-post-thumbnail hentry category-ratschlaege-und-anleitungen\" ><div class=\"sc_blogger_item_body\"><div class=\"post_featured with_thumb hover_link sc_item_featured sc_blogger_item_featured\"><img decoding=\"async\" width=\"890\" height=\"664\" src=\"https:\/\/www.bsfinternationalgroup.com\/wp-content\/uploads\/2025\/02\/5.-Comment-maximiser-la-rentabilite-du-destockage-890x664.png\" class=\"attachment-qwery-thumb-square size-qwery-thumb-square wp-post-image\" alt=\"\" \/>\t\t\t\t\t\t<div class=\"mask\"><\/div>\r\n\t\t\t\t\t\t\t\t\t<a href=\"https:\/\/www.bsfinternationalgroup.com\/de\/restposten-optimierung-2025\/\"  aria-hidden=\"true\" class=\"link\"><\/a>\r\n\t\t\t<\/div><div class=\"sc_blogger_item_content entry-content\"><div class=\"post_meta sc_blogger_item_meta post_meta_categories\"><span class=\"post_meta_item post_categories cat_sep\"><a href=\"https:\/\/www.bsfinternationalgroup.com\/de\/category\/ratschlaege-und-anleitungen\/\" rel=\"category tag\">Ratschl\u00e4ge und Anleitungen<\/a><\/span><\/div><h5 class=\"sc_blogger_item_title entry-title\" data-item-number=\"2\"><a href=\"https:\/\/www.bsfinternationalgroup.com\/de\/restposten-optimierung-2025\/\" rel=\"bookmark\">Wie Sie Ihre Restposten 2025 effizient optimieren<\/a><\/h5><div class=\"post_meta sc_blogger_item_meta post_meta\"><span class=\"post_meta_item post_date\"><a href=\"https:\/\/www.bsfinternationalgroup.com\/de\/restposten-optimierung-2025\/\">30\/03\/2025<\/a><\/span><\/div><div class=\"sc_blogger_item_button sc_item_button\"><a href=\"https:\/\/www.bsfinternationalgroup.com\/de\/restposten-optimierung-2025\/\" class=\"item_more_link\"><span class=\"link_text\">Lire l&#039;article<\/span><span class=\"link_icon\"><\/span><\/a><\/div><\/div><!-- .entry-content --><\/div><!-- .sc_blogger_item_body --><\/div><!-- .sc_blogger_item --><\/div><div class=\"trx_addons_column-1_3\"><div data-post-id=\"20588\" data-item-number=\"3\" class=\"sc_blogger_item sc_item_container post_container sc_blogger_item_default sc_blogger_item_default_classic sc_blogger_item_odd sc_blogger_item_align_none post_format_standard sc_blogger_item_with_image sc_blogger_item_no_excerpt sc_blogger_item_on_plate sc_blogger_item_image_position_top post-20588 post type-post status-publish format-standard has-post-thumbnail hentry category-nachhaltige-entwicklung\" ><div class=\"sc_blogger_item_body\"><div class=\"post_featured with_thumb hover_link sc_item_featured sc_blogger_item_featured\"><img decoding=\"async\" width=\"890\" height=\"664\" src=\"https:\/\/www.bsfinternationalgroup.com\/wp-content\/uploads\/2025\/02\/4.-Les-defis-du-transport-et-de-lentreposage-international-890x664.png\" class=\"attachment-qwery-thumb-square size-qwery-thumb-square wp-post-image\" alt=\"\" \/>\t\t\t\t\t\t<div class=\"mask\"><\/div>\r\n\t\t\t\t\t\t\t\t\t<a href=\"https:\/\/www.bsfinternationalgroup.com\/de\/kreislaufwirtschaft-jetzt-umstieg\/\"  aria-hidden=\"true\" class=\"link\"><\/a>\r\n\t\t\t<\/div><div class=\"sc_blogger_item_content entry-content\"><div class=\"post_meta sc_blogger_item_meta post_meta_categories\"><span class=\"post_meta_item post_categories cat_sep\"><a href=\"https:\/\/www.bsfinternationalgroup.com\/de\/category\/nachhaltige-entwicklung\/\" rel=\"category tag\">Nachhaltige Entwicklung<\/a><\/span><\/div><h5 class=\"sc_blogger_item_title entry-title\" data-item-number=\"3\"><a href=\"https:\/\/www.bsfinternationalgroup.com\/de\/kreislaufwirtschaft-jetzt-umstieg\/\" rel=\"bookmark\">Warum jetzt auf die Kreislaufwirtschaft umsteigen?<\/a><\/h5><div class=\"post_meta sc_blogger_item_meta post_meta\"><span class=\"post_meta_item post_date\"><a href=\"https:\/\/www.bsfinternationalgroup.com\/de\/kreislaufwirtschaft-jetzt-umstieg\/\">05\/03\/2025<\/a><\/span><\/div><div class=\"sc_blogger_item_button sc_item_button\"><a href=\"https:\/\/www.bsfinternationalgroup.com\/de\/kreislaufwirtschaft-jetzt-umstieg\/\" class=\"item_more_link\"><span class=\"link_text\">Lire l&#039;article<\/span><span class=\"link_icon\"><\/span><\/a><\/div><\/div><!-- .entry-content --><\/div><!-- .sc_blogger_item_body --><\/div><!-- .sc_blogger_item --><\/div><div class=\"trx_addons_column-1_3\"><div data-post-id=\"20586\" data-item-number=\"4\" class=\"sc_blogger_item sc_item_container post_container sc_blogger_item_default sc_blogger_item_default_classic sc_blogger_item_even sc_blogger_item_align_none post_format_standard sc_blogger_item_with_image sc_blogger_item_no_excerpt sc_blogger_item_on_plate sc_blogger_item_image_position_top post-20586 post type-post status-publish format-standard has-post-thumbnail hentry category-verantwortlicher-abverkauf\" ><div class=\"sc_blogger_item_body\"><div class=\"post_featured with_thumb hover_link sc_item_featured sc_blogger_item_featured\"><img loading=\"lazy\" decoding=\"async\" width=\"890\" height=\"664\" src=\"https:\/\/www.bsfinternationalgroup.com\/wp-content\/uploads\/2025\/02\/1.-Destockage-responsable-_-5-avantages-cles-890x664.png\" class=\"attachment-qwery-thumb-square size-qwery-thumb-square wp-post-image\" alt=\"\" \/>\t\t\t\t\t\t<div class=\"mask\"><\/div>\r\n\t\t\t\t\t\t\t\t\t<a href=\"https:\/\/www.bsfinternationalgroup.com\/de\/verantwortlicher-abverkauf-vorteile\/\"  aria-hidden=\"true\" class=\"link\"><\/a>\r\n\t\t\t<\/div><div class=\"sc_blogger_item_content entry-content\"><div class=\"post_meta sc_blogger_item_meta post_meta_categories\"><span class=\"post_meta_item post_categories cat_sep\"><a href=\"https:\/\/www.bsfinternationalgroup.com\/de\/category\/verantwortlicher-abverkauf\/\" rel=\"category tag\">Verantwortlicher Abverkauf<\/a><\/span><\/div><h5 class=\"sc_blogger_item_title entry-title\" data-item-number=\"4\"><a href=\"https:\/\/www.bsfinternationalgroup.com\/de\/verantwortlicher-abverkauf-vorteile\/\" rel=\"bookmark\">Verantwortlicher Abverkauf: 5 Vorteile, die Sie kennen sollten<\/a><\/h5><div class=\"post_meta sc_blogger_item_meta post_meta\"><span class=\"post_meta_item post_date\"><a href=\"https:\/\/www.bsfinternationalgroup.com\/de\/verantwortlicher-abverkauf-vorteile\/\">17\/02\/2025<\/a><\/span><\/div><div class=\"sc_blogger_item_button sc_item_button\"><a href=\"https:\/\/www.bsfinternationalgroup.com\/de\/verantwortlicher-abverkauf-vorteile\/\" class=\"item_more_link\"><span class=\"link_text\">Lire l&#039;article<\/span><span class=\"link_icon\"><\/span><\/a><\/div><\/div><!-- .entry-content --><\/div><!-- .sc_blogger_item_body --><\/div><!-- .sc_blogger_item --><\/div><div class=\"trx_addons_column-1_3\"><div data-post-id=\"20584\" data-item-number=\"5\" class=\"sc_blogger_item sc_item_container post_container sc_blogger_item_default sc_blogger_item_default_classic sc_blogger_item_odd sc_blogger_item_align_none post_format_standard sc_blogger_item_with_image sc_blogger_item_no_excerpt sc_blogger_item_on_plate sc_blogger_item_image_position_top post-20584 post type-post status-publish format-standard has-post-thumbnail hentry category-massgeschneidertes-sourcing\" ><div class=\"sc_blogger_item_body\"><div class=\"post_featured with_thumb hover_link sc_item_featured sc_blogger_item_featured\"><img loading=\"lazy\" decoding=\"async\" width=\"890\" height=\"664\" src=\"https:\/\/www.bsfinternationalgroup.com\/wp-content\/uploads\/2025\/02\/3.-5-etapes-pour-un-sourcing-sur-mesure-reussi-890x664.png\" class=\"attachment-qwery-thumb-square size-qwery-thumb-square wp-post-image\" alt=\"\" \/>\t\t\t\t\t\t<div class=\"mask\"><\/div>\r\n\t\t\t\t\t\t\t\t\t<a href=\"https:\/\/www.bsfinternationalgroup.com\/de\/etappen-massgeschneidertes-sourcing-erfolg\/\"  aria-hidden=\"true\" class=\"link\"><\/a>\r\n\t\t\t<\/div><div class=\"sc_blogger_item_content entry-content\"><div class=\"post_meta sc_blogger_item_meta post_meta_categories\"><span class=\"post_meta_item post_categories cat_sep\"><a href=\"https:\/\/www.bsfinternationalgroup.com\/de\/category\/massgeschneidertes-sourcing\/\" rel=\"category tag\">Ma\u00dfgeschneidertes Sourcing<\/a><\/span><\/div><h5 class=\"sc_blogger_item_title entry-title\" data-item-number=\"5\"><a href=\"https:\/\/www.bsfinternationalgroup.com\/de\/etappen-massgeschneidertes-sourcing-erfolg\/\" rel=\"bookmark\">Ma\u00dfgeschneidertes Sourcing: 5 entscheidende Schritte zum Erfolg<\/a><\/h5><div class=\"post_meta sc_blogger_item_meta post_meta\"><span class=\"post_meta_item post_date\"><a href=\"https:\/\/www.bsfinternationalgroup.com\/de\/etappen-massgeschneidertes-sourcing-erfolg\/\">08\/01\/2025<\/a><\/span><\/div><div class=\"sc_blogger_item_button sc_item_button\"><a href=\"https:\/\/www.bsfinternationalgroup.com\/de\/etappen-massgeschneidertes-sourcing-erfolg\/\" class=\"item_more_link\"><span class=\"link_text\">Lire l&#039;article<\/span><span class=\"link_icon\"><\/span><\/a><\/div><\/div><!-- .entry-content --><\/div><!-- .sc_blogger_item_body --><\/div><!-- .sc_blogger_item --><\/div><\/div><\/div>\t\t\t\t<\/div>\n\t\t\t\t<\/div>\n\t\t\t\t\t<\/div>\n\t\t<\/div>\n\t\t\t\t\t<\/div>\n\t\t<\/section>\n\t\t\t\t<section class=\"elementor-section elementor-top-section elementor-element elementor-element-55a4b82 elementor-section-boxed elementor-section-height-default elementor-section-height-default sc_fly_static\" data-id=\"55a4b82\" data-element_type=\"section\">\n\t\t\t\t\t\t<div class=\"elementor-container elementor-column-gap-extended\">\n\t\t\t\t\t<div class=\"elementor-column elementor-col-100 elementor-top-column elementor-element elementor-element-b5c25ca sc_content_align_inherit sc_layouts_column_icons_position_left sc_fly_static\" data-id=\"b5c25ca\" data-element_type=\"column\">\n\t\t\t<div class=\"elementor-widget-wrap elementor-element-populated\">\n\t\t\t\t\t\t<div class=\"elementor-element elementor-element-33afe1a sc_fly_static elementor-widget elementor-widget-trx_sc_anchor\" data-id=\"33afe1a\" data-element_type=\"widget\" data-widget_type=\"trx_sc_anchor.default\">\n\t\t\t\t<div class=\"elementor-widget-container\">\n\t\t\t\t\t<a id=\"sc_anchor_anchor\"\ttitle=\"\"  class=\"sc_anchor sc_anchor_default\" data-vc-icon=\"\" data-url=\"\" ><\/a>\t\t\t\t<\/div>\n\t\t\t\t<\/div>\n\t\t\t\t<div class=\"elementor-element elementor-element-6d2e83d sc_height_huge sc_fly_static elementor-widget elementor-widget-spacer\" data-id=\"6d2e83d\" data-element_type=\"widget\" data-widget_type=\"spacer.default\">\n\t\t\t\t<div class=\"elementor-widget-container\">\n\t\t\t\t\t\t\t<div class=\"elementor-spacer\">\n\t\t\t<div class=\"elementor-spacer-inner\"><\/div>\n\t\t<\/div>\n\t\t\t\t\t\t<\/div>\n\t\t\t\t<\/div>\n\t\t\t\t\t<\/div>\n\t\t<\/div>\n\t\t\t\t\t<\/div>\n\t\t<\/section>\n\t\t\t\t<\/div>\n\t\t","protected":false},"excerpt":{"rendered":"<p>Blog &#038; Artikel #BSF Unsere neuesten Beitr\u00e4ge Distribution internationale D\u00e9velopper votre marque sur les march\u00e9s internationaux 15\/04\/2025Lire l&#039;article Conseils et guides Comment optimiser vos invendus efficacement en 2025 ? 30\/03\/2025Lire&hellip;<\/p>\n","protected":false},"author":12,"featured_media":19889,"parent":0,"menu_order":0,"comment_status":"closed","ping_status":"closed","template":"","meta":{"footnotes":""},"class_list":["post-20289","page","type-page","status-publish","has-post-thumbnail","hentry"],"_links":{"self":[{"href":"https:\/\/www.bsfinternationalgroup.com\/de\/wp-json\/wp\/v2\/pages\/20289","targetHints":{"allow":["GET"]}}],"collection":[{"href":"https:\/\/www.bsfinternationalgroup.com\/de\/wp-json\/wp\/v2\/pages"}],"about":[{"href":"https:\/\/www.bsfinternationalgroup.com\/de\/wp-json\/wp\/v2\/types\/page"}],"author":[{"embeddable":true,"href":"https:\/\/www.bsfinternationalgroup.com\/de\/wp-json\/wp\/v2\/users\/12"}],"replies":[{"embeddable":true,"href":"https:\/\/www.bsfinternationalgroup.com\/de\/wp-json\/wp\/v2\/comments?post=20289"}],"version-history":[{"count":6,"href":"https:\/\/www.bsfinternationalgroup.com\/de\/wp-json\/wp\/v2\/pages\/20289\/revisions"}],"predecessor-version":[{"id":21484,"href":"https:\/\/www.bsfinternationalgroup.com\/de\/wp-json\/wp\/v2\/pages\/20289\/revisions\/21484"}],"wp:featuredmedia":[{"embeddable":true,"href":"https:\/\/www.bsfinternationalgroup.com\/de\/wp-json\/wp\/v2\/media\/19889"}],"wp:attachment":[{"href":"https:\/\/www.bsfinternationalgroup.com\/de\/wp-json\/wp\/v2\/media?parent=20289"}],"curies":[{"name":"wp","href":"https:\/\/api.w.org\/{rel}","templated":true}]}}