{"id":20291,"date":"2025-02-13T12:05:45","date_gmt":"2025-02-13T11:05:45","guid":{"rendered":"https:\/\/www.bsfinternationalgroup.com\/mentions-legales\/"},"modified":"2025-07-25T10:58:02","modified_gmt":"2025-07-25T08:58:02","slug":"rechtliche-hinweise","status":"publish","type":"page","link":"https:\/\/www.bsfinternationalgroup.com\/de\/rechtliche-hinweise\/","title":{"rendered":"Rechtliche Hinweise"},"content":{"rendered":"\t\t<div data-elementor-type=\"wp-page\" data-elementor-id=\"20291\" class=\"elementor elementor-20291 elementor-17993\" data-elementor-post-type=\"page\">\n\t\t\t\t\t\t<section class=\"elementor-section elementor-top-section elementor-element elementor-element-3c93161 elementor-section-full_width scheme_dark elementor-section-height-min-height elementor-section-height-default elementor-section-items-middle sc_fly_static\" data-id=\"3c93161\" data-element_type=\"section\" data-settings=\"{&quot;background_background&quot;:&quot;classic&quot;}\">\n\t\t\t\t\t\t\t<div class=\"elementor-background-overlay\"><\/div>\n\t\t\t\t\t\t\t<div class=\"elementor-container elementor-column-gap-extended\">\n\t\t\t\t\t<div class=\"elementor-column elementor-col-100 elementor-top-column elementor-element elementor-element-47b003c sc_content_align_inherit sc_layouts_column_icons_position_left sc_fly_static\" data-id=\"47b003c\" data-element_type=\"column\">\n\t\t\t<div class=\"elementor-widget-wrap elementor-element-populated\">\n\t\t\t\t\t\t<div class=\"elementor-element elementor-element-c2bd169 sc_fly_static elementor-widget elementor-widget-spacer\" data-id=\"c2bd169\" data-element_type=\"widget\" data-widget_type=\"spacer.default\">\n\t\t\t\t<div class=\"elementor-widget-container\">\n\t\t\t\t\t\t\t<div class=\"elementor-spacer\">\n\t\t\t<div class=\"elementor-spacer-inner\"><\/div>\n\t\t<\/div>\n\t\t\t\t\t\t<\/div>\n\t\t\t\t<\/div>\n\t\t\t\t<section class=\"elementor-section elementor-inner-section elementor-element elementor-element-c3e8bd5 elementor-section-boxed elementor-section-height-default elementor-section-height-default sc_fly_static\" data-id=\"c3e8bd5\" data-element_type=\"section\">\n\t\t\t\t\t\t<div class=\"elementor-container elementor-column-gap-extended\">\n\t\t\t\t\t<div class=\"elementor-column elementor-col-16 elementor-inner-column elementor-element elementor-element-44b2e48 sc_content_align_inherit sc_layouts_column_icons_position_left sc_fly_static\" data-id=\"44b2e48\" data-element_type=\"column\">\n\t\t\t<div class=\"elementor-widget-wrap\">\n\t\t\t\t\t\t\t<\/div>\n\t\t<\/div>\n\t\t\t\t<div class=\"elementor-column elementor-col-66 elementor-inner-column elementor-element elementor-element-01ab3d0 sc_content_align_inherit sc_layouts_column_icons_position_left sc_fly_static\" data-id=\"01ab3d0\" data-element_type=\"column\">\n\t\t\t<div class=\"elementor-widget-wrap elementor-element-populated\">\n\t\t\t\t\t\t<div class=\"elementor-element elementor-element-187e36b sc_fly_static elementor-widget elementor-widget-trx_sc_title\" data-id=\"187e36b\" data-element_type=\"widget\" data-widget_type=\"trx_sc_title.default\">\n\t\t\t\t<div class=\"elementor-widget-container\">\n\t\t\t\t\t<div\t\tclass=\"sc_title color_style_dark sc_title_default\" ><h1 class=\"sc_item_title sc_title_title sc_align_center sc_item_title_style_default sc_item_title_tag trx_addons_inline_1283795429\"\n\t\t\t><span class=\"sc_item_title_text\">Rechtliche Hinweise<\/span><\/h1><\/div>\t\t\t\t<\/div>\n\t\t\t\t<\/div>\n\t\t\t\t\t<\/div>\n\t\t<\/div>\n\t\t\t\t<div class=\"elementor-column elementor-col-16 elementor-inner-column elementor-element elementor-element-c1f9bdb sc_content_align_inherit sc_layouts_column_icons_position_left sc_fly_static\" data-id=\"c1f9bdb\" data-element_type=\"column\">\n\t\t\t<div class=\"elementor-widget-wrap\">\n\t\t\t\t\t\t\t<\/div>\n\t\t<\/div>\n\t\t\t\t\t<\/div>\n\t\t<\/section>\n\t\t\t\t<div class=\"elementor-element elementor-element-70ae195 sc_fly_static elementor-widget elementor-widget-spacer\" data-id=\"70ae195\" data-element_type=\"widget\" data-widget_type=\"spacer.default\">\n\t\t\t\t<div class=\"elementor-widget-container\">\n\t\t\t\t\t\t\t<div class=\"elementor-spacer\">\n\t\t\t<div class=\"elementor-spacer-inner\"><\/div>\n\t\t<\/div>\n\t\t\t\t\t\t<\/div>\n\t\t\t\t<\/div>\n\t\t\t\t\t<\/div>\n\t\t<\/div>\n\t\t\t\t\t<\/div>\n\t\t<\/section>\n\t\t\t\t<section class=\"elementor-section elementor-top-section elementor-element elementor-element-fdec898 elementor-section-boxed elementor-section-height-default elementor-section-height-default sc_fly_static\" data-id=\"fdec898\" data-element_type=\"section\">\n\t\t\t\t\t\t<div class=\"elementor-container elementor-column-gap-extended\">\n\t\t\t\t\t<div class=\"elementor-column elementor-col-100 elementor-top-column elementor-element elementor-element-9bf20fc sc_content_align_inherit sc_layouts_column_icons_position_left sc_fly_static\" data-id=\"9bf20fc\" data-element_type=\"column\">\n\t\t\t<div class=\"elementor-widget-wrap elementor-element-populated\">\n\t\t\t\t\t\t<div class=\"elementor-element elementor-element-feb2733 sc_height_huge sc_fly_static elementor-widget elementor-widget-spacer\" data-id=\"feb2733\" data-element_type=\"widget\" data-widget_type=\"spacer.default\">\n\t\t\t\t<div class=\"elementor-widget-container\">\n\t\t\t\t\t\t\t<div class=\"elementor-spacer\">\n\t\t\t<div class=\"elementor-spacer-inner\"><\/div>\n\t\t<\/div>\n\t\t\t\t\t\t<\/div>\n\t\t\t\t<\/div>\n\t\t\t\t<div class=\"elementor-element elementor-element-ddb27d7 sc_layouts_hide_on_notebook sc_layouts_hide_on_tablet sc_layouts_hide_on_mobile sc_fly_static elementor-widget elementor-widget-spacer\" data-id=\"ddb27d7\" data-element_type=\"widget\" data-widget_type=\"spacer.default\">\n\t\t\t\t<div class=\"elementor-widget-container\">\n\t\t\t\t\t\t\t<div class=\"elementor-spacer\">\n\t\t\t<div class=\"elementor-spacer-inner\"><\/div>\n\t\t<\/div>\n\t\t\t\t\t\t<\/div>\n\t\t\t\t<\/div>\n\t\t\t\t\t<\/div>\n\t\t<\/div>\n\t\t\t\t\t<\/div>\n\t\t<\/section>\n\t\t\t\t<section class=\"elementor-section elementor-top-section elementor-element elementor-element-4af4f095 elementor-section-boxed elementor-section-height-default elementor-section-height-default sc_fly_static\" data-id=\"4af4f095\" data-element_type=\"section\" data-settings=\"{&quot;background_background&quot;:&quot;classic&quot;}\">\n\t\t\t\t\t\t<div class=\"elementor-container elementor-column-gap-extended\">\n\t\t\t\t\t<div class=\"elementor-column elementor-col-100 elementor-top-column elementor-element elementor-element-5ccad063 sc_content_align_inherit sc_layouts_column_icons_position_left sc_fly_static\" data-id=\"5ccad063\" data-element_type=\"column\">\n\t\t\t<div class=\"elementor-widget-wrap elementor-element-populated\">\n\t\t\t\t\t\t<div class=\"elementor-element elementor-element-72aa6eaa sc_fly_static elementor-widget elementor-widget-text-editor\" data-id=\"72aa6eaa\" data-element_type=\"widget\" data-widget_type=\"text-editor.default\">\n\t\t\t\t<div class=\"elementor-widget-container\">\n\t\t\t\t\t\t\t\t\t<h6>Letzte Aktualisierung: Mo., 14. Januar 2025<\/h6><p><strong>BSF International<\/strong>. Durch den Zugriff auf diese Website akzeptieren Sie die nachstehenden allgemeinen Nutzungsbedingungen. Bitte lesen Sie diese Bedingungen sorgf\u00e4ltig durch, bevor Sie die Website nutzen.<\/p><h5>Eigentum der Website<\/h5><p><strong>&#8211; Firmenname<\/strong> : BSF INTERNATIONAL SAS<br \/><strong>&#8211; SIREN<\/strong> : 897 760 526<br \/><strong>&#8211; SIRET (Hauptsitz)<\/strong> : 897 760 526 00029<br \/><strong>&#8211; Rechtsform<\/strong> : SASU (Einpersonengesellschaft mit vereinfachter Aktienstruktur)<br \/><strong>&#8211; Stammkapital<\/strong> : 50.000,00 \u20ac<br \/><strong>&#8211; Adresse<\/strong> : 3 D Rue de Paris, 35510 Cesson-S\u00e9vign\u00e9, Frankreich<br \/><strong>&#8211; USt-IdNr.<\/strong> : FR57897760526<br \/><strong>&#8211; Handelsregistereintrag<\/strong> : Rennes<br \/><strong>&#8211; Verantwortlicher f\u00fcr die Ver\u00f6ffentlichung<\/strong> : Bouchra Fedina<\/p><h5>Hosting der Website<\/h5><p><strong>&#8211; Hosting-Anbieter<\/strong> : OVH SAS<br \/><strong>&#8211; Adresse<\/strong> : 2 rue Kellermann, 59100 Roubaix \u2013 Frankreich<br \/><strong>&#8211; Telefon<\/strong> : 1007<br \/><strong>&#8211; Website<\/strong> : <a href=\"https:\/\/www.ovhcloud.com\" target=\"_blank\" rel=\"noopener\">www.ovhcloud.com<\/a><\/p><h5>Haftung<\/h5><p>Wir bem\u00fchen uns, auf dieser Website genaue und aktuelle Informationen bereitzustellen, \u00fcbernehmen jedoch keine Garantie f\u00fcr die Vollst\u00e4ndigkeit oder Zuverl\u00e4ssigkeit der dargestellten Inhalte. Die Nutzung der Website erfolgt auf eigenes Risiko. Wir behalten uns das Recht vor, den Inhalt jederzeit ohne Vorank\u00fcndigung zu \u00e4ndern.<\/p><h5>Geistiges Eigentum<\/h5><p>Alle Inhalte dieser Website (Texte, Bilder, Logos, Marken usw.) sind durch Gesetze zum geistigen Eigentum gesch\u00fctzt. Jegliche Vervielf\u00e4ltigung oder Verbreitung ist ohne vorherige schriftliche Genehmigung von BSF International untersagt.<\/p><h5>Externe Links<\/h5><p>Diese Website kann Links zu Drittanbietern enthalten. Wir \u00fcbernehmen keine Verantwortung f\u00fcr deren Inhalte oder Datenschutzrichtlinien.<\/p><h5>Anwendbares Recht<\/h5><p>Diese Bedingungen unterliegen dem franz\u00f6sischen Recht. Im Streitfall sind ausschlie\u00dflich die Gerichte in Rennes zust\u00e4ndig.<\/p><h5>Personenbezogene Daten<\/h5><p>Die \u00fcber diese Website gesammelten Daten (Formulare, Navigation) werden gem\u00e4\u00df der DSGVO verarbeitet. Sie haben das Recht auf Zugang, Berichtigung und L\u00f6schung Ihrer Daten. F\u00fcr Anfragen kontaktieren Sie uns bitte unter <a href=\"mailto:info@bsfinternational.fr\">info@bsfinternational.fr<\/a>.<\/p><p><strong>Rechtsgrundlage der Verarbeitung<\/strong> : Die Verarbeitung erfolgt auf Grundlage Ihrer Einwilligung, der Erf\u00fcllung eines Vertrags, einer gesetzlichen Verpflichtung oder unseres berechtigten Interesses.<\/p><p><strong>Daten\u00fcbertragung au\u00dferhalb der EU<\/strong> : Einige Dienstleister k\u00f6nnen au\u00dferhalb der EU ans\u00e4ssig sein. Es werden geeignete Garantien implementiert (Standardvertragsklauseln, Angemessenheitsbeschl\u00fcsse usw.).<\/p><h5>Cookies<\/h5><p>Diese Website verwendet notwendige Cookies f\u00fcr das ordnungsgem\u00e4\u00dfe Funktionieren sowie optionale Cookies (Statistik, soziale Netzwerke), die Ihrer Zustimmung unterliegen.<\/p><p>Beim ersten Besuch der Website wird ein Cookie-Banner angezeigt. Sie k\u00f6nnen Ihre Einstellungen jederzeit \u00fcber \u201eMeine Cookies verwalten\u201c am unteren Seitenrand anpassen.<\/p><h5>Kontakt<\/h5><p><strong>&#8211; E-Mail<\/strong> : <a href=\"mailto:info@bsfinternational.fr\">info@bsfinternational.fr<\/a><br \/><strong>&#8211; Telefon<\/strong> : <a href=\"tel:+33963653618\">+33 9 63 65 36 18<\/a><br \/><strong>&#8211; Adresse<\/strong> : 3D Rue de Paris, 35510 Cesson-S\u00e9vign\u00e9, Frankreich<\/p>\t\t\t\t\t\t\t\t<\/div>\n\t\t\t\t<\/div>\n\t\t\t\t\t<\/div>\n\t\t<\/div>\n\t\t\t\t\t<\/div>\n\t\t<\/section>\n\t\t\t\t<section class=\"elementor-section elementor-top-section elementor-element elementor-element-c48fadc elementor-section-boxed elementor-section-height-default elementor-section-height-default sc_fly_static\" data-id=\"c48fadc\" data-element_type=\"section\">\n\t\t\t\t\t\t<div class=\"elementor-container elementor-column-gap-extended\">\n\t\t\t\t\t<div class=\"elementor-column elementor-col-100 elementor-top-column elementor-element elementor-element-a3d776b sc_content_align_inherit sc_layouts_column_icons_position_left sc_fly_static\" data-id=\"a3d776b\" data-element_type=\"column\">\n\t\t\t<div class=\"elementor-widget-wrap elementor-element-populated\">\n\t\t\t\t\t\t<div class=\"elementor-element elementor-element-2203ea8 sc_height_huge sc_fly_static elementor-widget elementor-widget-spacer\" data-id=\"2203ea8\" data-element_type=\"widget\" data-widget_type=\"spacer.default\">\n\t\t\t\t<div class=\"elementor-widget-container\">\n\t\t\t\t\t\t\t<div class=\"elementor-spacer\">\n\t\t\t<div class=\"elementor-spacer-inner\"><\/div>\n\t\t<\/div>\n\t\t\t\t\t\t<\/div>\n\t\t\t\t<\/div>\n\t\t\t\t<div class=\"elementor-element elementor-element-3f07a37 sc_layouts_hide_on_notebook sc_layouts_hide_on_tablet sc_layouts_hide_on_mobile sc_fly_static elementor-widget elementor-widget-spacer\" data-id=\"3f07a37\" data-element_type=\"widget\" data-widget_type=\"spacer.default\">\n\t\t\t\t<div class=\"elementor-widget-container\">\n\t\t\t\t\t\t\t<div class=\"elementor-spacer\">\n\t\t\t<div class=\"elementor-spacer-inner\"><\/div>\n\t\t<\/div>\n\t\t\t\t\t\t<\/div>\n\t\t\t\t<\/div>\n\t\t\t\t\t<\/div>\n\t\t<\/div>\n\t\t\t\t\t<\/div>\n\t\t<\/section>\n\t\t\t\t<\/div>\n\t\t","protected":false},"excerpt":{"rendered":"<p>Rechtliche Hinweise Letzte Aktualisierung: Mo., 14. Januar 2025 BSF International. Durch den Zugriff auf diese Website akzeptieren Sie die nachstehenden allgemeinen Nutzungsbedingungen. Bitte lesen Sie diese Bedingungen sorgf\u00e4ltig durch, bevor&hellip;<\/p>\n","protected":false},"author":12,"featured_media":19889,"parent":0,"menu_order":0,"comment_status":"closed","ping_status":"closed","template":"","meta":{"footnotes":""},"class_list":["post-20291","page","type-page","status-publish","has-post-thumbnail","hentry"],"_links":{"self":[{"href":"https:\/\/www.bsfinternationalgroup.com\/de\/wp-json\/wp\/v2\/pages\/20291","targetHints":{"allow":["GET"]}}],"collection":[{"href":"https:\/\/www.bsfinternationalgroup.com\/de\/wp-json\/wp\/v2\/pages"}],"about":[{"href":"https:\/\/www.bsfinternationalgroup.com\/de\/wp-json\/wp\/v2\/types\/page"}],"author":[{"embeddable":true,"href":"https:\/\/www.bsfinternationalgroup.com\/de\/wp-json\/wp\/v2\/users\/12"}],"replies":[{"embeddable":true,"href":"https:\/\/www.bsfinternationalgroup.com\/de\/wp-json\/wp\/v2\/comments?post=20291"}],"version-history":[{"count":15,"href":"https:\/\/www.bsfinternationalgroup.com\/de\/wp-json\/wp\/v2\/pages\/20291\/revisions"}],"predecessor-version":[{"id":21251,"href":"https:\/\/www.bsfinternationalgroup.com\/de\/wp-json\/wp\/v2\/pages\/20291\/revisions\/21251"}],"wp:featuredmedia":[{"embeddable":true,"href":"https:\/\/www.bsfinternationalgroup.com\/de\/wp-json\/wp\/v2\/media\/19889"}],"wp:attachment":[{"href":"https:\/\/www.bsfinternationalgroup.com\/de\/wp-json\/wp\/v2\/media?parent=20291"}],"curies":[{"name":"wp","href":"https:\/\/api.w.org\/{rel}","templated":true}]}}