{"id":20293,"date":"2025-02-13T12:06:02","date_gmt":"2025-02-13T11:06:02","guid":{"rendered":"https:\/\/www.bsfinternationalgroup.com\/cookies\/"},"modified":"2025-07-25T10:58:02","modified_gmt":"2025-07-25T08:58:02","slug":"cookie-richtlinie","status":"publish","type":"page","link":"https:\/\/www.bsfinternationalgroup.com\/de\/cookie-richtlinie\/","title":{"rendered":"Cookie-Richtlinie"},"content":{"rendered":"\t\t<div data-elementor-type=\"wp-page\" data-elementor-id=\"20293\" class=\"elementor elementor-20293 elementor-17995\" data-elementor-post-type=\"page\">\n\t\t\t\t\t\t<section class=\"elementor-section elementor-top-section elementor-element elementor-element-b436219 elementor-section-full_width scheme_dark elementor-section-height-min-height elementor-section-height-default elementor-section-items-middle sc_fly_static\" data-id=\"b436219\" data-element_type=\"section\" data-settings=\"{&quot;background_background&quot;:&quot;classic&quot;}\">\n\t\t\t\t\t\t\t<div class=\"elementor-background-overlay\"><\/div>\n\t\t\t\t\t\t\t<div class=\"elementor-container elementor-column-gap-extended\">\n\t\t\t\t\t<div class=\"elementor-column elementor-col-100 elementor-top-column elementor-element elementor-element-9091b67 sc_content_align_inherit sc_layouts_column_icons_position_left sc_fly_static\" data-id=\"9091b67\" data-element_type=\"column\">\n\t\t\t<div class=\"elementor-widget-wrap elementor-element-populated\">\n\t\t\t\t\t\t<div class=\"elementor-element elementor-element-c70cdfc sc_fly_static elementor-widget elementor-widget-spacer\" data-id=\"c70cdfc\" data-element_type=\"widget\" data-widget_type=\"spacer.default\">\n\t\t\t\t<div class=\"elementor-widget-container\">\n\t\t\t\t\t\t\t<div class=\"elementor-spacer\">\n\t\t\t<div class=\"elementor-spacer-inner\"><\/div>\n\t\t<\/div>\n\t\t\t\t\t\t<\/div>\n\t\t\t\t<\/div>\n\t\t\t\t<section class=\"elementor-section elementor-inner-section elementor-element elementor-element-21540ce elementor-section-boxed elementor-section-height-default elementor-section-height-default sc_fly_static\" data-id=\"21540ce\" data-element_type=\"section\">\n\t\t\t\t\t\t<div class=\"elementor-container elementor-column-gap-extended\">\n\t\t\t\t\t<div class=\"elementor-column elementor-col-16 elementor-inner-column elementor-element elementor-element-8e06f6d sc_content_align_inherit sc_layouts_column_icons_position_left sc_fly_static\" data-id=\"8e06f6d\" data-element_type=\"column\">\n\t\t\t<div class=\"elementor-widget-wrap\">\n\t\t\t\t\t\t\t<\/div>\n\t\t<\/div>\n\t\t\t\t<div class=\"elementor-column elementor-col-66 elementor-inner-column elementor-element elementor-element-dbd306e sc_content_align_inherit sc_layouts_column_icons_position_left sc_fly_static\" data-id=\"dbd306e\" data-element_type=\"column\">\n\t\t\t<div class=\"elementor-widget-wrap elementor-element-populated\">\n\t\t\t\t\t\t<div class=\"elementor-element elementor-element-3d1c3ed sc_fly_static elementor-widget elementor-widget-trx_sc_title\" data-id=\"3d1c3ed\" data-element_type=\"widget\" data-widget_type=\"trx_sc_title.default\">\n\t\t\t\t<div class=\"elementor-widget-container\">\n\t\t\t\t\t<div\t\tclass=\"sc_title color_style_dark sc_title_default\" ><h1 class=\"sc_item_title sc_title_title sc_align_center sc_item_title_style_default sc_item_title_tag trx_addons_inline_340059823\"\n\t\t\t><span class=\"sc_item_title_text\">Cookie-Richtlinie<\/span><\/h1><\/div>\t\t\t\t<\/div>\n\t\t\t\t<\/div>\n\t\t\t\t\t<\/div>\n\t\t<\/div>\n\t\t\t\t<div class=\"elementor-column elementor-col-16 elementor-inner-column elementor-element elementor-element-18cf97f sc_content_align_inherit sc_layouts_column_icons_position_left sc_fly_static\" data-id=\"18cf97f\" data-element_type=\"column\">\n\t\t\t<div class=\"elementor-widget-wrap\">\n\t\t\t\t\t\t\t<\/div>\n\t\t<\/div>\n\t\t\t\t\t<\/div>\n\t\t<\/section>\n\t\t\t\t<div class=\"elementor-element elementor-element-b880013 sc_fly_static elementor-widget elementor-widget-spacer\" data-id=\"b880013\" data-element_type=\"widget\" data-widget_type=\"spacer.default\">\n\t\t\t\t<div class=\"elementor-widget-container\">\n\t\t\t\t\t\t\t<div class=\"elementor-spacer\">\n\t\t\t<div class=\"elementor-spacer-inner\"><\/div>\n\t\t<\/div>\n\t\t\t\t\t\t<\/div>\n\t\t\t\t<\/div>\n\t\t\t\t\t<\/div>\n\t\t<\/div>\n\t\t\t\t\t<\/div>\n\t\t<\/section>\n\t\t\t\t<section class=\"elementor-section elementor-top-section elementor-element elementor-element-3d08634 elementor-section-boxed elementor-section-height-default elementor-section-height-default sc_fly_static\" data-id=\"3d08634\" data-element_type=\"section\">\n\t\t\t\t\t\t<div class=\"elementor-container elementor-column-gap-extended\">\n\t\t\t\t\t<div class=\"elementor-column elementor-col-100 elementor-top-column elementor-element elementor-element-ba93921 sc_content_align_inherit sc_layouts_column_icons_position_left sc_fly_static\" data-id=\"ba93921\" data-element_type=\"column\">\n\t\t\t<div class=\"elementor-widget-wrap elementor-element-populated\">\n\t\t\t\t\t\t<div class=\"elementor-element elementor-element-df04bab sc_height_huge sc_fly_static elementor-widget elementor-widget-spacer\" data-id=\"df04bab\" data-element_type=\"widget\" data-widget_type=\"spacer.default\">\n\t\t\t\t<div class=\"elementor-widget-container\">\n\t\t\t\t\t\t\t<div class=\"elementor-spacer\">\n\t\t\t<div class=\"elementor-spacer-inner\"><\/div>\n\t\t<\/div>\n\t\t\t\t\t\t<\/div>\n\t\t\t\t<\/div>\n\t\t\t\t<div class=\"elementor-element elementor-element-61b6880 sc_layouts_hide_on_notebook sc_layouts_hide_on_tablet sc_layouts_hide_on_mobile sc_fly_static elementor-widget elementor-widget-spacer\" data-id=\"61b6880\" data-element_type=\"widget\" data-widget_type=\"spacer.default\">\n\t\t\t\t<div class=\"elementor-widget-container\">\n\t\t\t\t\t\t\t<div class=\"elementor-spacer\">\n\t\t\t<div class=\"elementor-spacer-inner\"><\/div>\n\t\t<\/div>\n\t\t\t\t\t\t<\/div>\n\t\t\t\t<\/div>\n\t\t\t\t\t<\/div>\n\t\t<\/div>\n\t\t\t\t\t<\/div>\n\t\t<\/section>\n\t\t\t\t<section class=\"elementor-section elementor-top-section elementor-element elementor-element-1737bb1e elementor-section-boxed elementor-section-height-default elementor-section-height-default sc_fly_static\" data-id=\"1737bb1e\" data-element_type=\"section\" data-settings=\"{&quot;background_background&quot;:&quot;classic&quot;}\">\n\t\t\t\t\t\t<div class=\"elementor-container elementor-column-gap-extended\">\n\t\t\t\t\t<div class=\"elementor-column elementor-col-100 elementor-top-column elementor-element elementor-element-4a8d0ec9 sc_content_align_inherit sc_layouts_column_icons_position_left sc_fly_static\" data-id=\"4a8d0ec9\" data-element_type=\"column\">\n\t\t\t<div class=\"elementor-widget-wrap elementor-element-populated\">\n\t\t\t\t\t\t<div class=\"elementor-element elementor-element-39eddb28 sc_fly_static elementor-widget elementor-widget-text-editor\" data-id=\"39eddb28\" data-element_type=\"widget\" data-widget_type=\"text-editor.default\">\n\t\t\t\t<div class=\"elementor-widget-container\">\n\t\t\t\t\t\t\t\t\t<h6>Letztes Aktualisierungsdatum: Mo., 14. Januar 2025<\/h6><p>Bei <strong>BSF International<\/strong> legen wir gro\u00dfen Wert auf Datenschutz und den respektvollen Umgang mit Ihren Daten. Diese Richtlinie erl\u00e4utert unsere Verwendung von Cookies und \u00e4hnlichen Technologien auf dieser Website.<\/p><h5>1. Was ist ein Cookie?<\/h5><p>Ein Cookie ist eine kleine Textdatei, die auf Ihrem Ger\u00e4t gespeichert wird, wenn Sie eine Website besuchen. Es erm\u00f6glicht die Wiedererkennung Ihres Ger\u00e4ts und speichert Informationen \u00fcber Ihr Surfverhalten (Pr\u00e4ferenzen, Statistiken usw.).<\/p><h5>2. Warum verwenden wir Cookies?<\/h5><p>Wir verwenden Cookies, um:<\/p><p>&#8211; Den technischen Betrieb der Website sicherzustellen<br \/>&#8211; Die Benutzererfahrung zu verbessern<br \/>&#8211; Die Besucherzahlen und die Leistung der Website zu analysieren<br \/>&#8211; Unsere Kommunikation zu personalisieren und Ihnen relevante Inhalte anzubieten<\/p><h5>3. Arten von verwendeten Cookies<\/h5><p><strong>&#8211; Unbedingt erforderliche Cookies<\/strong>: unverzichtbar f\u00fcr den einwandfreien Betrieb der Website<br \/><strong>&#8211; Leistungs-Cookies<\/strong>: zur Analyse des Surfverhaltens und zur Messung der Leistung<br \/><strong>&#8211; Funktions-Cookies<\/strong>: zur Speicherung Ihrer Pr\u00e4ferenzen<br \/><strong>&#8211; Targeting-\/Werbe-Cookies<\/strong>: zur Anzeige relevanter Werbung \u00fcber Dritte wie Google oder Meta<\/p><h5>4. Rechtsgrundlage der Verarbeitung<\/h5><p>Die Speicherung nicht unbedingt notwendiger Cookies basiert auf Ihrer <strong>Zustimmung<\/strong>. Sie k\u00f6nnen diese jederzeit widerrufen oder \u00e4ndern.<\/p><h5>5. Einwilligung &amp; Cookie-Verwaltung<\/h5><p>Beim ersten Besuch informiert Sie ein Banner \u00fcber die Verwendung von Cookies. Sie k\u00f6nnen:<\/p><p>&#8211; Alle Cookies akzeptieren<br \/>&#8211; Alle nicht notwendigen Cookies ablehnen<br \/>&#8211; Ihre Auswahl individuell anpassen<\/p><p>Sie k\u00f6nnen jederzeit unten auf der Seite auf den Link <strong>\u201eMeine Cookies verwalten\u201c<\/strong> klicken, um Ihre Pr\u00e4ferenzen zu \u00e4ndern.<\/p><h5>6. Liste der verwendeten Cookies<\/h5><p>Eine detaillierte Liste der verwendeten Cookies finden Sie auf unserer speziellen Seite: Cookie-Richtlinie, einschlie\u00dflich:<\/p><p><strong>&#8211; Name des Cookies<\/strong><br \/><strong>&#8211; Zweck<\/strong><br \/><strong>&#8211; Speicherdauer<\/strong><br \/><strong>&#8211; Anbieter \/ Drittanbieter<\/strong> (z.\u202fB. Google Analytics, Facebook Pixel&#8230;)<\/p><h5>7. \u00dcbermittlung au\u00dferhalb der EU<\/h5><p>Einige Cookies stehen im Zusammenhang mit Diensten, die au\u00dferhalb der Europ\u00e4ischen Union gehostet werden. Wir stellen sicher, dass angemessene Schutzma\u00dfnahmen getroffen wurden (Standardvertragsklauseln, Angemessenheitsbeschluss&#8230;).<\/p><h5>8. Ihre Rechte<\/h5><p>Gem\u00e4\u00df der DSGVO haben Sie folgende Rechte:<\/p><p>&#8211; Recht auf Auskunft \u00fcber Ihre Daten<br \/>&#8211; Recht auf Berichtigung und L\u00f6schung<br \/>&#8211; Recht auf Einschr\u00e4nkung oder Widerspruch gegen die Verarbeitung<br \/>&#8211; Recht, Ihre Einwilligung jederzeit zu widerrufen<\/p><p>Sie k\u00f6nnen au\u00dferdem eine Beschwerde bei der CNIL einreichen: <a href=\"https:\/\/www.cnil.fr\" target=\"_blank\" rel=\"noopener\">www.cnil.fr<\/a>.<\/p><h5>9. Kontakt<\/h5><p>F\u00fcr Fragen zu Cookies oder Ihren Daten:<\/p><p><strong>&#8211; E-Mail<\/strong>: <a href=\"mailto:info@bsfinternational.fr\">info@bsfinternational.fr<\/a><br \/><strong>&#8211; Telefon<\/strong>: <a href=\"tel:+33963653618\">+33 9 63 65 36 18<\/a><br \/><strong style=\"font-size: 16px;\">&#8211; Adresse<\/strong><span style=\"font-size: 16px;\">: 3D Rue de Paris, 35510 Cesson-S\u00e9vign\u00e9, Frankreich<\/span><\/p>\t\t\t\t\t\t\t\t<\/div>\n\t\t\t\t<\/div>\n\t\t\t\t\t<\/div>\n\t\t<\/div>\n\t\t\t\t\t<\/div>\n\t\t<\/section>\n\t\t\t\t<section class=\"elementor-section elementor-top-section elementor-element elementor-element-390c878 elementor-section-boxed elementor-section-height-default elementor-section-height-default sc_fly_static\" data-id=\"390c878\" data-element_type=\"section\">\n\t\t\t\t\t\t<div class=\"elementor-container elementor-column-gap-extended\">\n\t\t\t\t\t<div class=\"elementor-column elementor-col-100 elementor-top-column elementor-element elementor-element-6870da7 sc_content_align_inherit sc_layouts_column_icons_position_left sc_fly_static\" data-id=\"6870da7\" data-element_type=\"column\">\n\t\t\t<div class=\"elementor-widget-wrap elementor-element-populated\">\n\t\t\t\t\t\t<div class=\"elementor-element elementor-element-51fece0 sc_height_huge sc_fly_static elementor-widget elementor-widget-spacer\" data-id=\"51fece0\" data-element_type=\"widget\" data-widget_type=\"spacer.default\">\n\t\t\t\t<div class=\"elementor-widget-container\">\n\t\t\t\t\t\t\t<div class=\"elementor-spacer\">\n\t\t\t<div class=\"elementor-spacer-inner\"><\/div>\n\t\t<\/div>\n\t\t\t\t\t\t<\/div>\n\t\t\t\t<\/div>\n\t\t\t\t<div class=\"elementor-element elementor-element-9765575 sc_layouts_hide_on_notebook sc_layouts_hide_on_tablet sc_layouts_hide_on_mobile sc_fly_static elementor-widget elementor-widget-spacer\" data-id=\"9765575\" data-element_type=\"widget\" data-widget_type=\"spacer.default\">\n\t\t\t\t<div class=\"elementor-widget-container\">\n\t\t\t\t\t\t\t<div class=\"elementor-spacer\">\n\t\t\t<div class=\"elementor-spacer-inner\"><\/div>\n\t\t<\/div>\n\t\t\t\t\t\t<\/div>\n\t\t\t\t<\/div>\n\t\t\t\t\t<\/div>\n\t\t<\/div>\n\t\t\t\t\t<\/div>\n\t\t<\/section>\n\t\t\t\t<\/div>\n\t\t","protected":false},"excerpt":{"rendered":"<p>Cookie-Richtlinie Letztes Aktualisierungsdatum: Mo., 14. Januar 2025 Bei BSF International legen wir gro\u00dfen Wert auf Datenschutz und den respektvollen Umgang mit Ihren Daten. Diese Richtlinie erl\u00e4utert unsere Verwendung von Cookies&hellip;<\/p>\n","protected":false},"author":12,"featured_media":19889,"parent":0,"menu_order":0,"comment_status":"closed","ping_status":"closed","template":"","meta":{"footnotes":""},"class_list":["post-20293","page","type-page","status-publish","has-post-thumbnail","hentry"],"_links":{"self":[{"href":"https:\/\/www.bsfinternationalgroup.com\/de\/wp-json\/wp\/v2\/pages\/20293","targetHints":{"allow":["GET"]}}],"collection":[{"href":"https:\/\/www.bsfinternationalgroup.com\/de\/wp-json\/wp\/v2\/pages"}],"about":[{"href":"https:\/\/www.bsfinternationalgroup.com\/de\/wp-json\/wp\/v2\/types\/page"}],"author":[{"embeddable":true,"href":"https:\/\/www.bsfinternationalgroup.com\/de\/wp-json\/wp\/v2\/users\/12"}],"replies":[{"embeddable":true,"href":"https:\/\/www.bsfinternationalgroup.com\/de\/wp-json\/wp\/v2\/comments?post=20293"}],"version-history":[{"count":15,"href":"https:\/\/www.bsfinternationalgroup.com\/de\/wp-json\/wp\/v2\/pages\/20293\/revisions"}],"predecessor-version":[{"id":21264,"href":"https:\/\/www.bsfinternationalgroup.com\/de\/wp-json\/wp\/v2\/pages\/20293\/revisions\/21264"}],"wp:featuredmedia":[{"embeddable":true,"href":"https:\/\/www.bsfinternationalgroup.com\/de\/wp-json\/wp\/v2\/media\/19889"}],"wp:attachment":[{"href":"https:\/\/www.bsfinternationalgroup.com\/de\/wp-json\/wp\/v2\/media?parent=20293"}],"curies":[{"name":"wp","href":"https:\/\/api.w.org\/{rel}","templated":true}]}}