{"id":20295,"date":"2025-02-13T12:05:57","date_gmt":"2025-02-13T11:05:57","guid":{"rendered":"https:\/\/www.bsfinternationalgroup.com\/politique-confidentialite\/"},"modified":"2025-07-25T10:58:02","modified_gmt":"2025-07-25T08:58:02","slug":"datenschutzrichtlinie","status":"publish","type":"page","link":"https:\/\/www.bsfinternationalgroup.com\/de\/datenschutzrichtlinie\/","title":{"rendered":"Datenschutzrichtlinie"},"content":{"rendered":"\t\t<div data-elementor-type=\"wp-page\" data-elementor-id=\"20295\" class=\"elementor elementor-20295 elementor-17994\" data-elementor-post-type=\"page\">\n\t\t\t\t\t\t<section class=\"elementor-section elementor-top-section elementor-element elementor-element-c8dc94b elementor-section-full_width scheme_dark elementor-section-height-min-height elementor-section-height-default elementor-section-items-middle sc_fly_static\" data-id=\"c8dc94b\" data-element_type=\"section\" data-settings=\"{&quot;background_background&quot;:&quot;classic&quot;}\">\n\t\t\t\t\t\t\t<div class=\"elementor-background-overlay\"><\/div>\n\t\t\t\t\t\t\t<div class=\"elementor-container elementor-column-gap-extended\">\n\t\t\t\t\t<div class=\"elementor-column elementor-col-100 elementor-top-column elementor-element elementor-element-587761b sc_content_align_inherit sc_layouts_column_icons_position_left sc_fly_static\" data-id=\"587761b\" data-element_type=\"column\">\n\t\t\t<div class=\"elementor-widget-wrap elementor-element-populated\">\n\t\t\t\t\t\t<div class=\"elementor-element elementor-element-e5b30ee sc_fly_static elementor-widget elementor-widget-spacer\" data-id=\"e5b30ee\" data-element_type=\"widget\" data-widget_type=\"spacer.default\">\n\t\t\t\t<div class=\"elementor-widget-container\">\n\t\t\t\t\t\t\t<div class=\"elementor-spacer\">\n\t\t\t<div class=\"elementor-spacer-inner\"><\/div>\n\t\t<\/div>\n\t\t\t\t\t\t<\/div>\n\t\t\t\t<\/div>\n\t\t\t\t<section class=\"elementor-section elementor-inner-section elementor-element elementor-element-0c4ab76 elementor-section-boxed elementor-section-height-default elementor-section-height-default sc_fly_static\" data-id=\"0c4ab76\" data-element_type=\"section\">\n\t\t\t\t\t\t<div class=\"elementor-container elementor-column-gap-extended\">\n\t\t\t\t\t<div class=\"elementor-column elementor-col-16 elementor-inner-column elementor-element elementor-element-5e57b36 sc_content_align_inherit sc_layouts_column_icons_position_left sc_fly_static\" data-id=\"5e57b36\" data-element_type=\"column\">\n\t\t\t<div class=\"elementor-widget-wrap\">\n\t\t\t\t\t\t\t<\/div>\n\t\t<\/div>\n\t\t\t\t<div class=\"elementor-column elementor-col-66 elementor-inner-column elementor-element elementor-element-3f1ae6d sc_content_align_inherit sc_layouts_column_icons_position_left sc_fly_static\" data-id=\"3f1ae6d\" data-element_type=\"column\">\n\t\t\t<div class=\"elementor-widget-wrap elementor-element-populated\">\n\t\t\t\t\t\t<div class=\"elementor-element elementor-element-ed714b1 sc_fly_static elementor-widget elementor-widget-trx_sc_title\" data-id=\"ed714b1\" data-element_type=\"widget\" data-widget_type=\"trx_sc_title.default\">\n\t\t\t\t<div class=\"elementor-widget-container\">\n\t\t\t\t\t<div\t\tclass=\"sc_title color_style_dark sc_title_default\" ><h1 class=\"sc_item_title sc_title_title sc_align_center sc_item_title_style_default sc_item_title_tag trx_addons_inline_413717571\"\n\t\t\t><span class=\"sc_item_title_text\">Datenschutzrichtlinie<\/span><\/h1><\/div>\t\t\t\t<\/div>\n\t\t\t\t<\/div>\n\t\t\t\t\t<\/div>\n\t\t<\/div>\n\t\t\t\t<div class=\"elementor-column elementor-col-16 elementor-inner-column elementor-element elementor-element-793e7b5 sc_content_align_inherit sc_layouts_column_icons_position_left sc_fly_static\" data-id=\"793e7b5\" data-element_type=\"column\">\n\t\t\t<div class=\"elementor-widget-wrap\">\n\t\t\t\t\t\t\t<\/div>\n\t\t<\/div>\n\t\t\t\t\t<\/div>\n\t\t<\/section>\n\t\t\t\t<div class=\"elementor-element elementor-element-319b394 sc_fly_static elementor-widget elementor-widget-spacer\" data-id=\"319b394\" data-element_type=\"widget\" data-widget_type=\"spacer.default\">\n\t\t\t\t<div class=\"elementor-widget-container\">\n\t\t\t\t\t\t\t<div class=\"elementor-spacer\">\n\t\t\t<div class=\"elementor-spacer-inner\"><\/div>\n\t\t<\/div>\n\t\t\t\t\t\t<\/div>\n\t\t\t\t<\/div>\n\t\t\t\t\t<\/div>\n\t\t<\/div>\n\t\t\t\t\t<\/div>\n\t\t<\/section>\n\t\t\t\t<section class=\"elementor-section elementor-top-section elementor-element elementor-element-c7b1206 elementor-section-boxed elementor-section-height-default elementor-section-height-default sc_fly_static\" data-id=\"c7b1206\" data-element_type=\"section\">\n\t\t\t\t\t\t<div class=\"elementor-container elementor-column-gap-extended\">\n\t\t\t\t\t<div class=\"elementor-column elementor-col-100 elementor-top-column elementor-element elementor-element-34aa55a sc_content_align_inherit sc_layouts_column_icons_position_left sc_fly_static\" data-id=\"34aa55a\" data-element_type=\"column\">\n\t\t\t<div class=\"elementor-widget-wrap elementor-element-populated\">\n\t\t\t\t\t\t<div class=\"elementor-element elementor-element-0dde67f sc_height_huge sc_fly_static elementor-widget elementor-widget-spacer\" data-id=\"0dde67f\" data-element_type=\"widget\" data-widget_type=\"spacer.default\">\n\t\t\t\t<div class=\"elementor-widget-container\">\n\t\t\t\t\t\t\t<div class=\"elementor-spacer\">\n\t\t\t<div class=\"elementor-spacer-inner\"><\/div>\n\t\t<\/div>\n\t\t\t\t\t\t<\/div>\n\t\t\t\t<\/div>\n\t\t\t\t<div class=\"elementor-element elementor-element-63ad0eb sc_layouts_hide_on_notebook sc_layouts_hide_on_tablet sc_layouts_hide_on_mobile sc_fly_static elementor-widget elementor-widget-spacer\" data-id=\"63ad0eb\" data-element_type=\"widget\" data-widget_type=\"spacer.default\">\n\t\t\t\t<div class=\"elementor-widget-container\">\n\t\t\t\t\t\t\t<div class=\"elementor-spacer\">\n\t\t\t<div class=\"elementor-spacer-inner\"><\/div>\n\t\t<\/div>\n\t\t\t\t\t\t<\/div>\n\t\t\t\t<\/div>\n\t\t\t\t\t<\/div>\n\t\t<\/div>\n\t\t\t\t\t<\/div>\n\t\t<\/section>\n\t\t\t\t<section class=\"elementor-section elementor-top-section elementor-element elementor-element-1737bb1e elementor-section-boxed elementor-section-height-default elementor-section-height-default sc_fly_static\" data-id=\"1737bb1e\" data-element_type=\"section\" data-settings=\"{&quot;background_background&quot;:&quot;classic&quot;}\">\n\t\t\t\t\t\t<div class=\"elementor-container elementor-column-gap-extended\">\n\t\t\t\t\t<div class=\"elementor-column elementor-col-100 elementor-top-column elementor-element elementor-element-4a8d0ec9 sc_content_align_inherit sc_layouts_column_icons_position_left sc_fly_static\" data-id=\"4a8d0ec9\" data-element_type=\"column\">\n\t\t\t<div class=\"elementor-widget-wrap elementor-element-populated\">\n\t\t\t\t\t\t<div class=\"elementor-element elementor-element-39eddb28 sc_fly_static elementor-widget elementor-widget-text-editor\" data-id=\"39eddb28\" data-element_type=\"widget\" data-widget_type=\"text-editor.default\">\n\t\t\t\t<div class=\"elementor-widget-container\">\n\t\t\t\t\t\t\t\t\t<h6>Letztes Aktualisierungsdatum: Mo., 14. Januar 2025<\/h6><p>Bei <strong>BSF International<\/strong> legen wir gr\u00f6\u00dften Wert auf den Schutz der Privatsph\u00e4re und personenbezogenen Daten unserer Nutzer. Diese Datenschutzrichtlinie erkl\u00e4rt, welche Informationen wir sammeln, wie wir sie verwenden und wie wir sie sch\u00fctzen.<\/p><h5>1. Erhobene Informationen<\/h5><p>Wir erheben personenbezogene Daten in folgenden F\u00e4llen:<\/p><p>&#8211; Wenn Sie ein Kontakt- oder Bewerbungsformular auf unserer Website ausf\u00fcllen<br \/>&#8211; Wenn Sie uns per E-Mail, Telefon oder \u00fcber soziale Netzwerke kontaktieren<br \/>&#8211; Wenn Sie auf unserer Website \u00fcber Cookies und \u00e4hnliche Technologien surfen<\/p><p><strong>Erhobene Daten:<\/strong> Name, E-Mail, Telefonnummer, IP-Adresse, Browsertyp, besuchte Seiten, Besuchsdauer.<\/p><h5>2. Verwendung der Informationen<\/h5><p>&#8211; Beantwortung Ihrer Anfragen und Bereitstellung von Informationen zu unseren Dienstleistungen<br \/>&#8211; Verbesserung der Navigation und Nutzererfahrung<br \/>&#8211; Personalisierung unserer Kommunikation<br \/>&#8211; Einhaltung gesetzlicher Verpflichtungen<\/p><h5>3. Weitergabe von Informationen<\/h5><p><strong>BSF International<\/strong> verkauft, vermietet oder teilt Ihre personenbezogenen Daten nicht an Dritte, au\u00dfer in folgenden F\u00e4llen:<\/p><p>&#8211; Dienstleister (z.\u202fB. Hosting, technische Wartung)<br \/>&#8211; Gesetzliche oder beh\u00f6rdliche Verpflichtungen<\/p><h5>4. Datensicherheit<\/h5><p>Wir setzen geeignete technische und organisatorische Ma\u00dfnahmen ein, um Ihre personenbezogenen Daten vor unbefugtem Zugriff, Verlust, \u00c4nderung oder Offenlegung zu sch\u00fctzen.<\/p><h5>5. Ihre Rechte<\/h5><p>Gem\u00e4\u00df der geltenden Gesetzgebung haben Sie folgende Rechte:<\/p><p>&#8211; Recht auf Auskunft<br \/>&#8211; Recht auf Berichtigung<br \/>&#8211; Recht auf L\u00f6schung<br \/>&#8211; Widerspruchsrecht<br \/>&#8211; Recht auf Daten\u00fcbertragbarkeit<\/p><p>Um Ihre Rechte auszu\u00fcben, kontaktieren Sie uns unter <a href=\"mailto:info@bsfinternational.fr\">info@bsfinternational.fr<\/a>. Wir verpflichten uns, innerhalb der gesetzlichen Fristen zu antworten.<\/p><h5>6. Speicherdauer der Daten<\/h5><p>Die Daten werden nur so lange gespeichert, wie es f\u00fcr die vorgesehenen Zwecke oder gesetzlich erforderlich ist.<\/p><h5>7. Rechtsgrundlage der Verarbeitung<\/h5><p>Die Verarbeitung Ihrer Daten basiert je nach Fall auf Ihrer Einwilligung, der Erf\u00fcllung eines Vertrags, der Einhaltung gesetzlicher Verpflichtungen oder unserem berechtigten Interesse an der Verbesserung unserer Dienstleistungen.<\/p><h5>8. \u00dcbermittlung au\u00dferhalb der EU<\/h5><p>Einige unserer Dienstleister befinden sich m\u00f6glicherweise au\u00dferhalb der Europ\u00e4ischen Union. In solchen F\u00e4llen stellen wir sicher, dass ein angemessenes Schutzniveau gew\u00e4hrleistet ist (Standardvertragsklauseln, Angemessenheitsbeschluss etc.).<\/p><h5>9. Cookies und Zustimmung<\/h5><p>Unsere Website verwendet technisch notwendige Cookies sowie optionale Cookies (Statistiken, soziale Netzwerke, Werbung) nur mit Ihrer Zustimmung.<\/p><p>Beim ersten Besuch unserer Website k\u00f6nnen Sie diese \u00fcber ein Banner akzeptieren oder ablehnen. Sie k\u00f6nnen Ihre Pr\u00e4ferenzen jederzeit \u00fcber den Link \u201eCookie-Einstellungen\u201c am Seitenende \u00e4ndern.<\/p><p>Weitere Informationen finden Sie in unserer Cookie-Richtlinie.<\/p><h5>10. Ihre Beschwerdem\u00f6glichkeiten<\/h5><p>Wenn Sie der Meinung sind, dass Ihre Rechte nicht respektiert werden, haben Sie das Recht, eine Beschwerde bei der CNIL einzureichen: <a href=\"https:\/\/www.cnil.fr\" target=\"_blank\" rel=\"noopener\">www.cnil.fr<\/a>.<\/p><h5>11. Verantwortlicher f\u00fcr die Datenverarbeitung<\/h5><p>Der Verantwortliche ist: <strong>BSF International<\/strong>, 3 D Rue de Paris, 35510 Cesson-S\u00e9vign\u00e9, Frankreich.<br \/>E-Mail: <a href=\"mailto:info@bsfinternational.fr\">info@bsfinternational.fr<\/a><\/p><h5>12. \u00c4nderungen der Richtlinie<\/h5><p>Diese Richtlinie kann jederzeit ge\u00e4ndert werden, um regulatorischen, rechtlichen oder technischen Entwicklungen Rechnung zu tragen. Das Aktualisierungsdatum erscheint oben auf dieser Seite.<\/p><h5>13. Kontakt<\/h5><p><strong>&#8211; E-Mail<\/strong>: <a href=\"mailto:info@bsfinternational.fr\">info@bsfinternational.fr<\/a><br \/><strong>&#8211; Telefon<\/strong>: <a href=\"tel:+33963653618\">+33 9 63 65 36 18<\/a><br \/><strong>&#8211; Adresse<\/strong>: 3D Rue de Paris, 35510 Cesson-S\u00e9vign\u00e9, Frankreich<\/p>\t\t\t\t\t\t\t\t<\/div>\n\t\t\t\t<\/div>\n\t\t\t\t\t<\/div>\n\t\t<\/div>\n\t\t\t\t\t<\/div>\n\t\t<\/section>\n\t\t\t\t<section class=\"elementor-section elementor-top-section elementor-element elementor-element-e278395 elementor-section-boxed elementor-section-height-default elementor-section-height-default sc_fly_static\" data-id=\"e278395\" data-element_type=\"section\">\n\t\t\t\t\t\t<div class=\"elementor-container elementor-column-gap-extended\">\n\t\t\t\t\t<div class=\"elementor-column elementor-col-100 elementor-top-column elementor-element elementor-element-0588f91 sc_content_align_inherit sc_layouts_column_icons_position_left sc_fly_static\" data-id=\"0588f91\" data-element_type=\"column\">\n\t\t\t<div class=\"elementor-widget-wrap elementor-element-populated\">\n\t\t\t\t\t\t<div class=\"elementor-element elementor-element-4d86395 sc_height_huge sc_fly_static elementor-widget elementor-widget-spacer\" data-id=\"4d86395\" data-element_type=\"widget\" data-widget_type=\"spacer.default\">\n\t\t\t\t<div class=\"elementor-widget-container\">\n\t\t\t\t\t\t\t<div class=\"elementor-spacer\">\n\t\t\t<div class=\"elementor-spacer-inner\"><\/div>\n\t\t<\/div>\n\t\t\t\t\t\t<\/div>\n\t\t\t\t<\/div>\n\t\t\t\t<div class=\"elementor-element elementor-element-5144e43 sc_layouts_hide_on_notebook sc_layouts_hide_on_tablet sc_layouts_hide_on_mobile sc_fly_static elementor-widget elementor-widget-spacer\" data-id=\"5144e43\" data-element_type=\"widget\" data-widget_type=\"spacer.default\">\n\t\t\t\t<div class=\"elementor-widget-container\">\n\t\t\t\t\t\t\t<div class=\"elementor-spacer\">\n\t\t\t<div class=\"elementor-spacer-inner\"><\/div>\n\t\t<\/div>\n\t\t\t\t\t\t<\/div>\n\t\t\t\t<\/div>\n\t\t\t\t\t<\/div>\n\t\t<\/div>\n\t\t\t\t\t<\/div>\n\t\t<\/section>\n\t\t\t\t<\/div>\n\t\t","protected":false},"excerpt":{"rendered":"<p>Datenschutzrichtlinie Letztes Aktualisierungsdatum: Mo., 14. Januar 2025 Bei BSF International legen wir gr\u00f6\u00dften Wert auf den Schutz der Privatsph\u00e4re und personenbezogenen Daten unserer Nutzer. Diese Datenschutzrichtlinie erkl\u00e4rt, welche Informationen wir&hellip;<\/p>\n","protected":false},"author":12,"featured_media":19889,"parent":0,"menu_order":0,"comment_status":"closed","ping_status":"closed","template":"","meta":{"footnotes":""},"class_list":["post-20295","page","type-page","status-publish","has-post-thumbnail","hentry"],"_links":{"self":[{"href":"https:\/\/www.bsfinternationalgroup.com\/de\/wp-json\/wp\/v2\/pages\/20295","targetHints":{"allow":["GET"]}}],"collection":[{"href":"https:\/\/www.bsfinternationalgroup.com\/de\/wp-json\/wp\/v2\/pages"}],"about":[{"href":"https:\/\/www.bsfinternationalgroup.com\/de\/wp-json\/wp\/v2\/types\/page"}],"author":[{"embeddable":true,"href":"https:\/\/www.bsfinternationalgroup.com\/de\/wp-json\/wp\/v2\/users\/12"}],"replies":[{"embeddable":true,"href":"https:\/\/www.bsfinternationalgroup.com\/de\/wp-json\/wp\/v2\/comments?post=20295"}],"version-history":[{"count":15,"href":"https:\/\/www.bsfinternationalgroup.com\/de\/wp-json\/wp\/v2\/pages\/20295\/revisions"}],"predecessor-version":[{"id":21258,"href":"https:\/\/www.bsfinternationalgroup.com\/de\/wp-json\/wp\/v2\/pages\/20295\/revisions\/21258"}],"wp:featuredmedia":[{"embeddable":true,"href":"https:\/\/www.bsfinternationalgroup.com\/de\/wp-json\/wp\/v2\/media\/19889"}],"wp:attachment":[{"href":"https:\/\/www.bsfinternationalgroup.com\/de\/wp-json\/wp\/v2\/media?parent=20295"}],"curies":[{"name":"wp","href":"https:\/\/api.w.org\/{rel}","templated":true}]}}