{"id":17981,"date":"2025-02-19T03:21:48","date_gmt":"2025-02-19T03:21:48","guid":{"rendered":"https:\/\/bsfinternationalgroup.com\/?page_id=17981"},"modified":"2025-08-20T14:51:28","modified_gmt":"2025-08-20T12:51:28","slug":"mot-de-la-fondatrice","status":"publish","type":"page","link":"https:\/\/www.bsfinternationalgroup.com\/fr\/a-propos\/mot-de-la-fondatrice\/","title":{"rendered":"Mot de la Fondatrice"},"content":{"rendered":"\t\t<div data-elementor-type=\"wp-page\" data-elementor-id=\"17981\" class=\"elementor elementor-17981\" data-elementor-post-type=\"page\">\n\t\t\t\t\t\t<section class=\"elementor-section elementor-top-section elementor-element elementor-element-275fd09 elementor-section-full_width scheme_dark elementor-section-height-min-height elementor-section-height-default elementor-section-items-middle sc_fly_static\" data-id=\"275fd09\" data-element_type=\"section\" data-settings=\"{&quot;background_background&quot;:&quot;classic&quot;}\">\n\t\t\t\t\t\t\t<div class=\"elementor-background-overlay\"><\/div>\n\t\t\t\t\t\t\t<div class=\"elementor-container elementor-column-gap-extended\">\n\t\t\t\t\t<div class=\"elementor-column elementor-col-100 elementor-top-column elementor-element elementor-element-ae769d9 sc_content_align_inherit sc_layouts_column_icons_position_left sc_fly_static\" data-id=\"ae769d9\" data-element_type=\"column\">\n\t\t\t<div class=\"elementor-widget-wrap elementor-element-populated\">\n\t\t\t\t\t\t<div class=\"elementor-element elementor-element-77a1e1f sc_fly_static elementor-widget elementor-widget-spacer\" data-id=\"77a1e1f\" data-element_type=\"widget\" data-widget_type=\"spacer.default\">\n\t\t\t\t<div class=\"elementor-widget-container\">\n\t\t\t\t\t\t\t<div class=\"elementor-spacer\">\n\t\t\t<div class=\"elementor-spacer-inner\"><\/div>\n\t\t<\/div>\n\t\t\t\t\t\t<\/div>\n\t\t\t\t<\/div>\n\t\t\t\t<section class=\"elementor-section elementor-inner-section elementor-element elementor-element-4162d73 elementor-section-boxed elementor-section-height-default elementor-section-height-default sc_fly_static\" data-id=\"4162d73\" data-element_type=\"section\">\n\t\t\t\t\t\t<div class=\"elementor-container elementor-column-gap-extended\">\n\t\t\t\t\t<div class=\"elementor-column elementor-col-16 elementor-inner-column elementor-element elementor-element-ddddb7d sc_content_align_inherit sc_layouts_column_icons_position_left sc_fly_static\" data-id=\"ddddb7d\" data-element_type=\"column\">\n\t\t\t<div class=\"elementor-widget-wrap\">\n\t\t\t\t\t\t\t<\/div>\n\t\t<\/div>\n\t\t\t\t<div class=\"elementor-column elementor-col-66 elementor-inner-column elementor-element elementor-element-b63d265 sc_content_align_inherit sc_layouts_column_icons_position_left sc_fly_static\" data-id=\"b63d265\" data-element_type=\"column\">\n\t\t\t<div class=\"elementor-widget-wrap elementor-element-populated\">\n\t\t\t\t\t\t<div class=\"elementor-element elementor-element-cf67778 sc_fly_static elementor-widget elementor-widget-trx_sc_title\" data-id=\"cf67778\" data-element_type=\"widget\" data-widget_type=\"trx_sc_title.default\">\n\t\t\t\t<div class=\"elementor-widget-container\">\n\t\t\t\t\t<div\t\tclass=\"sc_title sc_title_gradient\" ><h5 class=\"sc_item_title sc_title_title sc_align_center sc_item_title_style_gradient sc_item_title_tag\"\n\t\t\t><span class=\"sc_item_title_text  trx_addons_text_gradient trx_addons_text_gradient_fill_block\" style=\"color:var(--e-global-color-13ed1179);background:var(--e-global-color-13ed1179);background:linear-gradient(0deg,transparent,var(--e-global-color-13ed1179<\/b>;\">\u00c0 PROPOS DE NOUS<\/span><\/h5><\/div>\t\t\t\t<\/div>\n\t\t\t\t<\/div>\n\t\t\t\t<div class=\"elementor-element elementor-element-a5d7459 sc_fly_static elementor-widget elementor-widget-trx_sc_title\" data-id=\"a5d7459\" data-element_type=\"widget\" data-widget_type=\"trx_sc_title.default\">\n\t\t\t\t<div class=\"elementor-widget-container\">\n\t\t\t\t\t<div\t\tclass=\"sc_title color_style_dark sc_title_default\" ><h1 class=\"sc_item_title sc_title_title sc_align_center sc_item_title_style_default sc_item_title_tag\"\n\t\t\t><span class=\"sc_item_title_text\">Mot de la Fondatrice<\/span><\/h1><\/div>\t\t\t\t<\/div>\n\t\t\t\t<\/div>\n\t\t\t\t\t<\/div>\n\t\t<\/div>\n\t\t\t\t<div class=\"elementor-column elementor-col-16 elementor-inner-column elementor-element elementor-element-69c4aef sc_content_align_inherit sc_layouts_column_icons_position_left sc_fly_static\" data-id=\"69c4aef\" data-element_type=\"column\">\n\t\t\t<div class=\"elementor-widget-wrap\">\n\t\t\t\t\t\t\t<\/div>\n\t\t<\/div>\n\t\t\t\t\t<\/div>\n\t\t<\/section>\n\t\t\t\t<div class=\"elementor-element elementor-element-7fd1a36 sc_fly_static elementor-widget elementor-widget-spacer\" data-id=\"7fd1a36\" data-element_type=\"widget\" data-widget_type=\"spacer.default\">\n\t\t\t\t<div class=\"elementor-widget-container\">\n\t\t\t\t\t\t\t<div class=\"elementor-spacer\">\n\t\t\t<div class=\"elementor-spacer-inner\"><\/div>\n\t\t<\/div>\n\t\t\t\t\t\t<\/div>\n\t\t\t\t<\/div>\n\t\t\t\t\t<\/div>\n\t\t<\/div>\n\t\t\t\t\t<\/div>\n\t\t<\/section>\n\t\t\t\t<section class=\"elementor-section elementor-top-section elementor-element elementor-element-04b0f53 elementor-section-boxed elementor-section-height-default elementor-section-height-default sc_fly_static\" data-id=\"04b0f53\" data-element_type=\"section\">\n\t\t\t\t\t\t<div class=\"elementor-container elementor-column-gap-extended\">\n\t\t\t\t\t<div class=\"elementor-column elementor-col-100 elementor-top-column elementor-element elementor-element-4270773 sc_content_align_inherit sc_layouts_column_icons_position_left sc_fly_static\" data-id=\"4270773\" data-element_type=\"column\">\n\t\t\t<div class=\"elementor-widget-wrap elementor-element-populated\">\n\t\t\t\t\t\t<div class=\"elementor-element elementor-element-bac947f sc_fly_static elementor-widget elementor-widget-trx_sc_anchor\" data-id=\"bac947f\" data-element_type=\"widget\" data-widget_type=\"trx_sc_anchor.default\">\n\t\t\t\t<div class=\"elementor-widget-container\">\n\t\t\t\t\t<a id=\"sc_anchor_anchor\"\ttitle=\"\"  class=\"sc_anchor sc_anchor_default\" data-vc-icon=\"\" data-url=\"\" ><\/a>\t\t\t\t<\/div>\n\t\t\t\t<\/div>\n\t\t\t\t<div class=\"elementor-element elementor-element-e0e0683 sc_height_huge sc_fly_static elementor-widget elementor-widget-spacer\" data-id=\"e0e0683\" data-element_type=\"widget\" data-widget_type=\"spacer.default\">\n\t\t\t\t<div class=\"elementor-widget-container\">\n\t\t\t\t\t\t\t<div class=\"elementor-spacer\">\n\t\t\t<div class=\"elementor-spacer-inner\"><\/div>\n\t\t<\/div>\n\t\t\t\t\t\t<\/div>\n\t\t\t\t<\/div>\n\t\t\t\t\t<\/div>\n\t\t<\/div>\n\t\t\t\t\t<\/div>\n\t\t<\/section>\n\t\t\t\t<section class=\"elementor-section elementor-top-section elementor-element elementor-element-3692f2f elementor-section-boxed elementor-section-height-default elementor-section-height-default sc_fly_static\" data-id=\"3692f2f\" data-element_type=\"section\">\n\t\t\t\t\t\t<div class=\"elementor-container elementor-column-gap-extended\">\n\t\t\t\t\t<div class=\"elementor-column elementor-col-100 elementor-top-column elementor-element elementor-element-3bad5aa3 sc_content_align_inherit sc_layouts_column_icons_position_left sc_fly_static\" data-id=\"3bad5aa3\" data-element_type=\"column\">\n\t\t\t<div class=\"elementor-widget-wrap elementor-element-populated\">\n\t\t\t\t\t\t<div class=\"elementor-element elementor-element-2dccac3d sc_fly_static elementor-widget elementor-widget-text-editor\" data-id=\"2dccac3d\" data-element_type=\"widget\" data-widget_type=\"text-editor.default\">\n\t\t\t\t<div class=\"elementor-widget-container\">\n\t\t\t\t\t\t\t\t\t \t\t\t\t\t\t\t\t<\/div>\n\t\t\t\t<\/div>\n\t\t\t\t\t<\/div>\n\t\t<\/div>\n\t\t\t\t\t<\/div>\n\t\t<\/section>\n\t\t\t\t<section class=\"elementor-section elementor-top-section elementor-element elementor-element-4179193 elementor-section-content-middle elementor-section-boxed elementor-section-height-default elementor-section-height-default sc_fly_static\" data-id=\"4179193\" data-element_type=\"section\" data-settings=\"{&quot;background_background&quot;:&quot;classic&quot;}\">\n\t\t\t\t\t\t<div class=\"elementor-container elementor-column-gap-extended\">\n\t\t\t\t\t<div class=\"elementor-column elementor-col-50 elementor-top-column elementor-element elementor-element-182e4e1 sc_content_align_inherit sc_layouts_column_icons_position_left sc_fly_static\" data-id=\"182e4e1\" data-element_type=\"column\">\n\t\t\t<div class=\"elementor-widget-wrap elementor-element-populated\">\n\t\t\t\t\t\t<section class=\"elementor-section elementor-inner-section elementor-element elementor-element-3ac7e0c elementor-section-content-bottom elementor-section-boxed elementor-section-height-default elementor-section-height-default sc_fly_static\" data-id=\"3ac7e0c\" data-element_type=\"section\">\n\t\t\t\t\t\t<div class=\"elementor-container elementor-column-gap-no\">\n\t\t\t\t\t<div class=\"elementor-column elementor-col-100 elementor-inner-column elementor-element elementor-element-8ecc4d5 sc_content_align_inherit sc_layouts_column_icons_position_left sc_fly_static\" data-id=\"8ecc4d5\" data-element_type=\"column\">\n\t\t\t<div class=\"elementor-widget-wrap elementor-element-populated\">\n\t\t\t\t\t\t<div data-parallax-params=\"{&quot;parallax&quot;:1,&quot;flow&quot;:&quot;entrance&quot;,&quot;crop&quot;:&quot;none&quot;,&quot;ease&quot;:&quot;power2&quot;,&quot;duration&quot;:1,&quot;delay&quot;:0,&quot;squeeze&quot;:1,&quot;text&quot;:&quot;block&quot;,&quot;text_separate&quot;:0,&quot;text_wrap&quot;:0,&quot;mouse&quot;:0,&quot;mouse_type&quot;:&quot;transform3d&quot;,&quot;mouse_tilt_amount&quot;:70,&quot;mouse_speed&quot;:10,&quot;mouse_z&quot;:&quot;&quot;,&quot;mouse_handler&quot;:&quot;row&quot;,&quot;range_start&quot;:0,&quot;range_end&quot;:40,&quot;sticky_offset&quot;:0,&quot;lag&quot;:0,&quot;x_start&quot;:0,&quot;x_start_unit&quot;:&quot;px&quot;,&quot;x_end&quot;:0,&quot;x_end_unit&quot;:&quot;px&quot;,&quot;y_start&quot;:0,&quot;y_start_unit&quot;:&quot;px&quot;,&quot;y_end&quot;:0,&quot;y_end_unit&quot;:&quot;px&quot;,&quot;scale_start&quot;:130,&quot;scale_end&quot;:100,&quot;rotate_start&quot;:20,&quot;rotate_end&quot;:0,&quot;opacity_start&quot;:1,&quot;opacity_end&quot;:1,&quot;crop_start&quot;:0,&quot;crop_end&quot;:100,&quot;blur_start&quot;:0,&quot;blur_end&quot;:0,&quot;backdrop_blur_start&quot;:0,&quot;backdrop_blur_end&quot;:0}\" class=\"elementor-element elementor-element-435439e elementor-absolute sc_parallax sc_parallax_entrance sc_fly_static elementor-widget elementor-widget-image\" data-id=\"435439e\" data-element_type=\"widget\" data-settings=\"{&quot;_position&quot;:&quot;absolute&quot;}\" data-widget_type=\"image.default\">\n\t\t\t\t<div class=\"elementor-widget-container\">\n\t\t\t\t\t\t\t\t\t\t\t\t\t\t\t<img fetchpriority=\"high\" decoding=\"async\" width=\"734\" height=\"427\" src=\"https:\/\/www.bsfinternationalgroup.com\/wp-content\/uploads\/2025\/03\/decoration-map-copyright.png\" class=\"attachment-full size-full wp-image-19157\" alt=\"\" srcset=\"https:\/\/www.bsfinternationalgroup.com\/wp-content\/uploads\/2025\/03\/decoration-map-copyright.png 734w, https:\/\/www.bsfinternationalgroup.com\/wp-content\/uploads\/2025\/03\/decoration-map-copyright-300x175.png 300w, https:\/\/www.bsfinternationalgroup.com\/wp-content\/uploads\/2025\/03\/decoration-map-copyright-370x215.png 370w, https:\/\/www.bsfinternationalgroup.com\/wp-content\/uploads\/2025\/03\/decoration-map-copyright-410x239.png 410w\" sizes=\"(max-width: 734px) 100vw, 734px\" \/>\t\t\t\t\t\t\t\t\t\t\t\t\t\t\t<\/div>\n\t\t\t\t<\/div>\n\t\t\t\t<div class=\"elementor-element elementor-element-7014a5d elementor-widget__width-auto no-title sc_fly_static elementor-widget elementor-widget-image\" data-id=\"7014a5d\" data-element_type=\"widget\" data-widget_type=\"image.default\">\n\t\t\t\t<div class=\"elementor-widget-container\">\n\t\t\t\t\t\t\t\t\t\t\t\t<figure class=\"wp-caption\">\n\t\t\t\t\t\t\t\t\t\t<img decoding=\"async\" width=\"1123\" height=\"1600\" src=\"https:\/\/www.bsfinternationalgroup.com\/wp-content\/uploads\/2025\/03\/Mme.-Bouchra-Saoui-Fedina.jpg\" class=\"attachment-full size-full wp-image-18988\" alt=\"\" srcset=\"https:\/\/www.bsfinternationalgroup.com\/wp-content\/uploads\/2025\/03\/Mme.-Bouchra-Saoui-Fedina.jpg 1123w, https:\/\/www.bsfinternationalgroup.com\/wp-content\/uploads\/2025\/03\/Mme.-Bouchra-Saoui-Fedina-211x300.jpg 211w, https:\/\/www.bsfinternationalgroup.com\/wp-content\/uploads\/2025\/03\/Mme.-Bouchra-Saoui-Fedina-719x1024.jpg 719w, https:\/\/www.bsfinternationalgroup.com\/wp-content\/uploads\/2025\/03\/Mme.-Bouchra-Saoui-Fedina-768x1094.jpg 768w, https:\/\/www.bsfinternationalgroup.com\/wp-content\/uploads\/2025\/03\/Mme.-Bouchra-Saoui-Fedina-1078x1536.jpg 1078w, https:\/\/www.bsfinternationalgroup.com\/wp-content\/uploads\/2025\/03\/Mme.-Bouchra-Saoui-Fedina-370x527.jpg 370w, https:\/\/www.bsfinternationalgroup.com\/wp-content\/uploads\/2025\/03\/Mme.-Bouchra-Saoui-Fedina-840x1197.jpg 840w, https:\/\/www.bsfinternationalgroup.com\/wp-content\/uploads\/2025\/03\/Mme.-Bouchra-Saoui-Fedina-410x584.jpg 410w\" sizes=\"(max-width: 1123px) 100vw, 1123px\" \/>\t\t\t\t\t\t\t\t\t\t\t<figcaption class=\"widget-image-caption wp-caption-text\"><\/figcaption>\n\t\t\t\t\t\t\t\t\t\t<\/figure>\n\t\t\t\t\t\t\t\t\t<\/div>\n\t\t\t\t<\/div>\n\t\t\t\t<div class=\"elementor-element elementor-element-1e14595 scheme_dark elementor-widget-tablet__width-inherit elementor-widget-mobile__width-inherit extra-icon-padding sc_fly_static elementor-widget elementor-widget-trx_sc_icons\" data-id=\"1e14595\" data-element_type=\"widget\" data-widget_type=\"trx_sc_icons.default\">\n\t\t\t\t<div class=\"elementor-widget-container\">\n\t\t\t\t\t<div \tclass=\"sc_icons scheme_dark sc_icons_fill sc_icons_size_medium sc_align_center\" ><div class=\"sc_icons_item with_more\"><div class=\"sc_icons_item_details\"><h4 class=\"sc_icons_item_title\" style=\"color:var(--e-global-color-13ed1179);\"><span>Bouchra Saoui Fedina<\/span><\/h4><div class=\"sc_icons_item_description\"><span>Fondatrice et Directrice G\u00e9n\u00e9rale<br class=\"bsfinternationalgroup-hide-mobile\"><\/span><span><b>BSF International<\/b><\/span><\/div><\/div><\/div><\/div><!-- \/.sc_icons -->\t\t\t\t<\/div>\n\t\t\t\t<\/div>\n\t\t\t\t<div class=\"elementor-element elementor-element-369a842 sc_fly_static elementor-widget elementor-widget-spacer\" data-id=\"369a842\" data-element_type=\"widget\" data-widget_type=\"spacer.default\">\n\t\t\t\t<div class=\"elementor-widget-container\">\n\t\t\t\t\t\t\t<div class=\"elementor-spacer\">\n\t\t\t<div class=\"elementor-spacer-inner\"><\/div>\n\t\t<\/div>\n\t\t\t\t\t\t<\/div>\n\t\t\t\t<\/div>\n\t\t\t\t<div class=\"elementor-element elementor-element-2be66ca sc_fly_static elementor-widget elementor-widget-trx_sc_socials\" data-id=\"2be66ca\" data-element_type=\"widget\" data-widget_type=\"trx_sc_socials.default\">\n\t\t\t\t<div class=\"elementor-widget-container\">\n\t\t\t\t\t<div  \n\t\tclass=\"sc_socials sc_socials_icons_names sc_align_center\" ><div class=\"socials_wrap sc_item_content\"><a target=\"_blank\" rel=\"nofollow noopener\" href=\"https:\/\/www.linkedin.com\/in\/bouchra-saoui-fedina-b5262783\/\" class=\"social_item social_item_style_icons sc_icon_type_icons social_item_type_icons_names\"><span class=\"social_icon social_icon_linkedin\" style=\"\"><span class=\"icon-linkedin\"><\/span><\/span><span class=\"social_name social_linkedin\">Rejoignez Bouchra sur LinkedIn !<\/span><\/a><\/div><\/div>\t\t\t\t<\/div>\n\t\t\t\t<\/div>\n\t\t\t\t\t<\/div>\n\t\t<\/div>\n\t\t\t\t\t<\/div>\n\t\t<\/section>\n\t\t\t\t\t<\/div>\n\t\t<\/div>\n\t\t\t\t<div class=\"elementor-column elementor-col-50 elementor-top-column elementor-element elementor-element-404c23c sc_content_align_inherit sc_layouts_column_icons_position_left sc_fly_static\" data-id=\"404c23c\" data-element_type=\"column\">\n\t\t\t<div class=\"elementor-widget-wrap elementor-element-populated\">\n\t\t\t\t\t\t<div class=\"elementor-element elementor-element-79de028 sc_fly_static elementor-widget elementor-widget-trx_sc_title\" data-id=\"79de028\" data-element_type=\"widget\" data-widget_type=\"trx_sc_title.default\">\n\t\t\t\t<div class=\"elementor-widget-container\">\n\t\t\t\t\t<div\t\tclass=\"sc_title sc_title_default\" ><span class=\"sc_item_subtitle sc_title_subtitle sc_item_subtitle_above sc_item_title_style_default\">Mot de la Fondatrice<\/span><h1 class=\"sc_item_title sc_title_title sc_item_title_style_default sc_item_title_tag\"\n\t\t\t><span class=\"sc_item_title_text\">Une vision tourn\u00e9e <br class=\"bsfinternationalgroup-hide-mobile\"> \nvers <span class=\"bsfinternationalgroup-keywrdcolors\">l\u2019excellence<\/span> <br class=\"bsfinternationalgroup-hide-mobile\"> \net <span class=\"bsfinternationalgroup-keywrdcolors\">l\u2019impact durable<\/span><\/span><\/h1><\/div>\t\t\t\t<\/div>\n\t\t\t\t<\/div>\n\t\t\t\t<div class=\"elementor-element elementor-element-b120f41 sc_fly_static elementor-widget elementor-widget-spacer\" data-id=\"b120f41\" data-element_type=\"widget\" data-widget_type=\"spacer.default\">\n\t\t\t\t<div class=\"elementor-widget-container\">\n\t\t\t\t\t\t\t<div class=\"elementor-spacer\">\n\t\t\t<div class=\"elementor-spacer-inner\"><\/div>\n\t\t<\/div>\n\t\t\t\t\t\t<\/div>\n\t\t\t\t<\/div>\n\t\t\t\t<div class=\"elementor-element elementor-element-6e015d0 sc_fly_static elementor-widget elementor-widget-text-editor\" data-id=\"6e015d0\" data-element_type=\"widget\" data-widget_type=\"text-editor.default\">\n\t\t\t\t<div class=\"elementor-widget-container\">\n\t\t\t\t\t\t\t\t\t<p><span style=\"font-weight: 400;\">Bienvenue chez <\/span><b>BSF International<\/b><span style=\"font-weight: 400;\">,<\/span><\/p><p data-start=\"78\" data-end=\"554\">Apr\u00e8s une carri\u00e8re dans la grande distribution et la cr\u00e9ation d\u2019une filiale au Maroc, j\u2019ai pu observer les d\u00e9fis majeurs des entreprises : <strong data-start=\"217\" data-end=\"293\">gestion des stocks, optimisation des surplus et expansion internationale<\/strong>. C\u2019est avec cette vision globale que j\u2019ai fond\u00e9 <strong data-start=\"342\" data-end=\"369\" data-is-only-node=\"\">BSF International<\/strong>, une entreprise engag\u00e9e \u00e0 cr\u00e9er des <strong data-start=\"406\" data-end=\"468\">synergies strat\u00e9giques entre fournisseurs et distributeurs<\/strong>, en alliant <strong data-start=\"481\" data-end=\"551\">performance \u00e9conomique, \u00e9thique et responsabilit\u00e9 environnementale<\/strong>.<\/p><p data-start=\"556\" data-end=\"761\">Je remercie nos partenaires et clients pour leur confiance. Ensemble, nous b\u00e2tissons un mod\u00e8le d\u2019affaires <strong data-start=\"662\" data-end=\"685\">innovant et durable<\/strong>, pr\u00eat \u00e0 relever de nouveaux d\u00e9fis et \u00e0 saisir les opportunit\u00e9s de demain.<\/p>\t\t\t\t\t\t\t\t<\/div>\n\t\t\t\t<\/div>\n\t\t\t\t<div class=\"elementor-element elementor-element-ad3b65e sc_fly_static elementor-widget elementor-widget-spacer\" data-id=\"ad3b65e\" data-element_type=\"widget\" data-widget_type=\"spacer.default\">\n\t\t\t\t<div class=\"elementor-widget-container\">\n\t\t\t\t\t\t\t<div class=\"elementor-spacer\">\n\t\t\t<div class=\"elementor-spacer-inner\"><\/div>\n\t\t<\/div>\n\t\t\t\t\t\t<\/div>\n\t\t\t\t<\/div>\n\t\t\t\t<div class=\"elementor-element elementor-element-73aa491 sc_layouts_hide_on_mobile sc_fly_static elementor-widget elementor-widget-spacer\" data-id=\"73aa491\" data-element_type=\"widget\" data-widget_type=\"spacer.default\">\n\t\t\t\t<div class=\"elementor-widget-container\">\n\t\t\t\t\t\t\t<div class=\"elementor-spacer\">\n\t\t\t<div class=\"elementor-spacer-inner\"><\/div>\n\t\t<\/div>\n\t\t\t\t\t\t<\/div>\n\t\t\t\t<\/div>\n\t\t\t\t\t<\/div>\n\t\t<\/div>\n\t\t\t\t\t<\/div>\n\t\t<\/section>\n\t\t\t\t<section class=\"elementor-section elementor-top-section elementor-element elementor-element-03321ad elementor-section-boxed elementor-section-height-default elementor-section-height-default sc_fly_static\" data-id=\"03321ad\" data-element_type=\"section\" data-settings=\"{&quot;background_background&quot;:&quot;classic&quot;}\">\n\t\t\t\t\t\t<div class=\"elementor-container elementor-column-gap-extended\">\n\t\t\t\t\t<div class=\"elementor-column elementor-col-100 elementor-top-column elementor-element elementor-element-2f4a766 sc_content_align_inherit sc_layouts_column_icons_position_left sc_fly_static\" data-id=\"2f4a766\" data-element_type=\"column\">\n\t\t\t<div class=\"elementor-widget-wrap elementor-element-populated\">\n\t\t\t\t\t\t<div class=\"elementor-element elementor-element-ecaddf8 sc_height_huge sc_fly_static elementor-widget elementor-widget-spacer\" data-id=\"ecaddf8\" data-element_type=\"widget\" data-widget_type=\"spacer.default\">\n\t\t\t\t<div class=\"elementor-widget-container\">\n\t\t\t\t\t\t\t<div class=\"elementor-spacer\">\n\t\t\t<div class=\"elementor-spacer-inner\"><\/div>\n\t\t<\/div>\n\t\t\t\t\t\t<\/div>\n\t\t\t\t<\/div>\n\t\t\t\t<div class=\"elementor-element elementor-element-3d0f25f sc_layouts_hide_on_notebook sc_layouts_hide_on_tablet sc_layouts_hide_on_mobile sc_fly_static elementor-widget elementor-widget-spacer\" data-id=\"3d0f25f\" data-element_type=\"widget\" data-widget_type=\"spacer.default\">\n\t\t\t\t<div class=\"elementor-widget-container\">\n\t\t\t\t\t\t\t<div class=\"elementor-spacer\">\n\t\t\t<div class=\"elementor-spacer-inner\"><\/div>\n\t\t<\/div>\n\t\t\t\t\t\t<\/div>\n\t\t\t\t<\/div>\n\t\t\t\t\t<\/div>\n\t\t<\/div>\n\t\t\t\t\t<\/div>\n\t\t<\/section>\n\t\t\t\t<\/div>\n\t\t","protected":false},"excerpt":{"rendered":"<p>;\u00a0\u00bb>\u00c0 PROPOS DE NOUS Mot de la Fondatrice Bouchra Saoui Fedina Fondatrice et Directrice G\u00e9n\u00e9raleBSF International Rejoignez Bouchra sur LinkedIn ! Mot de la Fondatrice Une vision tourn\u00e9e vers l\u2019excellence&hellip;<\/p>\n","protected":false},"author":12,"featured_media":18949,"parent":17980,"menu_order":0,"comment_status":"closed","ping_status":"closed","template":"","meta":{"footnotes":""},"class_list":["post-17981","page","type-page","status-publish","has-post-thumbnail","hentry"],"_links":{"self":[{"href":"https:\/\/www.bsfinternationalgroup.com\/fr\/wp-json\/wp\/v2\/pages\/17981","targetHints":{"allow":["GET"]}}],"collection":[{"href":"https:\/\/www.bsfinternationalgroup.com\/fr\/wp-json\/wp\/v2\/pages"}],"about":[{"href":"https:\/\/www.bsfinternationalgroup.com\/fr\/wp-json\/wp\/v2\/types\/page"}],"author":[{"embeddable":true,"href":"https:\/\/www.bsfinternationalgroup.com\/fr\/wp-json\/wp\/v2\/users\/12"}],"replies":[{"embeddable":true,"href":"https:\/\/www.bsfinternationalgroup.com\/fr\/wp-json\/wp\/v2\/comments?post=17981"}],"version-history":[{"count":111,"href":"https:\/\/www.bsfinternationalgroup.com\/fr\/wp-json\/wp\/v2\/pages\/17981\/revisions"}],"predecessor-version":[{"id":21537,"href":"https:\/\/www.bsfinternationalgroup.com\/fr\/wp-json\/wp\/v2\/pages\/17981\/revisions\/21537"}],"up":[{"embeddable":true,"href":"https:\/\/www.bsfinternationalgroup.com\/fr\/wp-json\/wp\/v2\/pages\/17980"}],"wp:featuredmedia":[{"embeddable":true,"href":"https:\/\/www.bsfinternationalgroup.com\/fr\/wp-json\/wp\/v2\/media\/18949"}],"wp:attachment":[{"href":"https:\/\/www.bsfinternationalgroup.com\/fr\/wp-json\/wp\/v2\/media?parent=17981"}],"curies":[{"name":"wp","href":"https:\/\/api.w.org\/{rel}","templated":true}]}}