{"id":17983,"date":"2025-02-19T03:21:48","date_gmt":"2025-02-19T03:21:48","guid":{"rendered":"https:\/\/bsfinternationalgroup.com\/?page_id=17983"},"modified":"2025-08-20T14:56:59","modified_gmt":"2025-08-20T12:56:59","slug":"blog","status":"publish","type":"page","link":"https:\/\/www.bsfinternationalgroup.com\/fr\/blog\/","title":{"rendered":"Blog"},"content":{"rendered":"\t\t<div data-elementor-type=\"wp-page\" data-elementor-id=\"17983\" class=\"elementor elementor-17983\" data-elementor-post-type=\"page\">\n\t\t\t\t\t\t<section class=\"elementor-section elementor-top-section elementor-element elementor-element-81a526a elementor-section-full_width scheme_dark elementor-section-height-min-height elementor-section-height-default elementor-section-items-middle sc_fly_static\" data-id=\"81a526a\" data-element_type=\"section\" data-settings=\"{&quot;background_background&quot;:&quot;classic&quot;}\">\n\t\t\t\t\t\t\t<div class=\"elementor-background-overlay\"><\/div>\n\t\t\t\t\t\t\t<div class=\"elementor-container elementor-column-gap-extended\">\n\t\t\t\t\t<div class=\"elementor-column elementor-col-100 elementor-top-column elementor-element elementor-element-ba5c675 sc_content_align_inherit sc_layouts_column_icons_position_left sc_fly_static\" data-id=\"ba5c675\" data-element_type=\"column\">\n\t\t\t<div class=\"elementor-widget-wrap elementor-element-populated\">\n\t\t\t\t\t\t<div class=\"elementor-element elementor-element-7efe488 sc_fly_static elementor-widget elementor-widget-spacer\" data-id=\"7efe488\" data-element_type=\"widget\" data-widget_type=\"spacer.default\">\n\t\t\t\t<div class=\"elementor-widget-container\">\n\t\t\t\t\t\t\t<div class=\"elementor-spacer\">\n\t\t\t<div class=\"elementor-spacer-inner\"><\/div>\n\t\t<\/div>\n\t\t\t\t\t\t<\/div>\n\t\t\t\t<\/div>\n\t\t\t\t<section class=\"elementor-section elementor-inner-section elementor-element elementor-element-e87e985 elementor-section-boxed elementor-section-height-default elementor-section-height-default sc_fly_static\" data-id=\"e87e985\" data-element_type=\"section\">\n\t\t\t\t\t\t<div class=\"elementor-container elementor-column-gap-extended\">\n\t\t\t\t\t<div class=\"elementor-column elementor-col-16 elementor-inner-column elementor-element elementor-element-4b43a3b sc_content_align_inherit sc_layouts_column_icons_position_left sc_fly_static\" data-id=\"4b43a3b\" data-element_type=\"column\">\n\t\t\t<div class=\"elementor-widget-wrap\">\n\t\t\t\t\t\t\t<\/div>\n\t\t<\/div>\n\t\t\t\t<div class=\"elementor-column elementor-col-66 elementor-inner-column elementor-element elementor-element-8c33a85 sc_content_align_inherit sc_layouts_column_icons_position_left sc_fly_static\" data-id=\"8c33a85\" data-element_type=\"column\">\n\t\t\t<div class=\"elementor-widget-wrap elementor-element-populated\">\n\t\t\t\t\t\t<div class=\"elementor-element elementor-element-b8b638f sc_fly_static elementor-widget elementor-widget-trx_sc_title\" data-id=\"b8b638f\" data-element_type=\"widget\" data-widget_type=\"trx_sc_title.default\">\n\t\t\t\t<div class=\"elementor-widget-container\">\n\t\t\t\t\t<div\t\tclass=\"sc_title color_style_dark sc_title_default\" ><span class=\"sc_item_subtitle sc_title_subtitle sc_align_center sc_item_subtitle_above sc_item_title_style_default\">Blog & Articles #BSF<\/span><h1 class=\"sc_item_title sc_title_title sc_align_center sc_item_title_style_default sc_item_title_tag\"\n\t\t\t><span class=\"sc_item_title_text\">Nos derni\u00e8res publications\n<\/span><\/h1><\/div>\t\t\t\t<\/div>\n\t\t\t\t<\/div>\n\t\t\t\t\t<\/div>\n\t\t<\/div>\n\t\t\t\t<div class=\"elementor-column elementor-col-16 elementor-inner-column elementor-element elementor-element-2a4c2c3 sc_content_align_inherit sc_layouts_column_icons_position_left sc_fly_static\" data-id=\"2a4c2c3\" data-element_type=\"column\">\n\t\t\t<div class=\"elementor-widget-wrap\">\n\t\t\t\t\t\t\t<\/div>\n\t\t<\/div>\n\t\t\t\t\t<\/div>\n\t\t<\/section>\n\t\t\t\t<div class=\"elementor-element elementor-element-0757432 sc_fly_static elementor-widget elementor-widget-spacer\" data-id=\"0757432\" data-element_type=\"widget\" data-widget_type=\"spacer.default\">\n\t\t\t\t<div class=\"elementor-widget-container\">\n\t\t\t\t\t\t\t<div class=\"elementor-spacer\">\n\t\t\t<div class=\"elementor-spacer-inner\"><\/div>\n\t\t<\/div>\n\t\t\t\t\t\t<\/div>\n\t\t\t\t<\/div>\n\t\t\t\t\t<\/div>\n\t\t<\/div>\n\t\t\t\t\t<\/div>\n\t\t<\/section>\n\t\t\t\t<section class=\"elementor-section elementor-top-section elementor-element elementor-element-82ab429 elementor-section-boxed elementor-section-height-default elementor-section-height-default sc_fly_static\" data-id=\"82ab429\" data-element_type=\"section\">\n\t\t\t\t\t\t<div class=\"elementor-container elementor-column-gap-extended\">\n\t\t\t\t\t<div class=\"elementor-column elementor-col-100 elementor-top-column elementor-element elementor-element-40ef910 sc_content_align_inherit sc_layouts_column_icons_position_left sc_fly_static\" data-id=\"40ef910\" data-element_type=\"column\">\n\t\t\t<div class=\"elementor-widget-wrap elementor-element-populated\">\n\t\t\t\t\t\t<div class=\"elementor-element elementor-element-8e90fe9 sc_fly_static elementor-widget elementor-widget-trx_sc_anchor\" data-id=\"8e90fe9\" data-element_type=\"widget\" data-widget_type=\"trx_sc_anchor.default\">\n\t\t\t\t<div class=\"elementor-widget-container\">\n\t\t\t\t\t<a id=\"sc_anchor_anchor\"\ttitle=\"\"  class=\"sc_anchor sc_anchor_default\" data-vc-icon=\"\" data-url=\"\" ><\/a>\t\t\t\t<\/div>\n\t\t\t\t<\/div>\n\t\t\t\t<div class=\"elementor-element elementor-element-6439375 sc_height_huge sc_fly_static elementor-widget elementor-widget-spacer\" data-id=\"6439375\" data-element_type=\"widget\" data-widget_type=\"spacer.default\">\n\t\t\t\t<div class=\"elementor-widget-container\">\n\t\t\t\t\t\t\t<div class=\"elementor-spacer\">\n\t\t\t<div class=\"elementor-spacer-inner\"><\/div>\n\t\t<\/div>\n\t\t\t\t\t\t<\/div>\n\t\t\t\t<\/div>\n\t\t\t\t\t<\/div>\n\t\t<\/div>\n\t\t\t\t\t<\/div>\n\t\t<\/section>\n\t\t\t\t<section class=\"elementor-section elementor-top-section elementor-element elementor-element-7d50fe9 elementor-section-boxed elementor-section-height-default elementor-section-height-default sc_fly_static\" data-id=\"7d50fe9\" data-element_type=\"section\">\n\t\t\t\t\t\t<div class=\"elementor-container elementor-column-gap-extended\">\n\t\t\t\t\t<div class=\"elementor-column elementor-col-100 elementor-top-column elementor-element elementor-element-2865483 sc_content_align_inherit sc_layouts_column_icons_position_left sc_fly_static\" data-id=\"2865483\" data-element_type=\"column\">\n\t\t\t<div class=\"elementor-widget-wrap elementor-element-populated\">\n\t\t\t\t\t\t<div class=\"elementor-element elementor-element-1f1d63d sc_style_default sc_fly_static elementor-widget elementor-widget-trx_sc_blogger\" data-id=\"1f1d63d\" data-element_type=\"widget\" data-widget_type=\"trx_sc_blogger.default\">\n\t\t\t\t<div class=\"elementor-widget-container\">\n\t\t\t\t\t<div \t\tclass=\"sc_blogger sc_blogger_default sc_blogger_default_classic sc_item_filters_tabs_none alignnone\" ><div class=\"sc_blogger_columns_wrap sc_item_columns sc_item_posts_container trx_addons_columns_wrap columns_padding_bottom\" ><div class=\"trx_addons_column-1_3\"><div data-post-id=\"17944\" data-item-number=\"1\" class=\"sc_blogger_item sc_item_container post_container sc_blogger_item_default sc_blogger_item_default_classic sc_blogger_item_odd sc_blogger_item_align_none post_format_standard sc_blogger_item_with_image sc_blogger_item_no_excerpt sc_blogger_item_on_plate sc_blogger_item_image_position_top post-17944 post type-post status-publish format-standard has-post-thumbnail hentry category-distribution-internationale\" ><div class=\"sc_blogger_item_body\"><div class=\"post_featured with_thumb hover_link sc_item_featured sc_blogger_item_featured\"><img fetchpriority=\"high\" decoding=\"async\" width=\"890\" height=\"664\" src=\"https:\/\/www.bsfinternationalgroup.com\/wp-content\/uploads\/2025\/02\/2.-Reussir-son-expansion-sur-les-marches-internationaux-890x664.png\" class=\"attachment-qwery-thumb-square size-qwery-thumb-square wp-post-image\" alt=\"\" \/>\t\t\t\t\t\t<div class=\"mask\"><\/div>\r\n\t\t\t\t\t\t\t\t\t<a href=\"https:\/\/www.bsfinternationalgroup.com\/fr\/expansion-marches-internationaux\/\"  aria-hidden=\"true\" class=\"link\"><\/a>\r\n\t\t\t<\/div><div class=\"sc_blogger_item_content entry-content\"><div class=\"post_meta sc_blogger_item_meta post_meta_categories\"><span class=\"post_meta_item post_categories cat_sep\"><a href=\"https:\/\/www.bsfinternationalgroup.com\/fr\/category\/distribution-internationale\/\" rel=\"category tag\">Distribution internationale<\/a><\/span><\/div><h5 class=\"sc_blogger_item_title entry-title\" data-item-number=\"1\"><a href=\"https:\/\/www.bsfinternationalgroup.com\/fr\/expansion-marches-internationaux\/\" rel=\"bookmark\">D\u00e9velopper votre marque sur les march\u00e9s internationaux<\/a><\/h5><div class=\"post_meta sc_blogger_item_meta post_meta\"><span class=\"post_meta_item post_date\"><a href=\"https:\/\/www.bsfinternationalgroup.com\/fr\/expansion-marches-internationaux\/\">15\/04\/2025<\/a><\/span><\/div><div class=\"sc_blogger_item_button sc_item_button\"><a href=\"https:\/\/www.bsfinternationalgroup.com\/fr\/expansion-marches-internationaux\/\" class=\"item_more_link\"><span class=\"link_text\">Lire l&#039;article<\/span><span class=\"link_icon\"><\/span><\/a><\/div><\/div><!-- .entry-content --><\/div><!-- .sc_blogger_item_body --><\/div><!-- .sc_blogger_item --><\/div><div class=\"trx_addons_column-1_3\"><div data-post-id=\"2599\" data-item-number=\"2\" class=\"sc_blogger_item sc_item_container post_container sc_blogger_item_default sc_blogger_item_default_classic sc_blogger_item_even sc_blogger_item_align_none post_format_standard sc_blogger_item_with_image sc_blogger_item_no_excerpt sc_blogger_item_on_plate sc_blogger_item_image_position_top post-2599 post type-post status-publish format-standard has-post-thumbnail hentry category-conseils-et-guides\" ><div class=\"sc_blogger_item_body\"><div class=\"post_featured with_thumb hover_link sc_item_featured sc_blogger_item_featured\"><img decoding=\"async\" width=\"890\" height=\"664\" src=\"https:\/\/www.bsfinternationalgroup.com\/wp-content\/uploads\/2025\/02\/5.-Comment-maximiser-la-rentabilite-du-destockage-890x664.png\" class=\"attachment-qwery-thumb-square size-qwery-thumb-square wp-post-image\" alt=\"\" \/>\t\t\t\t\t\t<div class=\"mask\"><\/div>\r\n\t\t\t\t\t\t\t\t\t<a href=\"https:\/\/www.bsfinternationalgroup.com\/fr\/guide-optimisation-invendus-2025\/\"  aria-hidden=\"true\" class=\"link\"><\/a>\r\n\t\t\t<\/div><div class=\"sc_blogger_item_content entry-content\"><div class=\"post_meta sc_blogger_item_meta post_meta_categories\"><span class=\"post_meta_item post_categories cat_sep\"><a href=\"https:\/\/www.bsfinternationalgroup.com\/fr\/category\/conseils-et-guides\/\" rel=\"category tag\">Conseils et guides<\/a><\/span><\/div><h5 class=\"sc_blogger_item_title entry-title\" data-item-number=\"2\"><a href=\"https:\/\/www.bsfinternationalgroup.com\/fr\/guide-optimisation-invendus-2025\/\" rel=\"bookmark\">Comment optimiser vos invendus efficacement en 2025 ?<\/a><\/h5><div class=\"post_meta sc_blogger_item_meta post_meta\"><span class=\"post_meta_item post_date\"><a href=\"https:\/\/www.bsfinternationalgroup.com\/fr\/guide-optimisation-invendus-2025\/\">30\/03\/2025<\/a><\/span><\/div><div class=\"sc_blogger_item_button sc_item_button\"><a href=\"https:\/\/www.bsfinternationalgroup.com\/fr\/guide-optimisation-invendus-2025\/\" class=\"item_more_link\"><span class=\"link_text\">Lire l&#039;article<\/span><span class=\"link_icon\"><\/span><\/a><\/div><\/div><!-- .entry-content --><\/div><!-- .sc_blogger_item_body --><\/div><!-- .sc_blogger_item --><\/div><div class=\"trx_addons_column-1_3\"><div data-post-id=\"17942\" data-item-number=\"3\" class=\"sc_blogger_item sc_item_container post_container sc_blogger_item_default sc_blogger_item_default_classic sc_blogger_item_odd sc_blogger_item_align_none post_format_standard sc_blogger_item_with_image sc_blogger_item_no_excerpt sc_blogger_item_on_plate sc_blogger_item_image_position_top post-17942 post type-post status-publish format-standard has-post-thumbnail hentry category-developpement-durable\" ><div class=\"sc_blogger_item_body\"><div class=\"post_featured with_thumb hover_link sc_item_featured sc_blogger_item_featured\"><img decoding=\"async\" width=\"890\" height=\"664\" src=\"https:\/\/www.bsfinternationalgroup.com\/wp-content\/uploads\/2025\/02\/4.-Les-defis-du-transport-et-de-lentreposage-international-890x664.png\" class=\"attachment-qwery-thumb-square size-qwery-thumb-square wp-post-image\" alt=\"\" \/>\t\t\t\t\t\t<div class=\"mask\"><\/div>\r\n\t\t\t\t\t\t\t\t\t<a href=\"https:\/\/www.bsfinternationalgroup.com\/fr\/economie-circulaire-engagement\/\"  aria-hidden=\"true\" class=\"link\"><\/a>\r\n\t\t\t<\/div><div class=\"sc_blogger_item_content entry-content\"><div class=\"post_meta sc_blogger_item_meta post_meta_categories\"><span class=\"post_meta_item post_categories cat_sep\"><a href=\"https:\/\/www.bsfinternationalgroup.com\/fr\/category\/developpement-durable\/\" rel=\"category tag\">D\u00e9veloppement durable<\/a><\/span><\/div><h5 class=\"sc_blogger_item_title entry-title\" data-item-number=\"3\"><a href=\"https:\/\/www.bsfinternationalgroup.com\/fr\/economie-circulaire-engagement\/\" rel=\"bookmark\">Pourquoi adopter l\u2019\u00e9conomie circulaire d\u00e8s maintenant ?<\/a><\/h5><div class=\"post_meta sc_blogger_item_meta post_meta\"><span class=\"post_meta_item post_date\"><a href=\"https:\/\/www.bsfinternationalgroup.com\/fr\/economie-circulaire-engagement\/\">05\/03\/2025<\/a><\/span><\/div><div class=\"sc_blogger_item_button sc_item_button\"><a href=\"https:\/\/www.bsfinternationalgroup.com\/fr\/economie-circulaire-engagement\/\" class=\"item_more_link\"><span class=\"link_text\">Lire l&#039;article<\/span><span class=\"link_icon\"><\/span><\/a><\/div><\/div><!-- .entry-content --><\/div><!-- .sc_blogger_item_body --><\/div><!-- .sc_blogger_item --><\/div><div class=\"trx_addons_column-1_3\"><div data-post-id=\"17945\" data-item-number=\"4\" class=\"sc_blogger_item sc_item_container post_container sc_blogger_item_default sc_blogger_item_default_classic sc_blogger_item_even sc_blogger_item_align_none post_format_standard sc_blogger_item_with_image sc_blogger_item_no_excerpt sc_blogger_item_on_plate sc_blogger_item_image_position_top post-17945 post type-post status-publish format-standard has-post-thumbnail hentry category-destockage-responsable\" ><div class=\"sc_blogger_item_body\"><div class=\"post_featured with_thumb hover_link sc_item_featured sc_blogger_item_featured\"><img loading=\"lazy\" decoding=\"async\" width=\"890\" height=\"664\" src=\"https:\/\/www.bsfinternationalgroup.com\/wp-content\/uploads\/2025\/02\/1.-Destockage-responsable-_-5-avantages-cles-890x664.png\" class=\"attachment-qwery-thumb-square size-qwery-thumb-square wp-post-image\" alt=\"\" \/>\t\t\t\t\t\t<div class=\"mask\"><\/div>\r\n\t\t\t\t\t\t\t\t\t<a href=\"https:\/\/www.bsfinternationalgroup.com\/fr\/destockage-responsable-avantages\/\"  aria-hidden=\"true\" class=\"link\"><\/a>\r\n\t\t\t<\/div><div class=\"sc_blogger_item_content entry-content\"><div class=\"post_meta sc_blogger_item_meta post_meta_categories\"><span class=\"post_meta_item post_categories cat_sep\"><a href=\"https:\/\/www.bsfinternationalgroup.com\/fr\/category\/destockage-responsable\/\" rel=\"category tag\">D\u00e9stockage responsable<\/a><\/span><\/div><h5 class=\"sc_blogger_item_title entry-title\" data-item-number=\"4\"><a href=\"https:\/\/www.bsfinternationalgroup.com\/fr\/destockage-responsable-avantages\/\" rel=\"bookmark\">D\u00e9stockage responsable : 5 b\u00e9n\u00e9fices \u00e0 conna\u00eetre<\/a><\/h5><div class=\"post_meta sc_blogger_item_meta post_meta\"><span class=\"post_meta_item post_date\"><a href=\"https:\/\/www.bsfinternationalgroup.com\/fr\/destockage-responsable-avantages\/\">17\/02\/2025<\/a><\/span><\/div><div class=\"sc_blogger_item_button sc_item_button\"><a href=\"https:\/\/www.bsfinternationalgroup.com\/fr\/destockage-responsable-avantages\/\" class=\"item_more_link\"><span class=\"link_text\">Lire l&#039;article<\/span><span class=\"link_icon\"><\/span><\/a><\/div><\/div><!-- .entry-content --><\/div><!-- .sc_blogger_item_body --><\/div><!-- .sc_blogger_item --><\/div><div class=\"trx_addons_column-1_3\"><div data-post-id=\"17943\" data-item-number=\"5\" class=\"sc_blogger_item sc_item_container post_container sc_blogger_item_default sc_blogger_item_default_classic sc_blogger_item_odd sc_blogger_item_align_none post_format_standard sc_blogger_item_with_image sc_blogger_item_no_excerpt sc_blogger_item_on_plate sc_blogger_item_image_position_top post-17943 post type-post status-publish format-standard has-post-thumbnail hentry category-sourcing-sur-mesure\" ><div class=\"sc_blogger_item_body\"><div class=\"post_featured with_thumb hover_link sc_item_featured sc_blogger_item_featured\"><img loading=\"lazy\" decoding=\"async\" width=\"890\" height=\"664\" src=\"https:\/\/www.bsfinternationalgroup.com\/wp-content\/uploads\/2025\/02\/3.-5-etapes-pour-un-sourcing-sur-mesure-reussi-890x664.png\" class=\"attachment-qwery-thumb-square size-qwery-thumb-square wp-post-image\" alt=\"\" \/>\t\t\t\t\t\t<div class=\"mask\"><\/div>\r\n\t\t\t\t\t\t\t\t\t<a href=\"https:\/\/www.bsfinternationalgroup.com\/fr\/etapes-sourcing-sur-mesure-reussi\/\"  aria-hidden=\"true\" class=\"link\"><\/a>\r\n\t\t\t<\/div><div class=\"sc_blogger_item_content entry-content\"><div class=\"post_meta sc_blogger_item_meta post_meta_categories\"><span class=\"post_meta_item post_categories cat_sep\"><a href=\"https:\/\/www.bsfinternationalgroup.com\/fr\/category\/sourcing-sur-mesure\/\" rel=\"category tag\">Sourcing sur mesure<\/a><\/span><\/div><h5 class=\"sc_blogger_item_title entry-title\" data-item-number=\"5\"><a href=\"https:\/\/www.bsfinternationalgroup.com\/fr\/etapes-sourcing-sur-mesure-reussi\/\" rel=\"bookmark\">Sourcing sur mesure : 5 \u00e9tapes cl\u00e9s pour r\u00e9ussir<\/a><\/h5><div class=\"post_meta sc_blogger_item_meta post_meta\"><span class=\"post_meta_item post_date\"><a href=\"https:\/\/www.bsfinternationalgroup.com\/fr\/etapes-sourcing-sur-mesure-reussi\/\">08\/01\/2025<\/a><\/span><\/div><div class=\"sc_blogger_item_button sc_item_button\"><a href=\"https:\/\/www.bsfinternationalgroup.com\/fr\/etapes-sourcing-sur-mesure-reussi\/\" class=\"item_more_link\"><span class=\"link_text\">Lire l&#039;article<\/span><span class=\"link_icon\"><\/span><\/a><\/div><\/div><!-- .entry-content --><\/div><!-- .sc_blogger_item_body --><\/div><!-- .sc_blogger_item --><\/div><\/div><\/div>\t\t\t\t<\/div>\n\t\t\t\t<\/div>\n\t\t\t\t\t<\/div>\n\t\t<\/div>\n\t\t\t\t\t<\/div>\n\t\t<\/section>\n\t\t\t\t<section class=\"elementor-section elementor-top-section elementor-element elementor-element-55a4b82 elementor-section-boxed elementor-section-height-default elementor-section-height-default sc_fly_static\" data-id=\"55a4b82\" data-element_type=\"section\">\n\t\t\t\t\t\t<div class=\"elementor-container elementor-column-gap-extended\">\n\t\t\t\t\t<div class=\"elementor-column elementor-col-100 elementor-top-column elementor-element elementor-element-b5c25ca sc_content_align_inherit sc_layouts_column_icons_position_left sc_fly_static\" data-id=\"b5c25ca\" data-element_type=\"column\">\n\t\t\t<div class=\"elementor-widget-wrap elementor-element-populated\">\n\t\t\t\t\t\t<div class=\"elementor-element elementor-element-33afe1a sc_fly_static elementor-widget elementor-widget-trx_sc_anchor\" data-id=\"33afe1a\" data-element_type=\"widget\" data-widget_type=\"trx_sc_anchor.default\">\n\t\t\t\t<div class=\"elementor-widget-container\">\n\t\t\t\t\t<a id=\"sc_anchor_anchor\"\ttitle=\"\"  class=\"sc_anchor sc_anchor_default\" data-vc-icon=\"\" data-url=\"\" ><\/a>\t\t\t\t<\/div>\n\t\t\t\t<\/div>\n\t\t\t\t<div class=\"elementor-element elementor-element-6d2e83d sc_height_huge sc_fly_static elementor-widget elementor-widget-spacer\" data-id=\"6d2e83d\" data-element_type=\"widget\" data-widget_type=\"spacer.default\">\n\t\t\t\t<div class=\"elementor-widget-container\">\n\t\t\t\t\t\t\t<div class=\"elementor-spacer\">\n\t\t\t<div class=\"elementor-spacer-inner\"><\/div>\n\t\t<\/div>\n\t\t\t\t\t\t<\/div>\n\t\t\t\t<\/div>\n\t\t\t\t\t<\/div>\n\t\t<\/div>\n\t\t\t\t\t<\/div>\n\t\t<\/section>\n\t\t\t\t<\/div>\n\t\t","protected":false},"excerpt":{"rendered":"<p>Blog &#038; Articles #BSF Nos derni\u00e8res publications Distribution internationale D\u00e9velopper votre marque sur les march\u00e9s internationaux 15\/04\/2025Lire l&#039;article Conseils et guides Comment optimiser vos invendus efficacement en 2025 ? 30\/03\/2025Lire&hellip;<\/p>\n","protected":false},"author":12,"featured_media":18949,"parent":0,"menu_order":0,"comment_status":"closed","ping_status":"closed","template":"","meta":{"footnotes":""},"class_list":["post-17983","page","type-page","status-publish","has-post-thumbnail","hentry"],"_links":{"self":[{"href":"https:\/\/www.bsfinternationalgroup.com\/fr\/wp-json\/wp\/v2\/pages\/17983","targetHints":{"allow":["GET"]}}],"collection":[{"href":"https:\/\/www.bsfinternationalgroup.com\/fr\/wp-json\/wp\/v2\/pages"}],"about":[{"href":"https:\/\/www.bsfinternationalgroup.com\/fr\/wp-json\/wp\/v2\/types\/page"}],"author":[{"embeddable":true,"href":"https:\/\/www.bsfinternationalgroup.com\/fr\/wp-json\/wp\/v2\/users\/12"}],"replies":[{"embeddable":true,"href":"https:\/\/www.bsfinternationalgroup.com\/fr\/wp-json\/wp\/v2\/comments?post=17983"}],"version-history":[{"count":35,"href":"https:\/\/www.bsfinternationalgroup.com\/fr\/wp-json\/wp\/v2\/pages\/17983\/revisions"}],"predecessor-version":[{"id":21502,"href":"https:\/\/www.bsfinternationalgroup.com\/fr\/wp-json\/wp\/v2\/pages\/17983\/revisions\/21502"}],"wp:featuredmedia":[{"embeddable":true,"href":"https:\/\/www.bsfinternationalgroup.com\/fr\/wp-json\/wp\/v2\/media\/18949"}],"wp:attachment":[{"href":"https:\/\/www.bsfinternationalgroup.com\/fr\/wp-json\/wp\/v2\/media?parent=17983"}],"curies":[{"name":"wp","href":"https:\/\/api.w.org\/{rel}","templated":true}]}}