{"id":17992,"date":"2025-02-13T12:05:28","date_gmt":"2025-02-13T12:05:28","guid":{"rendered":"https:\/\/bsfinternationalgroup.com\/?page_id=17992"},"modified":"2025-07-28T16:30:21","modified_gmt":"2025-07-28T14:30:21","slug":"contact","status":"publish","type":"page","link":"https:\/\/www.bsfinternationalgroup.com\/fr\/contact\/","title":{"rendered":"Contact"},"content":{"rendered":"\t\t<div data-elementor-type=\"wp-page\" data-elementor-id=\"17992\" class=\"elementor elementor-17992\" data-elementor-post-type=\"page\">\n\t\t\t\t\t\t<section class=\"elementor-section elementor-top-section elementor-element elementor-element-f89f410 elementor-section-boxed elementor-section-height-default elementor-section-height-default sc_fly_static\" data-id=\"f89f410\" data-element_type=\"section\" data-settings=\"{&quot;background_background&quot;:&quot;classic&quot;}\">\n\t\t\t\t\t\t<div class=\"elementor-container elementor-column-gap-extended\">\n\t\t\t\t\t<div class=\"elementor-column elementor-col-100 elementor-top-column elementor-element elementor-element-581ce29 sc_content_align_inherit sc_layouts_column_icons_position_left sc_fly_static\" data-id=\"581ce29\" data-element_type=\"column\">\n\t\t\t<div class=\"elementor-widget-wrap elementor-element-populated\">\n\t\t\t\t\t\t<div class=\"elementor-element elementor-element-e6afb07 sc_height_huge sc_fly_static elementor-widget elementor-widget-spacer\" data-id=\"e6afb07\" data-element_type=\"widget\" data-widget_type=\"spacer.default\">\n\t\t\t\t<div class=\"elementor-widget-container\">\n\t\t\t\t\t\t\t<div class=\"elementor-spacer\">\n\t\t\t<div class=\"elementor-spacer-inner\"><\/div>\n\t\t<\/div>\n\t\t\t\t\t\t<\/div>\n\t\t\t\t<\/div>\n\t\t\t\t\t<\/div>\n\t\t<\/div>\n\t\t\t\t\t<\/div>\n\t\t<\/section>\n\t\t\t\t<section class=\"elementor-section elementor-top-section elementor-element elementor-element-9fce220 elementor-section-boxed elementor-section-height-default elementor-section-height-default sc_fly_static\" data-id=\"9fce220\" data-element_type=\"section\" data-settings=\"{&quot;background_background&quot;:&quot;classic&quot;}\">\n\t\t\t\t\t\t<div class=\"elementor-container elementor-column-gap-extended\">\n\t\t\t\t\t<div class=\"elementor-column elementor-col-50 elementor-top-column elementor-element elementor-element-376599d sc_content_align_inherit sc_layouts_column_icons_position_left sc_fly_static\" data-id=\"376599d\" data-element_type=\"column\">\n\t\t\t<div class=\"elementor-widget-wrap elementor-element-populated\">\n\t\t\t\t\t\t<div class=\"elementor-element elementor-element-962a943 elementor-widget__width-initial sc_fly_static elementor-widget elementor-widget-trx_sc_title\" data-id=\"962a943\" data-element_type=\"widget\" data-widget_type=\"trx_sc_title.default\">\n\t\t\t\t<div class=\"elementor-widget-container\">\n\t\t\t\t\t<div\t\tclass=\"sc_title sc_title_default\" ><span class=\"sc_item_subtitle sc_title_subtitle sc_item_subtitle_above sc_item_title_style_default\">Contactez BSF International<\/span><h1 class=\"sc_item_title sc_title_title sc_item_title_style_default sc_item_title_tag\"\n\t\t\t><span class=\"sc_item_title_text\">Des <span class=\"has-text-link-2-color\">questions ?<\/span> <br> Contactez-nous !\n<\/span><\/h1><div class=\"sc_item_descr sc_title_descr\"><p>Une question ? Un projet \u00e0 concr\u00e9tiser ?<br \/>\nNotre \u00e9quipe est \u00e0 votre disposition pour r\u00e9pondre \u00e0 vos demandes et vous accompagner avec des solutions sur mesure.<\/p>\n<p>Remplissez le formulaire ci-dessous, et nous reviendrons vers vous dans les plus brefs d\u00e9lais.<\/p>\n<\/div><\/div>\t\t\t\t<\/div>\n\t\t\t\t<\/div>\n\t\t\t\t<div class=\"elementor-element elementor-element-698c299 sc_height_small sc_fly_static elementor-widget elementor-widget-spacer\" data-id=\"698c299\" data-element_type=\"widget\" data-widget_type=\"spacer.default\">\n\t\t\t\t<div class=\"elementor-widget-container\">\n\t\t\t\t\t\t\t<div class=\"elementor-spacer\">\n\t\t\t<div class=\"elementor-spacer-inner\"><\/div>\n\t\t<\/div>\n\t\t\t\t\t\t<\/div>\n\t\t\t\t<\/div>\n\t\t\t\t<div class=\"elementor-element elementor-element-ea117e9 sc_layouts_hide_on_mobile sc_fly_static elementor-widget elementor-widget-spacer\" data-id=\"ea117e9\" data-element_type=\"widget\" data-widget_type=\"spacer.default\">\n\t\t\t\t<div class=\"elementor-widget-container\">\n\t\t\t\t\t\t\t<div class=\"elementor-spacer\">\n\t\t\t<div class=\"elementor-spacer-inner\"><\/div>\n\t\t<\/div>\n\t\t\t\t\t\t<\/div>\n\t\t\t\t<\/div>\n\t\t\t\t<div class=\"elementor-element elementor-element-47ed5db sc_fly_static elementor-widget elementor-widget-trx_sc_googlemap\" data-id=\"47ed5db\" data-element_type=\"widget\" data-widget_type=\"trx_sc_googlemap.default\">\n\t\t\t\t<div class=\"elementor-widget-container\">\n\t\t\t\t\t<div id=\"sc_googlemap_2043333958_wrap\" class=\"sc_googlemap_wrap\"><div id=\"sc_googlemap_2043333958\"\t\t\tclass=\"sc_item_content sc_map sc_googlemap sc_googlemap_default trx_addons_inline_755355118\"\n\t\t\t \t\t\tdata-zoom=\"13\"\n\t\t\tdata-center=\"\"\n\t\t\tdata-style=\"extra\"\n\t\t\tdata-map-id=\"\"\n\t\t\tdata-cluster-icon=\"\"\n\t\t\t><iframe\n\t\t\t\t\t\tsrc=\"https:\/\/maps.google.com\/maps?t=m&output=embed&iwloc=near&z=13&q=3D+Rue+de+Paris%2C+35510+Cesson-S%C3%A9vign%C3%A9%2C+France\"\n\t\t\t\t\t\taria-label=\"\"><\/iframe><\/div><\/div>\t\t\t\t<\/div>\n\t\t\t\t<\/div>\n\t\t\t\t\t<\/div>\n\t\t<\/div>\n\t\t\t\t<div class=\"elementor-column elementor-col-50 elementor-top-column elementor-element elementor-element-b52275f sc_content_align_inherit sc_layouts_column_icons_position_left sc_fly_static\" data-id=\"b52275f\" data-element_type=\"column\" data-settings=\"{&quot;background_background&quot;:&quot;classic&quot;}\">\n\t\t\t<div class=\"elementor-widget-wrap elementor-element-populated\">\n\t\t\t\t\t\t<div class=\"elementor-element elementor-element-4f6f73c sc_layouts_hide_on_tablet sc_fly_static elementor-widget elementor-widget-spacer\" data-id=\"4f6f73c\" data-element_type=\"widget\" data-widget_type=\"spacer.default\">\n\t\t\t\t<div class=\"elementor-widget-container\">\n\t\t\t\t\t\t\t<div class=\"elementor-spacer\">\n\t\t\t<div class=\"elementor-spacer-inner\"><\/div>\n\t\t<\/div>\n\t\t\t\t\t\t<\/div>\n\t\t\t\t<\/div>\n\t\t\t\t<div class=\"elementor-element elementor-element-93fb2b2 sc_fly_static elementor-widget elementor-widget-trx_sc_contact_form_7\" data-id=\"93fb2b2\" data-element_type=\"widget\" data-widget_type=\"trx_sc_contact_form_7.default\">\n\t\t\t\t<div class=\"elementor-widget-container\">\n\t\t\t\t\t\n<div class=\"wpcf7 no-js\" id=\"wpcf7-f1413-o1\" lang=\"en-US\" dir=\"ltr\" data-wpcf7-id=\"1413\">\n<div class=\"screen-reader-response\"><p role=\"status\" aria-live=\"polite\" aria-atomic=\"true\"><\/p> <ul><\/ul><\/div>\n<form action=\"\/fr\/wp-json\/wp\/v2\/pages\/17992#wpcf7-f1413-o1\" method=\"post\" class=\"wpcf7-form init\" aria-label=\"Contact form\" novalidate=\"novalidate\" data-status=\"init\">\n<fieldset class=\"hidden-fields-container\"><input type=\"hidden\" name=\"_wpcf7\" value=\"1413\" \/><input type=\"hidden\" name=\"_wpcf7_version\" value=\"6.1\" \/><input type=\"hidden\" name=\"_wpcf7_locale\" value=\"en_US\" \/><input type=\"hidden\" name=\"_wpcf7_unit_tag\" value=\"wpcf7-f1413-o1\" \/><input type=\"hidden\" name=\"_wpcf7_container_post\" value=\"0\" \/><input type=\"hidden\" name=\"_wpcf7_posted_data_hash\" value=\"\" \/><input type=\"hidden\" name=\"_wpcf7_recaptcha_response\" value=\"\" \/>\n<\/fieldset>\n<div class=\"form-style-7\">\n\t<div class=\"columns_wrap\">\n\t\t<div class=\"column-1_1\">\n\t\t\t<p><span class=\"style-line icon-name\"><span class=\"wpcf7-form-control-wrap\" data-name=\"full-name\"><input size=\"40\" maxlength=\"400\" class=\"wpcf7-form-control wpcf7-text wpcf7-validates-as-required\" aria-required=\"true\" aria-invalid=\"false\" placeholder=\"Nom complet\" value=\"\" type=\"text\" name=\"full-name\" \/><\/span><\/span>\n\t\t\t<\/p>\n\t\t<\/div>\n\t\t<div class=\"column-1_1\">\n\t\t\t<p><span class=\"style-line icon-company\"><span class=\"wpcf7-form-control-wrap\" data-name=\"company-name\"><input size=\"40\" maxlength=\"400\" class=\"wpcf7-form-control wpcf7-text wpcf7-validates-as-required\" aria-required=\"true\" aria-invalid=\"false\" placeholder=\"Nom de l&#039;entreprise\" value=\"\" type=\"text\" name=\"company-name\" \/><\/span><\/span>\n\t\t\t<\/p>\n\t\t<\/div>\n\t\t<div class=\"column-1_1\">\n\t\t\t<p><span class=\"style-line icon-email\"><span class=\"wpcf7-form-control-wrap\" data-name=\"business-email\"><input size=\"40\" maxlength=\"400\" class=\"wpcf7-form-control wpcf7-email wpcf7-validates-as-required wpcf7-text wpcf7-validates-as-email\" aria-required=\"true\" aria-invalid=\"false\" placeholder=\"Adresse e-mail\" value=\"\" type=\"email\" name=\"business-email\" \/><\/span><\/span>\n\t\t\t<\/p>\n\t\t<\/div>\n\t\t<div class=\"column-1_1\">\n\t\t\t<p><span class=\"style-line icon-phone\"><span class=\"wpcf7-form-control-wrap\" data-name=\"phone-number\"><input size=\"40\" maxlength=\"400\" class=\"wpcf7-form-control wpcf7-tel wpcf7-text wpcf7-validates-as-tel\" aria-invalid=\"false\" placeholder=\"Num\u00e9ro de t\u00e9l\u00e9phone\" value=\"\" type=\"tel\" name=\"phone-number\" \/><\/span><\/span>\n\t\t\t<\/p>\n\t\t<\/div>\n\t\t<div class=\"column-1_1\">\n\t\t\t<p><span class=\"style-line icon-role\"><span class=\"wpcf7-form-control-wrap\" data-name=\"user-role\"><select class=\"wpcf7-form-control wpcf7-select wpcf7-validates-as-required\" aria-required=\"true\" aria-invalid=\"false\" name=\"user-role\"><option value=\"Je suis un fournisseur\">Je suis un fournisseur<\/option><option value=\"Je suis un client\">Je suis un client<\/option><\/select><\/span><\/span>\n\t\t\t<\/p>\n\t\t<\/div>\n\t\t<div class=\"column-1_1\">\n\t\t\t<p><span class=\"style-line icon-country\"><span class=\"wpcf7-form-control-wrap\" data-name=\"country\"><select class=\"wpcf7-form-control wpcf7-select wpcf7-validates-as-required\" aria-required=\"true\" aria-invalid=\"false\" name=\"country\"><option value=\"S\u00e9lectionner votre pays\">S\u00e9lectionner votre pays<\/option><option value=\"France\">France<\/option><option value=\"Autre\">Autre<\/option><\/select><\/span><\/span>\n\t\t\t<\/p>\n\t\t<\/div>\n\t\t<div class=\"column-1_1\" id=\"region-field\" style=\"display:none;\">\n\t\t\t<p><span class=\"style-line icon-region\"><span class=\"wpcf7-form-control-wrap\" data-name=\"region\"><select class=\"wpcf7-form-control wpcf7-select\" aria-invalid=\"false\" name=\"region\"><option value=\"S\u00e9lectionner votre r\u00e9gion\">S\u00e9lectionner votre r\u00e9gion<\/option><option value=\"\u00cele-de-France\">\u00cele-de-France<\/option><option value=\"Provence-Alpes-C\u00f4te d&#039;Azur\">Provence-Alpes-C\u00f4te d&#039;Azur<\/option><option value=\"Auvergne-Rh\u00f4ne-Alpes\">Auvergne-Rh\u00f4ne-Alpes<\/option><option value=\"Nouvelle-Aquitaine\">Nouvelle-Aquitaine<\/option><option value=\"Occitanie\">Occitanie<\/option><option value=\"Hauts-de-France\">Hauts-de-France<\/option><option value=\"Grand Est\">Grand Est<\/option><option value=\"Bretagne\">Bretagne<\/option><option value=\"Normandie\">Normandie<\/option><option value=\"Centre-Val de Loire\">Centre-Val de Loire<\/option><option value=\"Bourgogne-Franche-Comt\u00e9\">Bourgogne-Franche-Comt\u00e9<\/option><option value=\"Pays de la Loire\">Pays de la Loire<\/option><option value=\"Corse\">Corse<\/option><\/select><\/span><\/span>\n\t\t\t<\/p>\n\t\t<\/div>\n <!-- Champ cach\u00e9 pour envoyer \"-\" quand pas de r\u00e9gion -->\n\t\t<p><input type=\"hidden\" name=\"region-final\" id=\"region-final\" value=\"-\" \/>\n\t\t<\/p>\n\t\t<div class=\"column-1_1\">\n\t\t\t<p><span class=\"style-line icon-subject\"><span class=\"wpcf7-form-control-wrap\" data-name=\"inquiry-subject\"><select class=\"wpcf7-form-control wpcf7-select wpcf7-validates-as-required\" aria-required=\"true\" aria-invalid=\"false\" name=\"inquiry-subject\"><option value=\"Demande d&#039;information\">Demande d&#039;information<\/option><option value=\"Distribution internationale\">Distribution internationale<\/option><option value=\"D\u00e9stockage\">D\u00e9stockage<\/option><option value=\"Sourcing sur mesure\">Sourcing sur mesure<\/option><option value=\"Autres\">Autres<\/option><\/select><\/span><\/span>\n\t\t\t<\/p>\n\t\t<\/div>\n\t<\/div>\n\t<div class=\"columns_wrap margin-bottom\">\n\t\t<div class=\"column-1_1\">\n\t\t\t<p><span class=\"style-line icon-textarea\"><span class=\"wpcf7-form-control-wrap\" data-name=\"inquiry-message\"><textarea cols=\"40\" rows=\"10\" maxlength=\"2000\" class=\"wpcf7-form-control wpcf7-textarea wpcf7-validates-as-required\" aria-required=\"true\" aria-invalid=\"false\" placeholder=\"Merci de pr\u00e9ciser votre demande. Notre \u00e9quipe vous r\u00e9pondra dans les plus brefs d\u00e9lais...\" name=\"inquiry-message\"><\/textarea><\/span><\/span>\n\t\t\t<\/p>\n\t\t<\/div>\n\t<\/div>\n\t<div class=\"columns_wrap submit-container\">\n\t\t<div class=\"column-1_1\">\n\t\t\t<p><input class=\"wpcf7-form-control wpcf7-submit has-spinner\" type=\"submit\" value=\"Envoyer ma demande\" \/>\n\t\t\t<\/p>\n\t\t<\/div>\n\t<\/div>\n<\/div>\n<p><script>\ndocument.addEventListener(\"DOMContentLoaded\", function() {\n const countryField = document.querySelector(\"select[name='country']\");\n const regionField = document.getElementById(\"region-field\");\n const regionSelect = document.querySelector(\"select[name='region']\");\n const regionFinal = document.getElementById(\"region-final\");\n \n function updateRegionFinal() {\n if (countryField.value === \"France\" && regionSelect.value && regionSelect.value !== \"S\u00e9lectionner votre r\u00e9gion\") {\n regionFinal.value = regionSelect.value;\n } else {\n regionFinal.value = \"-\";\n }\n }\n \n countryField.addEventListener(\"change\", function() {\n if (this.value === \"France\") {\n regionField.style.display = \"block\";\n } else {\n regionField.style.display = \"none\";\n }\n updateRegionFinal();\n });\n \n if (regionSelect) {\n regionSelect.addEventListener(\"change\", updateRegionFinal);\n }\n \n \/\/ Mettre \u00e0 jour avant l'envoi du formulaire\n const form = document.querySelector('.form-style-7').closest('form');\n if (form) {\n form.addEventListener('submit', function() {\n updateRegionFinal();\n });\n }\n});\n<\/script>\n<\/p><div class=\"wpcf7-response-output\" aria-hidden=\"true\"><\/div>\n<\/form>\n<\/div>\n\t\t\t\t<\/div>\n\t\t\t\t<\/div>\n\t\t\t\t\t<\/div>\n\t\t<\/div>\n\t\t\t\t\t<\/div>\n\t\t<\/section>\n\t\t\t\t<section class=\"elementor-section elementor-top-section elementor-element elementor-element-1613878 elementor-section-boxed elementor-section-height-default elementor-section-height-default sc_fly_static\" data-id=\"1613878\" data-element_type=\"section\" data-settings=\"{&quot;background_background&quot;:&quot;classic&quot;}\">\n\t\t\t\t\t\t<div class=\"elementor-container elementor-column-gap-extended\">\n\t\t\t\t\t<div class=\"elementor-column elementor-col-100 elementor-top-column elementor-element elementor-element-919da4c sc_content_align_inherit sc_layouts_column_icons_position_left sc_fly_static\" data-id=\"919da4c\" data-element_type=\"column\">\n\t\t\t<div class=\"elementor-widget-wrap elementor-element-populated\">\n\t\t\t\t\t\t<div class=\"elementor-element elementor-element-61a041c sc_height_huge sc_fly_static elementor-widget elementor-widget-spacer\" data-id=\"61a041c\" data-element_type=\"widget\" data-widget_type=\"spacer.default\">\n\t\t\t\t<div class=\"elementor-widget-container\">\n\t\t\t\t\t\t\t<div class=\"elementor-spacer\">\n\t\t\t<div class=\"elementor-spacer-inner\"><\/div>\n\t\t<\/div>\n\t\t\t\t\t\t<\/div>\n\t\t\t\t<\/div>\n\t\t\t\t\t<\/div>\n\t\t<\/div>\n\t\t\t\t\t<\/div>\n\t\t<\/section>\n\t\t\t\t<section class=\"elementor-section elementor-top-section elementor-element elementor-element-e1648a2 elementor-section-boxed elementor-section-height-default elementor-section-height-default sc_fly_static\" data-id=\"e1648a2\" data-element_type=\"section\">\n\t\t\t\t\t\t<div class=\"elementor-container elementor-column-gap-extended\">\n\t\t\t\t\t<div class=\"elementor-column elementor-col-100 elementor-top-column elementor-element elementor-element-4436018 sc_content_align_inherit sc_layouts_column_icons_position_left sc_fly_static\" data-id=\"4436018\" data-element_type=\"column\">\n\t\t\t<div class=\"elementor-widget-wrap elementor-element-populated\">\n\t\t\t\t\t\t<div class=\"elementor-element elementor-element-e08a63f sc_height_huge sc_fly_static elementor-widget elementor-widget-spacer\" data-id=\"e08a63f\" data-element_type=\"widget\" data-widget_type=\"spacer.default\">\n\t\t\t\t<div class=\"elementor-widget-container\">\n\t\t\t\t\t\t\t<div class=\"elementor-spacer\">\n\t\t\t<div class=\"elementor-spacer-inner\"><\/div>\n\t\t<\/div>\n\t\t\t\t\t\t<\/div>\n\t\t\t\t<\/div>\n\t\t\t\t<div class=\"elementor-element elementor-element-6bd4a34 sc_height_small sc_fly_static elementor-widget elementor-widget-spacer\" data-id=\"6bd4a34\" data-element_type=\"widget\" data-widget_type=\"spacer.default\">\n\t\t\t\t<div class=\"elementor-widget-container\">\n\t\t\t\t\t\t\t<div class=\"elementor-spacer\">\n\t\t\t<div class=\"elementor-spacer-inner\"><\/div>\n\t\t<\/div>\n\t\t\t\t\t\t<\/div>\n\t\t\t\t<\/div>\n\t\t\t\t<div class=\"elementor-element elementor-element-dd2f80f extra_hover sc_fly_static elementor-widget elementor-widget-trx_sc_icons\" data-id=\"dd2f80f\" data-element_type=\"widget\" data-widget_type=\"trx_sc_icons.default\">\n\t\t\t\t<div class=\"elementor-widget-container\">\n\t\t\t\t\t<div \tclass=\"sc_icons sc_icons_number sc_icons_size_small sc_align_center\" ><div class=\"sc_icons_columns_wrap sc_item_columns trx_addons_columns_wrap columns_padding_bottom columns_in_single_row\" ><div class=\"trx_addons_column-1_3\"><div class=\"sc_icons_item sc_icons_item_linked with_more\"><span class=\"sc_icons_item_number\">01<\/span>                <div class=\"sc_icons_item_header\"><h4 class=\"sc_icons_item_title\"><a href=\"tel:+33963653618\" target=\"_blank\">\r\n                                Assistance t\u00e9l\u00e9phonique                                <\/a><\/h4><\/div><div class=\"sc_icons_item_details\"><div class=\"sc_icons_item_description\"><span>\ud83d\udcde Un contact direct avec notre \u00e9quipe<\/span><span>+33 9 63 65 36 18<\/span><span><\/span><span><\/span><\/div><a href=\"tel:+33963653618\" class=\"sc_icons_item_more_link\" target=\"_blank\">\r\n                        <span class=\"link_text\">Joindre un conseiller BSF<\/span><span class=\"link_icon\"><\/span>\r\n                        <\/a><a href=\"tel:+33963653618\"\r\n                        class=\"sc_icons_item_link\" target=\"_blank\">\r\n                        <\/a><\/div><\/div><\/div><div class=\"trx_addons_column-1_3\"><div class=\"sc_icons_item sc_icons_item_linked with_more\"><span class=\"sc_icons_item_number\">02<\/span>                <div class=\"sc_icons_item_header\"><h4 class=\"sc_icons_item_title\"><a href=\"https:\/\/g.co\/kgs\/WwHx1G9\" target=\"_blank\">\r\n                                BSF International Group                                <\/a><\/h4><\/div><div class=\"sc_icons_item_details\"><div class=\"sc_icons_item_description\"><span>3D Rue de Paris,<br class=\"bsfinternationalgroup-hide-mobile\">35510 Cesson-S\u00e9vign\u00e9, France<\/span><\/div><a href=\"https:\/\/g.co\/kgs\/WwHx1G9\" class=\"sc_icons_item_more_link\" target=\"_blank\">\r\n                        <span class=\"link_text\">Localiser notre si\u00e8ge<\/span><span class=\"link_icon\"><\/span>\r\n                        <\/a><a href=\"https:\/\/g.co\/kgs\/WwHx1G9\"\r\n                        class=\"sc_icons_item_link\" target=\"_blank\">\r\n                        <\/a><\/div><\/div><\/div><div class=\"trx_addons_column-1_3\"><div class=\"sc_icons_item sc_icons_item_linked with_more\"><span class=\"sc_icons_item_number\">03<\/span>                <div class=\"sc_icons_item_header\"><h4 class=\"sc_icons_item_title\"><a href=\"mailto:info@bsfinternational.fr\" target=\"_blank\">\r\n                                Contact par e-mail                                <\/a><\/h4><\/div><div class=\"sc_icons_item_details\"><div class=\"sc_icons_item_description\"><span>\u2709\ufe0f Une demande ? Une collaboration ?<\/span><span>info@bsfinternational.fr<\/span><\/div><a href=\"mailto:info@bsfinternational.fr\" class=\"sc_icons_item_more_link\" target=\"_blank\">\r\n                        <span class=\"link_text\">\u00c9crire \u00e0 notre \u00e9quipe<\/span><span class=\"link_icon\"><\/span>\r\n                        <\/a><a href=\"mailto:info@bsfinternational.fr\"\r\n                        class=\"sc_icons_item_link\" target=\"_blank\">\r\n                        <\/a><\/div><\/div><\/div><\/div><\/div><!-- \/.sc_icons -->\t\t\t\t<\/div>\n\t\t\t\t<\/div>\n\t\t\t\t<div class=\"elementor-element elementor-element-cfb137d sc_height_huge sc_fly_static elementor-widget elementor-widget-spacer\" data-id=\"cfb137d\" data-element_type=\"widget\" data-widget_type=\"spacer.default\">\n\t\t\t\t<div class=\"elementor-widget-container\">\n\t\t\t\t\t\t\t<div class=\"elementor-spacer\">\n\t\t\t<div class=\"elementor-spacer-inner\"><\/div>\n\t\t<\/div>\n\t\t\t\t\t\t<\/div>\n\t\t\t\t<\/div>\n\t\t\t\t<div class=\"elementor-element elementor-element-d94d8b4 sc_fly_static elementor-widget elementor-widget-spacer\" data-id=\"d94d8b4\" data-element_type=\"widget\" data-widget_type=\"spacer.default\">\n\t\t\t\t<div class=\"elementor-widget-container\">\n\t\t\t\t\t\t\t<div class=\"elementor-spacer\">\n\t\t\t<div class=\"elementor-spacer-inner\"><\/div>\n\t\t<\/div>\n\t\t\t\t\t\t<\/div>\n\t\t\t\t<\/div>\n\t\t\t\t\t<\/div>\n\t\t<\/div>\n\t\t\t\t\t<\/div>\n\t\t<\/section>\n\t\t\t\t<\/div>\n\t\t","protected":false},"excerpt":{"rendered":"<p>Contactez BSF International Des questions ? Contactez-nous ! Une question ? Un projet \u00e0 concr\u00e9tiser ? Notre \u00e9quipe est \u00e0 votre disposition pour r\u00e9pondre \u00e0 vos demandes et vous accompagner&hellip;<\/p>\n","protected":false},"author":12,"featured_media":18949,"parent":0,"menu_order":0,"comment_status":"closed","ping_status":"closed","template":"","meta":{"footnotes":""},"class_list":["post-17992","page","type-page","status-publish","has-post-thumbnail","hentry"],"_links":{"self":[{"href":"https:\/\/www.bsfinternationalgroup.com\/fr\/wp-json\/wp\/v2\/pages\/17992","targetHints":{"allow":["GET"]}}],"collection":[{"href":"https:\/\/www.bsfinternationalgroup.com\/fr\/wp-json\/wp\/v2\/pages"}],"about":[{"href":"https:\/\/www.bsfinternationalgroup.com\/fr\/wp-json\/wp\/v2\/types\/page"}],"author":[{"embeddable":true,"href":"https:\/\/www.bsfinternationalgroup.com\/fr\/wp-json\/wp\/v2\/users\/12"}],"replies":[{"embeddable":true,"href":"https:\/\/www.bsfinternationalgroup.com\/fr\/wp-json\/wp\/v2\/comments?post=17992"}],"version-history":[{"count":86,"href":"https:\/\/www.bsfinternationalgroup.com\/fr\/wp-json\/wp\/v2\/pages\/17992\/revisions"}],"predecessor-version":[{"id":21430,"href":"https:\/\/www.bsfinternationalgroup.com\/fr\/wp-json\/wp\/v2\/pages\/17992\/revisions\/21430"}],"wp:featuredmedia":[{"embeddable":true,"href":"https:\/\/www.bsfinternationalgroup.com\/fr\/wp-json\/wp\/v2\/media\/18949"}],"wp:attachment":[{"href":"https:\/\/www.bsfinternationalgroup.com\/fr\/wp-json\/wp\/v2\/media?parent=17992"}],"curies":[{"name":"wp","href":"https:\/\/api.w.org\/{rel}","templated":true}]}}