{"id":17993,"date":"2025-02-13T12:05:45","date_gmt":"2025-02-13T12:05:45","guid":{"rendered":"https:\/\/bsfinternationalgroup.com\/mentions-legales-copy\/"},"modified":"2025-07-17T10:34:50","modified_gmt":"2025-07-17T08:34:50","slug":"mentions-legales","status":"publish","type":"page","link":"https:\/\/www.bsfinternationalgroup.com\/fr\/mentions-legales\/","title":{"rendered":"Mentions l\u00e9gales"},"content":{"rendered":"\t\t<div data-elementor-type=\"wp-page\" data-elementor-id=\"17993\" class=\"elementor elementor-17993\" data-elementor-post-type=\"page\">\n\t\t\t\t\t\t<section class=\"elementor-section elementor-top-section elementor-element elementor-element-3c93161 elementor-section-full_width scheme_dark elementor-section-height-min-height elementor-section-height-default elementor-section-items-middle sc_fly_static\" data-id=\"3c93161\" data-element_type=\"section\" data-settings=\"{&quot;background_background&quot;:&quot;classic&quot;}\">\n\t\t\t\t\t\t\t<div class=\"elementor-background-overlay\"><\/div>\n\t\t\t\t\t\t\t<div class=\"elementor-container elementor-column-gap-extended\">\n\t\t\t\t\t<div class=\"elementor-column elementor-col-100 elementor-top-column elementor-element elementor-element-47b003c sc_content_align_inherit sc_layouts_column_icons_position_left sc_fly_static\" data-id=\"47b003c\" data-element_type=\"column\">\n\t\t\t<div class=\"elementor-widget-wrap elementor-element-populated\">\n\t\t\t\t\t\t<div class=\"elementor-element elementor-element-c2bd169 sc_fly_static elementor-widget elementor-widget-spacer\" data-id=\"c2bd169\" data-element_type=\"widget\" data-widget_type=\"spacer.default\">\n\t\t\t\t<div class=\"elementor-widget-container\">\n\t\t\t\t\t\t\t<div class=\"elementor-spacer\">\n\t\t\t<div class=\"elementor-spacer-inner\"><\/div>\n\t\t<\/div>\n\t\t\t\t\t\t<\/div>\n\t\t\t\t<\/div>\n\t\t\t\t<section class=\"elementor-section elementor-inner-section elementor-element elementor-element-c3e8bd5 elementor-section-boxed elementor-section-height-default elementor-section-height-default sc_fly_static\" data-id=\"c3e8bd5\" data-element_type=\"section\">\n\t\t\t\t\t\t<div class=\"elementor-container elementor-column-gap-extended\">\n\t\t\t\t\t<div class=\"elementor-column elementor-col-16 elementor-inner-column elementor-element elementor-element-44b2e48 sc_content_align_inherit sc_layouts_column_icons_position_left sc_fly_static\" data-id=\"44b2e48\" data-element_type=\"column\">\n\t\t\t<div class=\"elementor-widget-wrap\">\n\t\t\t\t\t\t\t<\/div>\n\t\t<\/div>\n\t\t\t\t<div class=\"elementor-column elementor-col-66 elementor-inner-column elementor-element elementor-element-01ab3d0 sc_content_align_inherit sc_layouts_column_icons_position_left sc_fly_static\" data-id=\"01ab3d0\" data-element_type=\"column\">\n\t\t\t<div class=\"elementor-widget-wrap elementor-element-populated\">\n\t\t\t\t\t\t<div class=\"elementor-element elementor-element-187e36b sc_fly_static elementor-widget elementor-widget-trx_sc_title\" data-id=\"187e36b\" data-element_type=\"widget\" data-widget_type=\"trx_sc_title.default\">\n\t\t\t\t<div class=\"elementor-widget-container\">\n\t\t\t\t\t<div\t\tclass=\"sc_title color_style_dark sc_title_default\" ><h1 class=\"sc_item_title sc_title_title sc_align_center sc_item_title_style_default sc_item_title_tag trx_addons_inline_785289731\"\n\t\t\t><span class=\"sc_item_title_text\">Mentions l\u00e9gales<\/span><\/h1><\/div>\t\t\t\t<\/div>\n\t\t\t\t<\/div>\n\t\t\t\t\t<\/div>\n\t\t<\/div>\n\t\t\t\t<div class=\"elementor-column elementor-col-16 elementor-inner-column elementor-element elementor-element-c1f9bdb sc_content_align_inherit sc_layouts_column_icons_position_left sc_fly_static\" data-id=\"c1f9bdb\" data-element_type=\"column\">\n\t\t\t<div class=\"elementor-widget-wrap\">\n\t\t\t\t\t\t\t<\/div>\n\t\t<\/div>\n\t\t\t\t\t<\/div>\n\t\t<\/section>\n\t\t\t\t<div class=\"elementor-element elementor-element-70ae195 sc_fly_static elementor-widget elementor-widget-spacer\" data-id=\"70ae195\" data-element_type=\"widget\" data-widget_type=\"spacer.default\">\n\t\t\t\t<div class=\"elementor-widget-container\">\n\t\t\t\t\t\t\t<div class=\"elementor-spacer\">\n\t\t\t<div class=\"elementor-spacer-inner\"><\/div>\n\t\t<\/div>\n\t\t\t\t\t\t<\/div>\n\t\t\t\t<\/div>\n\t\t\t\t\t<\/div>\n\t\t<\/div>\n\t\t\t\t\t<\/div>\n\t\t<\/section>\n\t\t\t\t<section class=\"elementor-section elementor-top-section elementor-element elementor-element-fdec898 elementor-section-boxed elementor-section-height-default elementor-section-height-default sc_fly_static\" data-id=\"fdec898\" data-element_type=\"section\">\n\t\t\t\t\t\t<div class=\"elementor-container elementor-column-gap-extended\">\n\t\t\t\t\t<div class=\"elementor-column elementor-col-100 elementor-top-column elementor-element elementor-element-9bf20fc sc_content_align_inherit sc_layouts_column_icons_position_left sc_fly_static\" data-id=\"9bf20fc\" data-element_type=\"column\">\n\t\t\t<div class=\"elementor-widget-wrap elementor-element-populated\">\n\t\t\t\t\t\t<div class=\"elementor-element elementor-element-feb2733 sc_height_huge sc_fly_static elementor-widget elementor-widget-spacer\" data-id=\"feb2733\" data-element_type=\"widget\" data-widget_type=\"spacer.default\">\n\t\t\t\t<div class=\"elementor-widget-container\">\n\t\t\t\t\t\t\t<div class=\"elementor-spacer\">\n\t\t\t<div class=\"elementor-spacer-inner\"><\/div>\n\t\t<\/div>\n\t\t\t\t\t\t<\/div>\n\t\t\t\t<\/div>\n\t\t\t\t<div class=\"elementor-element elementor-element-ddb27d7 sc_layouts_hide_on_notebook sc_layouts_hide_on_tablet sc_layouts_hide_on_mobile sc_fly_static elementor-widget elementor-widget-spacer\" data-id=\"ddb27d7\" data-element_type=\"widget\" data-widget_type=\"spacer.default\">\n\t\t\t\t<div class=\"elementor-widget-container\">\n\t\t\t\t\t\t\t<div class=\"elementor-spacer\">\n\t\t\t<div class=\"elementor-spacer-inner\"><\/div>\n\t\t<\/div>\n\t\t\t\t\t\t<\/div>\n\t\t\t\t<\/div>\n\t\t\t\t\t<\/div>\n\t\t<\/div>\n\t\t\t\t\t<\/div>\n\t\t<\/section>\n\t\t\t\t<section class=\"elementor-section elementor-top-section elementor-element elementor-element-4af4f095 elementor-section-boxed elementor-section-height-default elementor-section-height-default sc_fly_static\" data-id=\"4af4f095\" data-element_type=\"section\" data-settings=\"{&quot;background_background&quot;:&quot;classic&quot;}\">\n\t\t\t\t\t\t<div class=\"elementor-container elementor-column-gap-extended\">\n\t\t\t\t\t<div class=\"elementor-column elementor-col-100 elementor-top-column elementor-element elementor-element-5ccad063 sc_content_align_inherit sc_layouts_column_icons_position_left sc_fly_static\" data-id=\"5ccad063\" data-element_type=\"column\">\n\t\t\t<div class=\"elementor-widget-wrap elementor-element-populated\">\n\t\t\t\t\t\t<div class=\"elementor-element elementor-element-72aa6eaa sc_fly_static elementor-widget elementor-widget-text-editor\" data-id=\"72aa6eaa\" data-element_type=\"widget\" data-widget_type=\"text-editor.default\">\n\t\t\t\t<div class=\"elementor-widget-container\">\n\t\t\t\t\t\t\t\t\t<h6>Date de la derni\u00e8re mise \u00e0 jour : Lun. 14 Janvier 2025<\/h6><p><strong>BSF International<\/strong>. En acc\u00e9dant \u00e0 ce site, vous acceptez les conditions g\u00e9n\u00e9rales d&rsquo;utilisation \u00e9nonc\u00e9es ci-dessous. Veuillez lire attentivement ces termes avant d&rsquo;utiliser le site.<\/p><h5>Propri\u00e9t\u00e9 du site<\/h5><p><strong>&#8211; Nom de l\u2019entreprise<\/strong> : BSF INTERNATIONAL SAS<br \/><strong>&#8211; SIREN<\/strong> : 897 760 526<br \/><strong>&#8211; SIRET (si\u00e8ge)<\/strong> : 897 760 526 00029<br \/><strong>&#8211; Forme juridique<\/strong> : SASU (Soci\u00e9t\u00e9 par Actions Simplifi\u00e9e Unipersonnelle)<br \/><strong>&#8211; Capital social<\/strong> : 50 000,00 \u20ac<br \/><strong>&#8211; Adresse<\/strong> : 3 D Rue de Paris, 35510 Cesson-S\u00e9vign\u00e9, France<br \/><strong>&#8211; Num\u00e9ro de TVA<\/strong> : FR57897760526<br \/><strong>&#8211; Inscription au RCS<\/strong> : Rennes<br \/><strong>&#8211; Directeur de la publication<\/strong> : Bouchra Fedina<\/p><h5>H\u00e9bergeur du site<\/h5><p><strong>&#8211; H\u00e9bergeur<\/strong> : OVH SAS<br \/><strong>&#8211; Adresse<\/strong> : 2 rue Kellermann, 59100 Roubaix \u2013 France<br \/><strong>&#8211; T\u00e9l\u00e9phone<\/strong> : 1007<br \/><strong>&#8211; Site<\/strong> : <a href=\"https:\/\/www.ovhcloud.com\" target=\"_blank\" rel=\"noopener\">www.ovhcloud.com<\/a><\/p><h5>Responsabilit\u00e9<\/h5><p>Nous nous effor\u00e7ons de fournir des informations pr\u00e9cises et \u00e0 jour sur ce site, mais nous ne garantissons pas l&rsquo;exhaustivit\u00e9 ou la fiabilit\u00e9 des informations pr\u00e9sent\u00e9es. L&rsquo;utilisation du site se fait \u00e0 vos propres risques. Nous nous r\u00e9servons le droit de modifier son contenu \u00e0 tout moment sans pr\u00e9avis.<\/p><h5>Propri\u00e9t\u00e9 intellectuelle<\/h5><p>Tous les contenus de ce site (textes, images, logos, marques, etc.) sont prot\u00e9g\u00e9s par les lois sur la propri\u00e9t\u00e9 intellectuelle. Toute reproduction ou diffusion est interdite sans autorisation \u00e9crite pr\u00e9alable de BSF International.<\/p><h5>Liens externes<\/h5><p>Le site peut contenir des liens vers des sites tiers. Nous d\u00e9clinons toute responsabilit\u00e9 concernant leur contenu ou politique de confidentialit\u00e9.<\/p><h5>Droit applicable<\/h5><p>Les pr\u00e9sentes conditions sont r\u00e9gies par le droit fran\u00e7ais. En cas de litige, les tribunaux de Rennes seront seuls comp\u00e9tents.<\/p><h5>Donn\u00e9es personnelles<\/h5><p>Les donn\u00e9es collect\u00e9es via ce site (formulaires, navigation) sont trait\u00e9es conform\u00e9ment au RGPD. Vous disposez d\u2019un droit d\u2019acc\u00e8s, de rectification et de suppression de vos donn\u00e9es. Pour toute demande, contactez-nous \u00e0 <a href=\"mailto:info@bsfinternational.fr\">info@bsfinternational.fr<\/a>.<\/p><p><strong>Base l\u00e9gale du traitement<\/strong> : Le traitement repose sur votre consentement, l\u2019ex\u00e9cution d\u2019un contrat, une obligation l\u00e9gale ou notre int\u00e9r\u00eat l\u00e9gitime.<\/p><p><strong>Transfert hors UE<\/strong> : Certains prestataires peuvent \u00eatre situ\u00e9s hors de l\u2019UE. Des garanties appropri\u00e9es sont mises en place (clauses types, d\u00e9cisions d\u2019ad\u00e9quation, etc.).<\/p><h5>Cookies<\/h5><p>Ce site utilise des cookies n\u00e9cessaires au bon fonctionnement ainsi que des cookies optionnels (statistiques, r\u00e9seaux sociaux), soumis \u00e0 votre consentement.<\/p><p>Une banni\u00e8re de gestion des cookies est affich\u00e9e lors de votre premi\u00e8re visite. Vous pouvez g\u00e9rer vos pr\u00e9f\u00e9rences \u00e0 tout moment en cliquant sur \u00ab G\u00e9rer mes cookies \u00bb en bas de page.<\/p><h5>Contact<\/h5><p><strong>&#8211; Email<\/strong> : <a href=\"mailto:info@bsfinternational.fr\">info@bsfinternational.fr<\/a><br \/><strong>&#8211; T\u00e9l\u00e9phone<\/strong> : <a href=\"tel:+33963653618\">+33 9 63 65 36 18<\/a><br \/><strong>&#8211; Adresse<\/strong> : 3D Rue de Paris, 35510 Cesson-S\u00e9vign\u00e9, France<\/p>\t\t\t\t\t\t\t\t<\/div>\n\t\t\t\t<\/div>\n\t\t\t\t\t<\/div>\n\t\t<\/div>\n\t\t\t\t\t<\/div>\n\t\t<\/section>\n\t\t\t\t<section class=\"elementor-section elementor-top-section elementor-element elementor-element-c48fadc elementor-section-boxed elementor-section-height-default elementor-section-height-default sc_fly_static\" data-id=\"c48fadc\" data-element_type=\"section\">\n\t\t\t\t\t\t<div class=\"elementor-container elementor-column-gap-extended\">\n\t\t\t\t\t<div class=\"elementor-column elementor-col-100 elementor-top-column elementor-element elementor-element-a3d776b sc_content_align_inherit sc_layouts_column_icons_position_left sc_fly_static\" data-id=\"a3d776b\" data-element_type=\"column\">\n\t\t\t<div class=\"elementor-widget-wrap elementor-element-populated\">\n\t\t\t\t\t\t<div class=\"elementor-element elementor-element-2203ea8 sc_height_huge sc_fly_static elementor-widget elementor-widget-spacer\" data-id=\"2203ea8\" data-element_type=\"widget\" data-widget_type=\"spacer.default\">\n\t\t\t\t<div class=\"elementor-widget-container\">\n\t\t\t\t\t\t\t<div class=\"elementor-spacer\">\n\t\t\t<div class=\"elementor-spacer-inner\"><\/div>\n\t\t<\/div>\n\t\t\t\t\t\t<\/div>\n\t\t\t\t<\/div>\n\t\t\t\t<div class=\"elementor-element elementor-element-3f07a37 sc_layouts_hide_on_notebook sc_layouts_hide_on_tablet sc_layouts_hide_on_mobile sc_fly_static elementor-widget elementor-widget-spacer\" data-id=\"3f07a37\" data-element_type=\"widget\" data-widget_type=\"spacer.default\">\n\t\t\t\t<div class=\"elementor-widget-container\">\n\t\t\t\t\t\t\t<div class=\"elementor-spacer\">\n\t\t\t<div class=\"elementor-spacer-inner\"><\/div>\n\t\t<\/div>\n\t\t\t\t\t\t<\/div>\n\t\t\t\t<\/div>\n\t\t\t\t\t<\/div>\n\t\t<\/div>\n\t\t\t\t\t<\/div>\n\t\t<\/section>\n\t\t\t\t<\/div>\n\t\t","protected":false},"excerpt":{"rendered":"<p>Mentions l\u00e9gales Date de la derni\u00e8re mise \u00e0 jour : Lun. 14 Janvier 2025 BSF International. En acc\u00e9dant \u00e0 ce site, vous acceptez les conditions g\u00e9n\u00e9rales d&rsquo;utilisation \u00e9nonc\u00e9es ci-dessous. Veuillez&hellip;<\/p>\n","protected":false},"author":12,"featured_media":18949,"parent":0,"menu_order":0,"comment_status":"closed","ping_status":"closed","template":"","meta":{"footnotes":""},"class_list":["post-17993","page","type-page","status-publish","has-post-thumbnail","hentry"],"_links":{"self":[{"href":"https:\/\/www.bsfinternationalgroup.com\/fr\/wp-json\/wp\/v2\/pages\/17993","targetHints":{"allow":["GET"]}}],"collection":[{"href":"https:\/\/www.bsfinternationalgroup.com\/fr\/wp-json\/wp\/v2\/pages"}],"about":[{"href":"https:\/\/www.bsfinternationalgroup.com\/fr\/wp-json\/wp\/v2\/types\/page"}],"author":[{"embeddable":true,"href":"https:\/\/www.bsfinternationalgroup.com\/fr\/wp-json\/wp\/v2\/users\/12"}],"replies":[{"embeddable":true,"href":"https:\/\/www.bsfinternationalgroup.com\/fr\/wp-json\/wp\/v2\/comments?post=17993"}],"version-history":[{"count":58,"href":"https:\/\/www.bsfinternationalgroup.com\/fr\/wp-json\/wp\/v2\/pages\/17993\/revisions"}],"predecessor-version":[{"id":21196,"href":"https:\/\/www.bsfinternationalgroup.com\/fr\/wp-json\/wp\/v2\/pages\/17993\/revisions\/21196"}],"wp:featuredmedia":[{"embeddable":true,"href":"https:\/\/www.bsfinternationalgroup.com\/fr\/wp-json\/wp\/v2\/media\/18949"}],"wp:attachment":[{"href":"https:\/\/www.bsfinternationalgroup.com\/fr\/wp-json\/wp\/v2\/media?parent=17993"}],"curies":[{"name":"wp","href":"https:\/\/api.w.org\/{rel}","templated":true}]}}