{"id":17994,"date":"2025-02-13T12:05:57","date_gmt":"2025-02-13T12:05:57","guid":{"rendered":"https:\/\/bsfinternationalgroup.com\/politique-confidentialite-copy\/"},"modified":"2025-07-17T10:57:57","modified_gmt":"2025-07-17T08:57:57","slug":"politique-confidentialite","status":"publish","type":"page","link":"https:\/\/www.bsfinternationalgroup.com\/fr\/politique-confidentialite\/","title":{"rendered":"Politique de confidentialit\u00e9"},"content":{"rendered":"\t\t<div data-elementor-type=\"wp-page\" data-elementor-id=\"17994\" class=\"elementor elementor-17994\" data-elementor-post-type=\"page\">\n\t\t\t\t\t\t<section class=\"elementor-section elementor-top-section elementor-element elementor-element-c8dc94b elementor-section-full_width scheme_dark elementor-section-height-min-height elementor-section-height-default elementor-section-items-middle sc_fly_static\" data-id=\"c8dc94b\" data-element_type=\"section\" data-settings=\"{&quot;background_background&quot;:&quot;classic&quot;}\">\n\t\t\t\t\t\t\t<div class=\"elementor-background-overlay\"><\/div>\n\t\t\t\t\t\t\t<div class=\"elementor-container elementor-column-gap-extended\">\n\t\t\t\t\t<div class=\"elementor-column elementor-col-100 elementor-top-column elementor-element elementor-element-587761b sc_content_align_inherit sc_layouts_column_icons_position_left sc_fly_static\" data-id=\"587761b\" data-element_type=\"column\">\n\t\t\t<div class=\"elementor-widget-wrap elementor-element-populated\">\n\t\t\t\t\t\t<div class=\"elementor-element elementor-element-e5b30ee sc_fly_static elementor-widget elementor-widget-spacer\" data-id=\"e5b30ee\" data-element_type=\"widget\" data-widget_type=\"spacer.default\">\n\t\t\t\t<div class=\"elementor-widget-container\">\n\t\t\t\t\t\t\t<div class=\"elementor-spacer\">\n\t\t\t<div class=\"elementor-spacer-inner\"><\/div>\n\t\t<\/div>\n\t\t\t\t\t\t<\/div>\n\t\t\t\t<\/div>\n\t\t\t\t<section class=\"elementor-section elementor-inner-section elementor-element elementor-element-0c4ab76 elementor-section-boxed elementor-section-height-default elementor-section-height-default sc_fly_static\" data-id=\"0c4ab76\" data-element_type=\"section\">\n\t\t\t\t\t\t<div class=\"elementor-container elementor-column-gap-extended\">\n\t\t\t\t\t<div class=\"elementor-column elementor-col-16 elementor-inner-column elementor-element elementor-element-5e57b36 sc_content_align_inherit sc_layouts_column_icons_position_left sc_fly_static\" data-id=\"5e57b36\" data-element_type=\"column\">\n\t\t\t<div class=\"elementor-widget-wrap\">\n\t\t\t\t\t\t\t<\/div>\n\t\t<\/div>\n\t\t\t\t<div class=\"elementor-column elementor-col-66 elementor-inner-column elementor-element elementor-element-3f1ae6d sc_content_align_inherit sc_layouts_column_icons_position_left sc_fly_static\" data-id=\"3f1ae6d\" data-element_type=\"column\">\n\t\t\t<div class=\"elementor-widget-wrap elementor-element-populated\">\n\t\t\t\t\t\t<div class=\"elementor-element elementor-element-ed714b1 sc_fly_static elementor-widget elementor-widget-trx_sc_title\" data-id=\"ed714b1\" data-element_type=\"widget\" data-widget_type=\"trx_sc_title.default\">\n\t\t\t\t<div class=\"elementor-widget-container\">\n\t\t\t\t\t<div\t\tclass=\"sc_title color_style_dark sc_title_default\" ><h1 class=\"sc_item_title sc_title_title sc_align_center sc_item_title_style_default sc_item_title_tag trx_addons_inline_1385417840\"\n\t\t\t><span class=\"sc_item_title_text\">Politique de confidentialit\u00e9<\/span><\/h1><\/div>\t\t\t\t<\/div>\n\t\t\t\t<\/div>\n\t\t\t\t\t<\/div>\n\t\t<\/div>\n\t\t\t\t<div class=\"elementor-column elementor-col-16 elementor-inner-column elementor-element elementor-element-793e7b5 sc_content_align_inherit sc_layouts_column_icons_position_left sc_fly_static\" data-id=\"793e7b5\" data-element_type=\"column\">\n\t\t\t<div class=\"elementor-widget-wrap\">\n\t\t\t\t\t\t\t<\/div>\n\t\t<\/div>\n\t\t\t\t\t<\/div>\n\t\t<\/section>\n\t\t\t\t<div class=\"elementor-element elementor-element-319b394 sc_fly_static elementor-widget elementor-widget-spacer\" data-id=\"319b394\" data-element_type=\"widget\" data-widget_type=\"spacer.default\">\n\t\t\t\t<div class=\"elementor-widget-container\">\n\t\t\t\t\t\t\t<div class=\"elementor-spacer\">\n\t\t\t<div class=\"elementor-spacer-inner\"><\/div>\n\t\t<\/div>\n\t\t\t\t\t\t<\/div>\n\t\t\t\t<\/div>\n\t\t\t\t\t<\/div>\n\t\t<\/div>\n\t\t\t\t\t<\/div>\n\t\t<\/section>\n\t\t\t\t<section class=\"elementor-section elementor-top-section elementor-element elementor-element-c7b1206 elementor-section-boxed elementor-section-height-default elementor-section-height-default sc_fly_static\" data-id=\"c7b1206\" data-element_type=\"section\">\n\t\t\t\t\t\t<div class=\"elementor-container elementor-column-gap-extended\">\n\t\t\t\t\t<div class=\"elementor-column elementor-col-100 elementor-top-column elementor-element elementor-element-34aa55a sc_content_align_inherit sc_layouts_column_icons_position_left sc_fly_static\" data-id=\"34aa55a\" data-element_type=\"column\">\n\t\t\t<div class=\"elementor-widget-wrap elementor-element-populated\">\n\t\t\t\t\t\t<div class=\"elementor-element elementor-element-0dde67f sc_height_huge sc_fly_static elementor-widget elementor-widget-spacer\" data-id=\"0dde67f\" data-element_type=\"widget\" data-widget_type=\"spacer.default\">\n\t\t\t\t<div class=\"elementor-widget-container\">\n\t\t\t\t\t\t\t<div class=\"elementor-spacer\">\n\t\t\t<div class=\"elementor-spacer-inner\"><\/div>\n\t\t<\/div>\n\t\t\t\t\t\t<\/div>\n\t\t\t\t<\/div>\n\t\t\t\t<div class=\"elementor-element elementor-element-63ad0eb sc_layouts_hide_on_notebook sc_layouts_hide_on_tablet sc_layouts_hide_on_mobile sc_fly_static elementor-widget elementor-widget-spacer\" data-id=\"63ad0eb\" data-element_type=\"widget\" data-widget_type=\"spacer.default\">\n\t\t\t\t<div class=\"elementor-widget-container\">\n\t\t\t\t\t\t\t<div class=\"elementor-spacer\">\n\t\t\t<div class=\"elementor-spacer-inner\"><\/div>\n\t\t<\/div>\n\t\t\t\t\t\t<\/div>\n\t\t\t\t<\/div>\n\t\t\t\t\t<\/div>\n\t\t<\/div>\n\t\t\t\t\t<\/div>\n\t\t<\/section>\n\t\t\t\t<section class=\"elementor-section elementor-top-section elementor-element elementor-element-1737bb1e elementor-section-boxed elementor-section-height-default elementor-section-height-default sc_fly_static\" data-id=\"1737bb1e\" data-element_type=\"section\" data-settings=\"{&quot;background_background&quot;:&quot;classic&quot;}\">\n\t\t\t\t\t\t<div class=\"elementor-container elementor-column-gap-extended\">\n\t\t\t\t\t<div class=\"elementor-column elementor-col-100 elementor-top-column elementor-element elementor-element-4a8d0ec9 sc_content_align_inherit sc_layouts_column_icons_position_left sc_fly_static\" data-id=\"4a8d0ec9\" data-element_type=\"column\">\n\t\t\t<div class=\"elementor-widget-wrap elementor-element-populated\">\n\t\t\t\t\t\t<div class=\"elementor-element elementor-element-39eddb28 sc_fly_static elementor-widget elementor-widget-text-editor\" data-id=\"39eddb28\" data-element_type=\"widget\" data-widget_type=\"text-editor.default\">\n\t\t\t\t<div class=\"elementor-widget-container\">\n\t\t\t\t\t\t\t\t\t<h6>Date de la derni\u00e8re mise \u00e0 jour : Lun. 14 janvier 2025<\/h6><p>Chez <strong>BSF International<\/strong>, nous accordons une importance primordiale \u00e0 la confidentialit\u00e9 et \u00e0 la protection des donn\u00e9es personnelles de nos utilisateurs. Cette politique de confidentialit\u00e9 explique quelles informations nous collectons, comment nous les utilisons et comment nous les prot\u00e9geons.<\/p><h5>1. Informations collect\u00e9es<\/h5><p>Nous collectons des donn\u00e9es personnelles dans les cas suivants :<\/p><p>&#8211; Lorsque vous remplissez un formulaire de contact ou de candidature sur notre site<br \/>&#8211; Lorsque vous nous contactez par e-mail, t\u00e9l\u00e9phone ou via les r\u00e9seaux sociaux<br \/>&#8211; Lorsque vous naviguez sur notre site via des cookies et technologies similaires<\/p><p><strong>Donn\u00e9es collect\u00e9es :<\/strong> nom, e-mail, t\u00e9l\u00e9phone, adresse IP, type de navigateur, pages visit\u00e9es, dur\u00e9e de la visite.<\/p><h5>2. Utilisation des informations<\/h5><p>&#8211; R\u00e9pondre \u00e0 vos demandes et vous fournir des informations sur nos services<br \/>&#8211; Am\u00e9liorer la navigation et l\u2019exp\u00e9rience utilisateur<br \/>&#8211; Personnaliser notre communication<br \/>&#8211; Respecter nos obligations l\u00e9gales<\/p><h5>3. Partage des informations<\/h5><p><strong>BSF International<\/strong> ne vend, ne loue, ni ne partage vos donn\u00e9es personnelles \u00e0 des tiers, sauf dans les cas suivants :<\/p><p>&#8211; Fournisseurs de services (ex. h\u00e9bergement, maintenance technique)<br \/>&#8211; Obligations l\u00e9gales ou r\u00e9glementaires<\/p><h5>4. S\u00e9curit\u00e9 des informations<\/h5><p>Nous mettons en \u0153uvre des mesures techniques et organisationnelles appropri\u00e9es pour prot\u00e9ger vos donn\u00e9es personnelles contre tout acc\u00e8s non autoris\u00e9, perte, modification ou divulgation.<\/p><h5>5. Vos droits<\/h5><p>Conform\u00e9ment \u00e0 la l\u00e9gislation en vigueur, vous disposez des droits suivants :<\/p><p>&#8211; Droit d\u2019acc\u00e8s<br \/>&#8211; Droit de rectification<br \/>&#8211; Droit \u00e0 l\u2019effacement<br \/>&#8211; Droit d\u2019opposition<br \/>&#8211; Droit \u00e0 la portabilit\u00e9<\/p><p>Pour exercer vos droits, contactez-nous \u00e0 <a href=\"mailto:info@bsfinternational.fr\">info@bsfinternational.fr<\/a>. Nous nous engageons \u00e0 r\u00e9pondre dans les d\u00e9lais l\u00e9gaux.<\/p><h5>6. Dur\u00e9e de conservation des donn\u00e9es<\/h5><p>Les donn\u00e9es sont conserv\u00e9es uniquement pour la dur\u00e9e n\u00e9cessaire aux finalit\u00e9s pr\u00e9vues ou conform\u00e9ment aux obligations l\u00e9gales.<\/p><h5>7. Base l\u00e9gale du traitement<\/h5><p>Le traitement de vos donn\u00e9es repose selon les cas sur votre consentement, l\u2019ex\u00e9cution d\u2019un contrat, le respect d\u2019une obligation l\u00e9gale ou notre int\u00e9r\u00eat l\u00e9gitime \u00e0 am\u00e9liorer nos services.<\/p><h5>8. Transfert hors Union europ\u00e9enne<\/h5><p>Certains de nos prestataires peuvent \u00eatre situ\u00e9s hors de l\u2019Union europ\u00e9enne. Dans ce cas, nous nous assurons qu\u2019ils offrent un niveau de protection ad\u00e9quat (clauses contractuelles types, d\u00e9cision d\u2019ad\u00e9quation, etc.).<\/p><h5>9. Cookies et consentement<\/h5><p>Notre site utilise des cookies techniques n\u00e9cessaires, ainsi que des cookies optionnels (statistiques, r\u00e9seaux sociaux, publicit\u00e9s) uniquement avec votre consentement.<\/p><p>Lors de votre premi\u00e8re visite, une banni\u00e8re vous permet de les accepter ou de les refuser facilement. Vous pouvez modifier vos pr\u00e9f\u00e9rences \u00e0 tout moment via le lien \u00ab G\u00e9rer mes cookies \u00bb disponible en bas de page.<\/p><p>Pour plus d\u2019informations, consultez notre Politique de cookies.<\/p><h5>10. Vos recours<\/h5><p>Si vous estimez que vos droits ne sont pas respect\u00e9s, vous avez le droit d\u2019introduire une r\u00e9clamation aupr\u00e8s de la CNIL : <a href=\"https:\/\/www.cnil.fr\" target=\"_blank\" rel=\"noopener\">www.cnil.fr<\/a>.<\/p><h5>11. Responsable du traitement<\/h5><p>Le responsable du traitement est : <strong>BSF International<\/strong>, 3 D Rue de Paris, 35510 Cesson-S\u00e9vign\u00e9, France.<br \/>Email : <a href=\"mailto:info@bsfinternational.fr\">info@bsfinternational.fr<\/a><\/p><h5>12. Modifications de la politique<\/h5><p>Cette politique pourra \u00eatre modifi\u00e9e \u00e0 tout moment pour s\u2019adapter \u00e0 des \u00e9volutions r\u00e9glementaires, juridiques ou techniques. La date de mise \u00e0 jour figurera en haut de cette page.<\/p><h5>13. Contact<\/h5><p><strong>&#8211; Email<\/strong> : <a href=\"mailto:info@bsfinternational.fr\">info@bsfinternational.fr<\/a><br \/><strong>&#8211; T\u00e9l\u00e9phone<\/strong> : <a href=\"tel:+33963653618\">+33 9 63 65 36 18<\/a><br \/><strong>&#8211; Adresse<\/strong> : 3D Rue de Paris, 35510 Cesson-S\u00e9vign\u00e9, France<\/p>\t\t\t\t\t\t\t\t<\/div>\n\t\t\t\t<\/div>\n\t\t\t\t\t<\/div>\n\t\t<\/div>\n\t\t\t\t\t<\/div>\n\t\t<\/section>\n\t\t\t\t<section class=\"elementor-section elementor-top-section elementor-element elementor-element-e278395 elementor-section-boxed elementor-section-height-default elementor-section-height-default sc_fly_static\" data-id=\"e278395\" data-element_type=\"section\">\n\t\t\t\t\t\t<div class=\"elementor-container elementor-column-gap-extended\">\n\t\t\t\t\t<div class=\"elementor-column elementor-col-100 elementor-top-column elementor-element elementor-element-0588f91 sc_content_align_inherit sc_layouts_column_icons_position_left sc_fly_static\" data-id=\"0588f91\" data-element_type=\"column\">\n\t\t\t<div class=\"elementor-widget-wrap elementor-element-populated\">\n\t\t\t\t\t\t<div class=\"elementor-element elementor-element-4d86395 sc_height_huge sc_fly_static elementor-widget elementor-widget-spacer\" data-id=\"4d86395\" data-element_type=\"widget\" data-widget_type=\"spacer.default\">\n\t\t\t\t<div class=\"elementor-widget-container\">\n\t\t\t\t\t\t\t<div class=\"elementor-spacer\">\n\t\t\t<div class=\"elementor-spacer-inner\"><\/div>\n\t\t<\/div>\n\t\t\t\t\t\t<\/div>\n\t\t\t\t<\/div>\n\t\t\t\t<div class=\"elementor-element elementor-element-5144e43 sc_layouts_hide_on_notebook sc_layouts_hide_on_tablet sc_layouts_hide_on_mobile sc_fly_static elementor-widget elementor-widget-spacer\" data-id=\"5144e43\" data-element_type=\"widget\" data-widget_type=\"spacer.default\">\n\t\t\t\t<div class=\"elementor-widget-container\">\n\t\t\t\t\t\t\t<div class=\"elementor-spacer\">\n\t\t\t<div class=\"elementor-spacer-inner\"><\/div>\n\t\t<\/div>\n\t\t\t\t\t\t<\/div>\n\t\t\t\t<\/div>\n\t\t\t\t\t<\/div>\n\t\t<\/div>\n\t\t\t\t\t<\/div>\n\t\t<\/section>\n\t\t\t\t<\/div>\n\t\t","protected":false},"excerpt":{"rendered":"<p>Politique de confidentialit\u00e9 Date de la derni\u00e8re mise \u00e0 jour : Lun. 14 janvier 2025 Chez BSF International, nous accordons une importance primordiale \u00e0 la confidentialit\u00e9 et \u00e0 la protection&hellip;<\/p>\n","protected":false},"author":12,"featured_media":18949,"parent":0,"menu_order":0,"comment_status":"closed","ping_status":"closed","template":"","meta":{"footnotes":""},"class_list":["post-17994","page","type-page","status-publish","has-post-thumbnail","hentry"],"_links":{"self":[{"href":"https:\/\/www.bsfinternationalgroup.com\/fr\/wp-json\/wp\/v2\/pages\/17994","targetHints":{"allow":["GET"]}}],"collection":[{"href":"https:\/\/www.bsfinternationalgroup.com\/fr\/wp-json\/wp\/v2\/pages"}],"about":[{"href":"https:\/\/www.bsfinternationalgroup.com\/fr\/wp-json\/wp\/v2\/types\/page"}],"author":[{"embeddable":true,"href":"https:\/\/www.bsfinternationalgroup.com\/fr\/wp-json\/wp\/v2\/users\/12"}],"replies":[{"embeddable":true,"href":"https:\/\/www.bsfinternationalgroup.com\/fr\/wp-json\/wp\/v2\/comments?post=17994"}],"version-history":[{"count":25,"href":"https:\/\/www.bsfinternationalgroup.com\/fr\/wp-json\/wp\/v2\/pages\/17994\/revisions"}],"predecessor-version":[{"id":21272,"href":"https:\/\/www.bsfinternationalgroup.com\/fr\/wp-json\/wp\/v2\/pages\/17994\/revisions\/21272"}],"wp:featuredmedia":[{"embeddable":true,"href":"https:\/\/www.bsfinternationalgroup.com\/fr\/wp-json\/wp\/v2\/media\/18949"}],"wp:attachment":[{"href":"https:\/\/www.bsfinternationalgroup.com\/fr\/wp-json\/wp\/v2\/media?parent=17994"}],"curies":[{"name":"wp","href":"https:\/\/api.w.org\/{rel}","templated":true}]}}