{"id":17995,"date":"2025-02-13T12:06:02","date_gmt":"2025-02-13T12:06:02","guid":{"rendered":"https:\/\/bsfinternationalgroup.com\/politique-confidentialite-copy-2\/"},"modified":"2025-07-17T10:57:42","modified_gmt":"2025-07-17T08:57:42","slug":"cookies","status":"publish","type":"page","link":"https:\/\/www.bsfinternationalgroup.com\/fr\/cookies\/","title":{"rendered":"Politique d&rsquo;utilisation des cookies"},"content":{"rendered":"\t\t<div data-elementor-type=\"wp-page\" data-elementor-id=\"17995\" class=\"elementor elementor-17995\" data-elementor-post-type=\"page\">\n\t\t\t\t\t\t<section class=\"elementor-section elementor-top-section elementor-element elementor-element-b436219 elementor-section-full_width scheme_dark elementor-section-height-min-height elementor-section-height-default elementor-section-items-middle sc_fly_static\" data-id=\"b436219\" data-element_type=\"section\" data-settings=\"{&quot;background_background&quot;:&quot;classic&quot;}\">\n\t\t\t\t\t\t\t<div class=\"elementor-background-overlay\"><\/div>\n\t\t\t\t\t\t\t<div class=\"elementor-container elementor-column-gap-extended\">\n\t\t\t\t\t<div class=\"elementor-column elementor-col-100 elementor-top-column elementor-element elementor-element-9091b67 sc_content_align_inherit sc_layouts_column_icons_position_left sc_fly_static\" data-id=\"9091b67\" data-element_type=\"column\">\n\t\t\t<div class=\"elementor-widget-wrap elementor-element-populated\">\n\t\t\t\t\t\t<div class=\"elementor-element elementor-element-c70cdfc sc_fly_static elementor-widget elementor-widget-spacer\" data-id=\"c70cdfc\" data-element_type=\"widget\" data-widget_type=\"spacer.default\">\n\t\t\t\t<div class=\"elementor-widget-container\">\n\t\t\t\t\t\t\t<div class=\"elementor-spacer\">\n\t\t\t<div class=\"elementor-spacer-inner\"><\/div>\n\t\t<\/div>\n\t\t\t\t\t\t<\/div>\n\t\t\t\t<\/div>\n\t\t\t\t<section class=\"elementor-section elementor-inner-section elementor-element elementor-element-21540ce elementor-section-boxed elementor-section-height-default elementor-section-height-default sc_fly_static\" data-id=\"21540ce\" data-element_type=\"section\">\n\t\t\t\t\t\t<div class=\"elementor-container elementor-column-gap-extended\">\n\t\t\t\t\t<div class=\"elementor-column elementor-col-16 elementor-inner-column elementor-element elementor-element-8e06f6d sc_content_align_inherit sc_layouts_column_icons_position_left sc_fly_static\" data-id=\"8e06f6d\" data-element_type=\"column\">\n\t\t\t<div class=\"elementor-widget-wrap\">\n\t\t\t\t\t\t\t<\/div>\n\t\t<\/div>\n\t\t\t\t<div class=\"elementor-column elementor-col-66 elementor-inner-column elementor-element elementor-element-dbd306e sc_content_align_inherit sc_layouts_column_icons_position_left sc_fly_static\" data-id=\"dbd306e\" data-element_type=\"column\">\n\t\t\t<div class=\"elementor-widget-wrap elementor-element-populated\">\n\t\t\t\t\t\t<div class=\"elementor-element elementor-element-3d1c3ed sc_fly_static elementor-widget elementor-widget-trx_sc_title\" data-id=\"3d1c3ed\" data-element_type=\"widget\" data-widget_type=\"trx_sc_title.default\">\n\t\t\t\t<div class=\"elementor-widget-container\">\n\t\t\t\t\t<div\t\tclass=\"sc_title color_style_dark sc_title_default\" ><h1 class=\"sc_item_title sc_title_title sc_align_center sc_item_title_style_default sc_item_title_tag trx_addons_inline_1811559675\"\n\t\t\t><span class=\"sc_item_title_text\">Politique d'utilisation des cookies<\/span><\/h1><\/div>\t\t\t\t<\/div>\n\t\t\t\t<\/div>\n\t\t\t\t\t<\/div>\n\t\t<\/div>\n\t\t\t\t<div class=\"elementor-column elementor-col-16 elementor-inner-column elementor-element elementor-element-18cf97f sc_content_align_inherit sc_layouts_column_icons_position_left sc_fly_static\" data-id=\"18cf97f\" data-element_type=\"column\">\n\t\t\t<div class=\"elementor-widget-wrap\">\n\t\t\t\t\t\t\t<\/div>\n\t\t<\/div>\n\t\t\t\t\t<\/div>\n\t\t<\/section>\n\t\t\t\t<div class=\"elementor-element elementor-element-b880013 sc_fly_static elementor-widget elementor-widget-spacer\" data-id=\"b880013\" data-element_type=\"widget\" data-widget_type=\"spacer.default\">\n\t\t\t\t<div class=\"elementor-widget-container\">\n\t\t\t\t\t\t\t<div class=\"elementor-spacer\">\n\t\t\t<div class=\"elementor-spacer-inner\"><\/div>\n\t\t<\/div>\n\t\t\t\t\t\t<\/div>\n\t\t\t\t<\/div>\n\t\t\t\t\t<\/div>\n\t\t<\/div>\n\t\t\t\t\t<\/div>\n\t\t<\/section>\n\t\t\t\t<section class=\"elementor-section elementor-top-section elementor-element elementor-element-3d08634 elementor-section-boxed elementor-section-height-default elementor-section-height-default sc_fly_static\" data-id=\"3d08634\" data-element_type=\"section\">\n\t\t\t\t\t\t<div class=\"elementor-container elementor-column-gap-extended\">\n\t\t\t\t\t<div class=\"elementor-column elementor-col-100 elementor-top-column elementor-element elementor-element-ba93921 sc_content_align_inherit sc_layouts_column_icons_position_left sc_fly_static\" data-id=\"ba93921\" data-element_type=\"column\">\n\t\t\t<div class=\"elementor-widget-wrap elementor-element-populated\">\n\t\t\t\t\t\t<div class=\"elementor-element elementor-element-df04bab sc_height_huge sc_fly_static elementor-widget elementor-widget-spacer\" data-id=\"df04bab\" data-element_type=\"widget\" data-widget_type=\"spacer.default\">\n\t\t\t\t<div class=\"elementor-widget-container\">\n\t\t\t\t\t\t\t<div class=\"elementor-spacer\">\n\t\t\t<div class=\"elementor-spacer-inner\"><\/div>\n\t\t<\/div>\n\t\t\t\t\t\t<\/div>\n\t\t\t\t<\/div>\n\t\t\t\t<div class=\"elementor-element elementor-element-61b6880 sc_layouts_hide_on_notebook sc_layouts_hide_on_tablet sc_layouts_hide_on_mobile sc_fly_static elementor-widget elementor-widget-spacer\" data-id=\"61b6880\" data-element_type=\"widget\" data-widget_type=\"spacer.default\">\n\t\t\t\t<div class=\"elementor-widget-container\">\n\t\t\t\t\t\t\t<div class=\"elementor-spacer\">\n\t\t\t<div class=\"elementor-spacer-inner\"><\/div>\n\t\t<\/div>\n\t\t\t\t\t\t<\/div>\n\t\t\t\t<\/div>\n\t\t\t\t\t<\/div>\n\t\t<\/div>\n\t\t\t\t\t<\/div>\n\t\t<\/section>\n\t\t\t\t<section class=\"elementor-section elementor-top-section elementor-element elementor-element-1737bb1e elementor-section-boxed elementor-section-height-default elementor-section-height-default sc_fly_static\" data-id=\"1737bb1e\" data-element_type=\"section\" data-settings=\"{&quot;background_background&quot;:&quot;classic&quot;}\">\n\t\t\t\t\t\t<div class=\"elementor-container elementor-column-gap-extended\">\n\t\t\t\t\t<div class=\"elementor-column elementor-col-100 elementor-top-column elementor-element elementor-element-4a8d0ec9 sc_content_align_inherit sc_layouts_column_icons_position_left sc_fly_static\" data-id=\"4a8d0ec9\" data-element_type=\"column\">\n\t\t\t<div class=\"elementor-widget-wrap elementor-element-populated\">\n\t\t\t\t\t\t<div class=\"elementor-element elementor-element-39eddb28 sc_fly_static elementor-widget elementor-widget-text-editor\" data-id=\"39eddb28\" data-element_type=\"widget\" data-widget_type=\"text-editor.default\">\n\t\t\t\t<div class=\"elementor-widget-container\">\n\t\t\t\t\t\t\t\t\t<h6>Date de la derni\u00e8re mise \u00e0 jour : Lun. 14 janvier 2025<\/h6><p>Chez <strong>BSF International<\/strong>, nous accordons une grande importance \u00e0 la confidentialit\u00e9 et au respect de vos donn\u00e9es. Cette politique explique notre utilisation des cookies et des technologies similaires sur ce site.<\/p><h5>1. Qu\u2019est-ce qu\u2019un cookie ?<\/h5><p>Un cookie est un petit fichier texte enregistr\u00e9 sur votre appareil lorsque vous consultez un site web. Il permet de reconna\u00eetre votre terminal et d\u2019enregistrer des informations relatives \u00e0 votre navigation (pr\u00e9f\u00e9rences, statistiques, etc.).<\/p><h5>2. Pourquoi utilisons-nous des cookies ?<\/h5><p>Nous utilisons des cookies pour :<\/p><p>&#8211; Garantir le bon fonctionnement technique du site<br \/>&#8211; Am\u00e9liorer l\u2019exp\u00e9rience utilisateur<br \/>&#8211; Analyser l\u2019audience et les performances du site<br \/>&#8211; Personnaliser notre communication et vous proposer des contenus adapt\u00e9s<\/p><h5>3. Types de cookies utilis\u00e9s<\/h5><p><strong>&#8211; Cookies strictement n\u00e9cessaires<\/strong> : indispensables pour le bon fonctionnement du site<br \/><strong>&#8211; Cookies de performance<\/strong> : pour analyser la navigation et mesurer les performances<br \/><strong>&#8211; Cookies de fonctionnalit\u00e9<\/strong> : pour m\u00e9moriser vos pr\u00e9f\u00e9rence<br \/><strong>&#8211; Cookies de ciblage\/publicit\u00e9<\/strong> : pour afficher des publicit\u00e9s pertinentes via des tiers comme Google ou Meta<\/p><h5>4. Base l\u00e9gale du traitement<\/h5><p>Le d\u00e9p\u00f4t des cookies non essentiels repose sur votre <strong>consentement<\/strong>. Vous pouvez le retirer ou le modifier \u00e0 tout moment.<\/p><h5>5. Consentement &amp; gestion des cookies<\/h5><p>Lors de votre premi\u00e8re visite, une banni\u00e8re vous informe de l\u2019utilisation des cookies. Vous pouvez :<\/p><p>&#8211; Accepter tous les cookies<br \/>&#8211; Refuser tous les cookies non essentiels<br \/>&#8211; Personnaliser vos choix<\/p><p>\u00c0 tout moment, vous pouvez cliquer sur le lien <strong>\u00ab G\u00e9rer mes cookies \u00bb<\/strong> en bas de page pour modifier vos pr\u00e9f\u00e9rences.<\/p><h5>6. Liste des cookies utilis\u00e9s<\/h5><p>Une liste d\u00e9taill\u00e9e des cookies peut \u00eatre consult\u00e9e sur notre page d\u00e9di\u00e9e : Politique de cookies, incluant :<\/p><p><strong>&#8211; Nom du cookie<br \/><\/strong><strong>&#8211; Finalit\u00e9<br \/><\/strong><strong>&#8211; Dur\u00e9e de conservation<br \/><\/strong><strong>&#8211; Fournisseur \/ Tiers<\/strong> (ex. Google Analytics, Facebook Pixel&#8230;)<\/p><h5>7. Transfert hors UE<\/h5><p>Certains cookies sont li\u00e9s \u00e0 des services h\u00e9berg\u00e9s en dehors de l\u2019Union europ\u00e9enne. Nous nous assurons que des garanties ad\u00e9quates sont mises en place (clauses types, d\u00e9cision d\u2019ad\u00e9quation&#8230;)<\/p><h5>8. Vos droits<\/h5><p>Conform\u00e9ment au RGPD, vous disposez des droits suivants :<\/p><p>&#8211; Droit d\u2019acc\u00e8s \u00e0 vos donn\u00e9es<br \/>&#8211; Droit de rectification et de suppression<br \/>&#8211; Droit de limitation ou d\u2019opposition au traitement<br \/>&#8211; Droit de retirer votre consentement \u00e0 tout moment<\/p><p>Vous pouvez \u00e9galement introduire une r\u00e9clamation aupr\u00e8s de la CNIL : <a href=\"https:\/\/www.cnil.fr\" target=\"_blank\" rel=\"noopener\">www.cnil.fr<\/a>.<\/p><h5>9. Contact<\/h5><p>Pour toute question relative aux cookies ou \u00e0 vos donn\u00e9es :<\/p><p><strong>&#8211; Email<\/strong> : <a href=\"mailto:info@bsfinternational.fr\">info@bsfinternational.fr<\/a><br \/><strong>&#8211; T\u00e9l\u00e9phone<\/strong> : <a href=\"tel:+33963653618\">+33 9 63 65 36 18<\/a><br \/><strong style=\"font-size: 16px;\">&#8211; Adresse<\/strong><span style=\"font-size: 16px;\"> : 3D Rue de Paris, 35510 Cesson-S\u00e9vign\u00e9, France<\/span><\/p>\t\t\t\t\t\t\t\t<\/div>\n\t\t\t\t<\/div>\n\t\t\t\t\t<\/div>\n\t\t<\/div>\n\t\t\t\t\t<\/div>\n\t\t<\/section>\n\t\t\t\t<section class=\"elementor-section elementor-top-section elementor-element elementor-element-390c878 elementor-section-boxed elementor-section-height-default elementor-section-height-default sc_fly_static\" data-id=\"390c878\" data-element_type=\"section\">\n\t\t\t\t\t\t<div class=\"elementor-container elementor-column-gap-extended\">\n\t\t\t\t\t<div class=\"elementor-column elementor-col-100 elementor-top-column elementor-element elementor-element-6870da7 sc_content_align_inherit sc_layouts_column_icons_position_left sc_fly_static\" data-id=\"6870da7\" data-element_type=\"column\">\n\t\t\t<div class=\"elementor-widget-wrap elementor-element-populated\">\n\t\t\t\t\t\t<div class=\"elementor-element elementor-element-51fece0 sc_height_huge sc_fly_static elementor-widget elementor-widget-spacer\" data-id=\"51fece0\" data-element_type=\"widget\" data-widget_type=\"spacer.default\">\n\t\t\t\t<div class=\"elementor-widget-container\">\n\t\t\t\t\t\t\t<div class=\"elementor-spacer\">\n\t\t\t<div class=\"elementor-spacer-inner\"><\/div>\n\t\t<\/div>\n\t\t\t\t\t\t<\/div>\n\t\t\t\t<\/div>\n\t\t\t\t<div class=\"elementor-element elementor-element-9765575 sc_layouts_hide_on_notebook sc_layouts_hide_on_tablet sc_layouts_hide_on_mobile sc_fly_static elementor-widget elementor-widget-spacer\" data-id=\"9765575\" data-element_type=\"widget\" data-widget_type=\"spacer.default\">\n\t\t\t\t<div class=\"elementor-widget-container\">\n\t\t\t\t\t\t\t<div class=\"elementor-spacer\">\n\t\t\t<div class=\"elementor-spacer-inner\"><\/div>\n\t\t<\/div>\n\t\t\t\t\t\t<\/div>\n\t\t\t\t<\/div>\n\t\t\t\t\t<\/div>\n\t\t<\/div>\n\t\t\t\t\t<\/div>\n\t\t<\/section>\n\t\t\t\t<\/div>\n\t\t","protected":false},"excerpt":{"rendered":"<p>Politique d&rsquo;utilisation des cookies Date de la derni\u00e8re mise \u00e0 jour : Lun. 14 janvier 2025 Chez BSF International, nous accordons une grande importance \u00e0 la confidentialit\u00e9 et au respect&hellip;<\/p>\n","protected":false},"author":12,"featured_media":18949,"parent":0,"menu_order":0,"comment_status":"closed","ping_status":"closed","template":"","meta":{"footnotes":""},"class_list":["post-17995","page","type-page","status-publish","has-post-thumbnail","hentry"],"_links":{"self":[{"href":"https:\/\/www.bsfinternationalgroup.com\/fr\/wp-json\/wp\/v2\/pages\/17995","targetHints":{"allow":["GET"]}}],"collection":[{"href":"https:\/\/www.bsfinternationalgroup.com\/fr\/wp-json\/wp\/v2\/pages"}],"about":[{"href":"https:\/\/www.bsfinternationalgroup.com\/fr\/wp-json\/wp\/v2\/types\/page"}],"author":[{"embeddable":true,"href":"https:\/\/www.bsfinternationalgroup.com\/fr\/wp-json\/wp\/v2\/users\/12"}],"replies":[{"embeddable":true,"href":"https:\/\/www.bsfinternationalgroup.com\/fr\/wp-json\/wp\/v2\/comments?post=17995"}],"version-history":[{"count":23,"href":"https:\/\/www.bsfinternationalgroup.com\/fr\/wp-json\/wp\/v2\/pages\/17995\/revisions"}],"predecessor-version":[{"id":21269,"href":"https:\/\/www.bsfinternationalgroup.com\/fr\/wp-json\/wp\/v2\/pages\/17995\/revisions\/21269"}],"wp:featuredmedia":[{"embeddable":true,"href":"https:\/\/www.bsfinternationalgroup.com\/fr\/wp-json\/wp\/v2\/media\/18949"}],"wp:attachment":[{"href":"https:\/\/www.bsfinternationalgroup.com\/fr\/wp-json\/wp\/v2\/media?parent=17995"}],"curies":[{"name":"wp","href":"https:\/\/api.w.org\/{rel}","templated":true}]}}